{"id":1004300,"date":"2025-02-10T12:55:11","date_gmt":"2025-02-10T11:55:11","guid":{"rendered":"https:\/\/www.claret.cat\/llibre\/los-juegos-del-hambre-1-los-juegos-del-hambre-edicion-especial-9788427248465\/"},"modified":"2025-04-24T17:45:21","modified_gmt":"2025-04-24T15:45:21","slug":"los-juegos-del-hambre-1-los-juegos-del-hambre-edicion-especial-9788427248465","status":"publish","type":"product","link":"https:\/\/www.claret.cat\/es\/libro\/los-juegos-del-hambre-1-los-juegos-del-hambre-edicion-especial-9788427248465\/","title":{"rendered":"LOS JUEGOS DEL HAMBRE 1 &#8211; LOS JUEGOS DEL HAMBRE (EDICI\u00d3N ESPECIAL)"},"content":{"rendered":"<p>Redescubre la historia de Katniss Everdeen en esta cuidad\u00edsima edici\u00f3n especial, en tapa dura y con cantos tintados. El mundo est\u00e1 observando. Ganar significa fama y riqueza. Perder significa una muerte segura. \u00a1Que empiecen los septuag\u00e9simo cuartos juegos del hambre! En una oscura versi\u00f3n del futuro pr\u00f3ximo, doce chicos y doce chicas se ven obligados a participar en un reality show llamado Los Juegos del Hambre. Solo hay una regla: matar o morir. Cuando Katniss Everdeen, una joven de diecis\u00e9is a\u00f1os, se presenta voluntaria para ocupar el lugar de su hermana en los juegos, lo entiende como una condena a muerte. Sin embargo, Katniss ya ha visto la muerte de cerca y la supervivencia forma parte de su naturaleza.Rese\u00f1as:<br \/>\u00abNo pude parar de leer&#8230; Este libro es adictivo\u00bb.<br \/>Stephen King \u00abLos Juegos del Hambre es incre\u00edble\u00bb.<br \/>Stephenie Meyer<\/p>\n","protected":false},"excerpt":{"rendered":"<p>COLLINS, SUZANNE<\/p>\n","protected":false},"featured_media":1004301,"template":"","meta":{"_acf_changed":false,"om_disable_all_campaigns":false,"rs_blank_template":"","rs_page_bg_color":"","slide_template_v7":"","inline_featured_image":false,"_monsterinsights_skip_tracking":false,"_monsterinsights_sitenote_active":false,"_monsterinsights_sitenote_note":"","_monsterinsights_sitenote_category":0},"product_brand":[],"product_cat":[133,566,117,363],"product_tag":[],"class_list":{"0":"post-1004300","1":"product","2":"type-product","3":"status-publish","4":"has-post-thumbnail","6":"product_cat-lectures-per-adolescents-12-18-anys","7":"product_cat-juvenil-3_infantil-juvenil-spa-spa","8":"product_cat-juvenil","9":"product_cat-lecturas-por-adolescentes-12-18-anos","11":"first","12":"instock","13":"taxable","14":"shipping-taxable","15":"purchasable","16":"product-type-simple"},"acf":{"autor":"COLLINS, SUZANNE","codart":"842724846","libros-coleccion":"","ediciones":"1","encuadernacion":"Carton\u00e9","fecha_de_publicacion":"01\/02\/2025","novedad":"1","paginas":"395","subtitulo":"","orden":"0","portada":"0","idioma":"spa","editorial":[{"ID":6346,"post_author":"3","post_date":"2022-07-28 17:50:13","post_date_gmt":"2022-07-28 15:50:13","post_content":"","post_title":"RBA Molino","post_excerpt":"","post_status":"publish","comment_status":"closed","ping_status":"closed","post_password":"","post_name":"rba-molino","to_ping":"","pinged":"","post_modified":"2022-07-28 17:50:13","post_modified_gmt":"2022-07-28 15:50:13","post_content_filtered":"","post_parent":0,"guid":"http:\/\/dev.claret.cat\/editorial\/rba-molino\/","menu_order":0,"post_type":"editorial","post_mime_type":"","comment_count":"0","filter":"raw"}],"booktrailer":"","resenas":""},"aioseo_notices":[],"_links":{"self":[{"href":"https:\/\/www.claret.cat\/es\/wp-json\/wp\/v2\/product\/1004300","targetHints":{"allow":["GET"]}}],"collection":[{"href":"https:\/\/www.claret.cat\/es\/wp-json\/wp\/v2\/product"}],"about":[{"href":"https:\/\/www.claret.cat\/es\/wp-json\/wp\/v2\/types\/product"}],"wp:featuredmedia":[{"embeddable":true,"href":"https:\/\/www.claret.cat\/es\/wp-json\/wp\/v2\/media\/1004301"}],"wp:attachment":[{"href":"https:\/\/www.claret.cat\/es\/wp-json\/wp\/v2\/media?parent=1004300"}],"wp:term":[{"taxonomy":"product_brand","embeddable":true,"href":"https:\/\/www.claret.cat\/es\/wp-json\/wp\/v2\/product_brand?post=1004300"},{"taxonomy":"product_cat","embeddable":true,"href":"https:\/\/www.claret.cat\/es\/wp-json\/wp\/v2\/product_cat?post=1004300"},{"taxonomy":"product_tag","embeddable":true,"href":"https:\/\/www.claret.cat\/es\/wp-json\/wp\/v2\/product_tag?post=1004300"}],"curies":[{"name":"wp","href":"https:\/\/api.w.org\/{rel}","templated":true}]}}