{"id":1004377,"date":"2025-02-10T13:35:12","date_gmt":"2025-02-10T12:35:12","guid":{"rendered":"https:\/\/www.claret.cat\/llibre\/magicornia-1-la-bruixola-magica-9788410298095\/"},"modified":"2026-04-24T11:41:55","modified_gmt":"2026-04-24T09:41:55","slug":"magicornia-1-la-bruixola-magica-9788410298095","status":"publish","type":"product","link":"https:\/\/www.claret.cat\/es\/libro\/magicornia-1-la-bruixola-magica-9788410298095\/","title":{"rendered":"MAGIC\u00d2RNIA 1 &#8211; LA BR\u00daIXOLA M\u00c0GICA"},"content":{"rendered":"<p>Benvinguts a MAGIC\u00d2RNIA, el Basar de les Coses Sorprenents!  Acompanya en Lluc, el cos\u00ed de la Cl\u00e0udia, en les seves aventures plenes de m\u00e0gia per Unic\u00f2rnia! Em dic Lluc, soc el cos\u00ed de la Cl\u00e0udia i acabo de mudar-me a Unic\u00f2rnia! Aqu\u00ed, la meva mare ha obert una botiga: Magic\u00f2rnia, el Basar de les Coses Sorprenents, i avui n&#8217;\u00e9s la gran inauguraci\u00f3! S&#8217;est\u00e0 omplint de visitants curiosos, i alguns companys de classe tamb\u00e9 han vingut. Els ensenyar\u00e9 la sala secreta plena d&#8217;objectes especials, per\u00f2&#8230; Oh, no! Alguns objectes han desaparegut davant dels nostres nassos. On s&#8217;han ficat? I el m\u00e9s important&#8230; Podr\u00e9 trobar-los sense que la meva mare se n&#8217;assabenti? Descobreix l&#8217;spin-off d&#8217;Unic\u00f2rnia, la s\u00e8rie de primeres lectures d&#8217;\u00e8xit! Escola, amistat, m\u00e0gia i unicorns a la s\u00e8rie de primeres lectures del moment: -Divertides il\u00b7lustracions que acompanyen la hist\u00f2ria a cada p\u00e0gina. -Text senzill i entretingut, f\u00e0cil de llegir i d&#8217;entendre. -Amb acabat especials a la coberta. -Per als joves lectors a qui els agradi la m\u00e0gia. -De l&#8217;autora bestseller Ana Punset, que tamb\u00e9 vol ser una aprenent de maga!.<\/p>\n","protected":false},"excerpt":{"rendered":"<p>PUNSET, ANA<\/p>\n","protected":false},"featured_media":1004400,"template":"","meta":{"_acf_changed":false,"om_disable_all_campaigns":false,"rs_blank_template":"","rs_page_bg_color":"","slide_template_v7":"","inline_featured_image":false,"_monsterinsights_skip_tracking":false,"_monsterinsights_sitenote_active":false,"_monsterinsights_sitenote_note":"","_monsterinsights_sitenote_category":0},"product_brand":[],"product_cat":[132,362],"product_tag":[],"class_list":{"0":"post-1004377","1":"product","2":"type-product","3":"status-publish","4":"has-post-thumbnail","6":"product_cat-lectures-per-preadolescents-6-12-anys","7":"product_cat-libros-preadolescentes-6-12-anos","9":"first","10":"instock","11":"taxable","12":"shipping-taxable","13":"purchasable","14":"product-type-simple"},"acf":{"autor":"PUNSET, ANA","codart":"841029809","libros-coleccion":"","ediciones":"1","encuadernacion":"R\u00fastica","fecha_de_publicacion":"01\/02\/2025","novedad":"1","paginas":"128","subtitulo":"","orden":"0","portada":"0","idioma":"cat","editorial":[{"ID":6310,"post_author":"3","post_date":"2022-07-28 17:49:26","post_date_gmt":"2022-07-28 15:49:26","post_content":"","post_title":"MONTENA","post_excerpt":"","post_status":"publish","comment_status":"closed","ping_status":"closed","post_password":"","post_name":"montena","to_ping":"","pinged":"","post_modified":"2022-07-28 17:49:26","post_modified_gmt":"2022-07-28 15:49:26","post_content_filtered":"","post_parent":0,"guid":"http:\/\/dev.claret.cat\/editorial\/montena\/","menu_order":0,"post_type":"editorial","post_mime_type":"","comment_count":"0","filter":"raw"}],"booktrailer":"","resenas":""},"aioseo_notices":[],"_links":{"self":[{"href":"https:\/\/www.claret.cat\/es\/wp-json\/wp\/v2\/product\/1004377","targetHints":{"allow":["GET"]}}],"collection":[{"href":"https:\/\/www.claret.cat\/es\/wp-json\/wp\/v2\/product"}],"about":[{"href":"https:\/\/www.claret.cat\/es\/wp-json\/wp\/v2\/types\/product"}],"wp:featuredmedia":[{"embeddable":true,"href":"https:\/\/www.claret.cat\/es\/wp-json\/wp\/v2\/media\/1004400"}],"wp:attachment":[{"href":"https:\/\/www.claret.cat\/es\/wp-json\/wp\/v2\/media?parent=1004377"}],"wp:term":[{"taxonomy":"product_brand","embeddable":true,"href":"https:\/\/www.claret.cat\/es\/wp-json\/wp\/v2\/product_brand?post=1004377"},{"taxonomy":"product_cat","embeddable":true,"href":"https:\/\/www.claret.cat\/es\/wp-json\/wp\/v2\/product_cat?post=1004377"},{"taxonomy":"product_tag","embeddable":true,"href":"https:\/\/www.claret.cat\/es\/wp-json\/wp\/v2\/product_tag?post=1004377"}],"curies":[{"name":"wp","href":"https:\/\/api.w.org\/{rel}","templated":true}]}}