{"id":1004417,"date":"2025-02-10T18:25:18","date_gmt":"2025-02-10T17:25:18","guid":{"rendered":"https:\/\/www.claret.cat\/llibre\/la-belleza-en-la-palabra-9788413392226\/"},"modified":"2025-02-27T12:45:24","modified_gmt":"2025-02-27T11:45:24","slug":"la-belleza-en-la-palabra-9788413392226","status":"publish","type":"product","link":"https:\/\/www.claret.cat\/es\/libro\/la-belleza-en-la-palabra-9788413392226\/","title":{"rendered":"LA BELLEZA EN LA PALABRA"},"content":{"rendered":"<p>La Belleza en la Palabra es una contribuci\u00f3n \u00fanica para devolver la realidad al centro del aprendizaje. A los interrogantes \u00bfqu\u00e9 es una buena educaci\u00f3n? o \u00bfpara qu\u00e9 sirve?, Stratford Caldecott ensaya una respuesta arrojando una nueva luz sobre las tres artes del lenguaje. En esta maravillosa reformulaci\u00f3n del Trivium se exploran la gram\u00e1tica, la dial\u00e9ctica y la ret\u00f3rica en correspondencia con los actos de recordar, pensar y comunicar. Estos son los pasos fundamentales que todo estudiante (y todo aquel interesado) debe dar hacia la conversi\u00f3n del coraz\u00f3n y la mente, de modo que se pueda vivir en plenitud la b\u00fasqueda de la Verdad, el Bien y la Belleza. Si le preocupa el verdadero significado de la educaci\u00f3n, este es el lugar por donde empezar.<br \/> \u00abEn este libro perspicaz, Stratford Caldecott ha presentado una manera de entender la educaci\u00f3n en un sentido que incluye la filosof\u00eda, la teolog\u00eda, las artes, la literatura, los estudios de la belleza y la verdad y lo que es bueno. Un libro poco com\u00fan que entiende la unidad del conocimiento y lo que queremos saber\u00bb.<br \/> James V. Schall, S.J., Universidad de Georgetown<\/p>\n","protected":false},"excerpt":{"rendered":"<p>CALDECOTT, STRATFORD<\/p>\n","protected":false},"featured_media":1008144,"template":"","meta":{"_acf_changed":false,"om_disable_all_campaigns":false,"rs_blank_template":"","rs_page_bg_color":"","slide_template_v7":"","inline_featured_image":false,"_monsterinsights_skip_tracking":false,"_monsterinsights_sitenote_active":false,"_monsterinsights_sitenote_note":"","_monsterinsights_sitenote_category":0},"product_brand":[],"product_cat":[227,389],"product_tag":[],"class_list":{"0":"post-1004417","1":"product","2":"type-product","3":"status-publish","4":"has-post-thumbnail","6":"product_cat-formacio","7":"product_cat-formacion","9":"first","10":"instock","11":"taxable","12":"shipping-taxable","13":"purchasable","14":"product-type-simple"},"acf":{"autor":"CALDECOTT, STRATFORD","codart":"841339222","libros-coleccion":"100XUNO","ediciones":"1","encuadernacion":"R\u00fastica","fecha_de_publicacion":"01\/02\/2025","novedad":"1","paginas":"190","subtitulo":"REPENSAR LAS BASES DE LA EDUCACI\u00d3N","orden":"0","portada":"0","idioma":"spa","editorial":[{"ID":6201,"post_author":"3","post_date":"2022-07-28 17:47:01","post_date_gmt":"2022-07-28 15:47:01","post_content":"","post_title":"Ediciones Encuentro","post_excerpt":"","post_status":"publish","comment_status":"closed","ping_status":"closed","post_password":"","post_name":"ediciones-encuentro","to_ping":"","pinged":"","post_modified":"2022-07-28 17:47:01","post_modified_gmt":"2022-07-28 15:47:01","post_content_filtered":"","post_parent":0,"guid":"http:\/\/dev.claret.cat\/editorial\/ediciones-encuentro\/","menu_order":0,"post_type":"editorial","post_mime_type":"","comment_count":"0","filter":"raw"}]},"aioseo_notices":[],"_links":{"self":[{"href":"https:\/\/www.claret.cat\/es\/wp-json\/wp\/v2\/product\/1004417","targetHints":{"allow":["GET"]}}],"collection":[{"href":"https:\/\/www.claret.cat\/es\/wp-json\/wp\/v2\/product"}],"about":[{"href":"https:\/\/www.claret.cat\/es\/wp-json\/wp\/v2\/types\/product"}],"wp:featuredmedia":[{"embeddable":true,"href":"https:\/\/www.claret.cat\/es\/wp-json\/wp\/v2\/media\/1008144"}],"wp:attachment":[{"href":"https:\/\/www.claret.cat\/es\/wp-json\/wp\/v2\/media?parent=1004417"}],"wp:term":[{"taxonomy":"product_brand","embeddable":true,"href":"https:\/\/www.claret.cat\/es\/wp-json\/wp\/v2\/product_brand?post=1004417"},{"taxonomy":"product_cat","embeddable":true,"href":"https:\/\/www.claret.cat\/es\/wp-json\/wp\/v2\/product_cat?post=1004417"},{"taxonomy":"product_tag","embeddable":true,"href":"https:\/\/www.claret.cat\/es\/wp-json\/wp\/v2\/product_tag?post=1004417"}],"curies":[{"name":"wp","href":"https:\/\/api.w.org\/{rel}","templated":true}]}}