{"id":1004424,"date":"2025-02-10T19:00:12","date_gmt":"2025-02-10T18:00:12","guid":{"rendered":"https:\/\/www.claret.cat\/llibre\/el-libro-de-henoch-9788491113492\/"},"modified":"2025-09-09T18:41:12","modified_gmt":"2025-09-09T16:41:12","slug":"el-libro-de-henoch-9788491113492","status":"publish","type":"product","link":"https:\/\/www.claret.cat\/es\/libro\/el-libro-de-henoch-9788491113492\/","title":{"rendered":"EL LIBRO DE HENOCH"},"content":{"rendered":"<p>Obra prof\u00e9tica, cosmog\u00f3nica y escatol\u00f3gica, El libro de Henoch es uno de los ap\u00f3crifos m\u00e1s fascinantes que la antig\u00fcedad nos ha legado. Se trata de uno de esos textos de los que todos hablan, pero que casi nadie ha le\u00eddo. Una de las obras que ha despertado m\u00e1s inter\u00e9s entre los estudiosos del simbolismo y el esoterismo. El misterio de Se\u00f3l, guarida de las almas de los fallecidos, los gigantes y su relaci\u00f3n con las hijas de los hombres, la ca\u00edda de los \u00e1ngeles, as\u00ed como gran cantidad temas que el texto b\u00edblico can\u00f3nico toca \u00fanicamente de pasada, aparecen tratados en este libro con un rigor y una claridad casi escandalosas.<\/p>\n","protected":false},"excerpt":{"rendered":"<p>AN\u00d3NIMO<\/p>\n","protected":false},"featured_media":1004425,"template":"","meta":{"_acf_changed":false,"om_disable_all_campaigns":false,"rs_blank_template":"","rs_page_bg_color":"","slide_template_v7":"","inline_featured_image":false,"_monsterinsights_skip_tracking":false,"_monsterinsights_sitenote_active":false,"_monsterinsights_sitenote_note":"","_monsterinsights_sitenote_category":0},"product_brand":[],"product_cat":[345,79],"product_tag":[],"class_list":{"0":"post-1004424","1":"product","2":"type-product","3":"status-publish","4":"has-post-thumbnail","6":"product_cat-espiritualidad","7":"product_cat-espiritualitat","9":"first","10":"instock","11":"taxable","12":"shipping-taxable","13":"purchasable","14":"product-type-simple"},"acf":{"autor":"AN\u00d3NIMO","codart":"849111349","libros-coleccion":"TEXTOS TRADICIONALES","ediciones":"1","encuadernacion":"R\u00fastica","fecha_de_publicacion":"01\/06\/2018","novedad":"0","paginas":"176","subtitulo":"","orden":"0","portada":"0","idioma":"spa","editorial":[{"ID":6318,"post_author":"3","post_date":"2022-07-28 17:49:37","post_date_gmt":"2022-07-28 15:49:37","post_content":"","post_title":"OBELISCO","post_excerpt":"","post_status":"publish","comment_status":"closed","ping_status":"closed","post_password":"","post_name":"obelisco","to_ping":"","pinged":"","post_modified":"2022-07-28 17:49:37","post_modified_gmt":"2022-07-28 15:49:37","post_content_filtered":"","post_parent":0,"guid":"http:\/\/dev.claret.cat\/editorial\/obelisco\/","menu_order":0,"post_type":"editorial","post_mime_type":"","comment_count":"0","filter":"raw"}],"autores-libros":[{"ID":171225,"post_author":"3","post_date":"2022-10-14 22:41:41","post_date_gmt":"2022-10-14 20:41:41","post_content":"","post_title":"WALTER MOSLEY","post_excerpt":"","post_status":"publish","comment_status":"closed","ping_status":"closed","post_password":"","post_name":"walter-mosley","to_ping":"","pinged":"","post_modified":"2022-10-14 22:41:41","post_modified_gmt":"2022-10-14 20:41:41","post_content_filtered":"","post_parent":0,"guid":"http:\/\/dev.claret.cat\/autor\/walter-mosley\/","menu_order":0,"post_type":"autor","post_mime_type":"","comment_count":"0","filter":"raw"}],"booktrailer":"","resenas":""},"aioseo_notices":[],"_links":{"self":[{"href":"https:\/\/www.claret.cat\/es\/wp-json\/wp\/v2\/product\/1004424","targetHints":{"allow":["GET"]}}],"collection":[{"href":"https:\/\/www.claret.cat\/es\/wp-json\/wp\/v2\/product"}],"about":[{"href":"https:\/\/www.claret.cat\/es\/wp-json\/wp\/v2\/types\/product"}],"wp:featuredmedia":[{"embeddable":true,"href":"https:\/\/www.claret.cat\/es\/wp-json\/wp\/v2\/media\/1004425"}],"wp:attachment":[{"href":"https:\/\/www.claret.cat\/es\/wp-json\/wp\/v2\/media?parent=1004424"}],"wp:term":[{"taxonomy":"product_brand","embeddable":true,"href":"https:\/\/www.claret.cat\/es\/wp-json\/wp\/v2\/product_brand?post=1004424"},{"taxonomy":"product_cat","embeddable":true,"href":"https:\/\/www.claret.cat\/es\/wp-json\/wp\/v2\/product_cat?post=1004424"},{"taxonomy":"product_tag","embeddable":true,"href":"https:\/\/www.claret.cat\/es\/wp-json\/wp\/v2\/product_tag?post=1004424"}],"curies":[{"name":"wp","href":"https:\/\/api.w.org\/{rel}","templated":true}]}}