{"id":1004509,"date":"2025-02-11T12:16:28","date_gmt":"2025-02-11T11:16:28","guid":{"rendered":"https:\/\/www.claret.cat\/llibre\/devocio-9788410317734\/"},"modified":"2025-10-31T12:15:26","modified_gmt":"2025-10-31T11:15:26","slug":"devocio-9788410317734","status":"publish","type":"product","link":"https:\/\/www.claret.cat\/es\/libro\/devocio-9788410317734\/","title":{"rendered":"DEVOCI\u00d3"},"content":{"rendered":"<p>En el m\u00f3n de l\u2019<strong>esperit no hi ha fronteres<\/strong>. Un <strong>m\u00edstic contemporani<\/strong> pot sentir-se germanat amb un m\u00edstic de qualsevol \u00e8poca i tradici\u00f3. Aquesta \u00e9s la revelaci\u00f3 central de <strong>Devoci\u00f3<\/strong>, on Pablo d\u2019Ors ofereix la seva versi\u00f3 d\u2019<strong>El pelegr\u00ed rus<\/strong>, un cl\u00e0ssic del <strong>cristianisme ortodox<\/strong> i de la <strong>literatura devocional<\/strong>.<\/p>\n<p>A trav\u00e9s del seu estudi profund, l\u2019autor extreu valuoses <strong>ensenyances per a l\u2019autoconeixement<\/strong>, arribant a afirmar: <em>&#8216;M\u2019hauria agradat trobar aquest llibre quan jo tenia vint anys\u201d<\/em>. Amb una traject\u00f2ria consolidada i una gran acollida dels seus darrers t\u00edtols, aquesta nova obra neix amb la clara vocaci\u00f3 de <strong>transformar definitivament els seus lectors<\/strong>.<\/p>\n<p>Descobreix un llibre que convida a la reflexi\u00f3, la contemplaci\u00f3 i el creixement espiritual.<\/p>\n","protected":false},"excerpt":{"rendered":"<p>D&#8221;ORS, PABLO<\/p>\n","protected":false},"featured_media":1005281,"template":"","meta":{"_acf_changed":false,"om_disable_all_campaigns":false,"rs_blank_template":"","rs_page_bg_color":"","slide_template_v7":"","inline_featured_image":false,"_monsterinsights_skip_tracking":false,"_monsterinsights_sitenote_active":false,"_monsterinsights_sitenote_note":"","_monsterinsights_sitenote_category":0},"product_brand":[],"product_cat":[485,232,307],"product_tag":[],"class_list":{"0":"post-1004509","1":"product","2":"type-product","3":"status-publish","4":"has-post-thumbnail","6":"product_cat-autores-espiritualidad-1_espiritualidad","7":"product_cat-autors-espiritualitat","8":"product_cat-catala","10":"first","11":"instock","12":"taxable","13":"shipping-taxable","14":"purchasable","15":"product-type-simple"},"acf":{"autor":"D''ORS, PABLO","codart":"841031773","libros-coleccion":"Llibres en catal\u00e0","ediciones":"1","encuadernacion":"R\u00fastica","fecha_de_publicacion":"01\/02\/2025","novedad":"1","paginas":"232","subtitulo":"","orden":"7","portada":"1","idioma":"cat","editorial":[{"ID":6260,"post_author":"3","post_date":"2022-07-28 17:48:23","post_date_gmt":"2022-07-28 15:48:23","post_content":"","post_title":"Galaxia Gutenberg","post_excerpt":"","post_status":"publish","comment_status":"closed","ping_status":"closed","post_password":"","post_name":"galaxia-gutenberg","to_ping":"","pinged":"","post_modified":"2022-07-28 17:48:23","post_modified_gmt":"2022-07-28 15:48:23","post_content_filtered":"","post_parent":0,"guid":"http:\/\/dev.claret.cat\/editorial\/galaxia-gutenberg\/","menu_order":0,"post_type":"editorial","post_mime_type":"","comment_count":"0","filter":"raw"}],"booktrailer":"","linkebook":"","ficha":"","muestra":"","precioebook":"0","presentacion":"","resenas":""},"aioseo_notices":[],"_links":{"self":[{"href":"https:\/\/www.claret.cat\/es\/wp-json\/wp\/v2\/product\/1004509","targetHints":{"allow":["GET"]}}],"collection":[{"href":"https:\/\/www.claret.cat\/es\/wp-json\/wp\/v2\/product"}],"about":[{"href":"https:\/\/www.claret.cat\/es\/wp-json\/wp\/v2\/types\/product"}],"wp:featuredmedia":[{"embeddable":true,"href":"https:\/\/www.claret.cat\/es\/wp-json\/wp\/v2\/media\/1005281"}],"wp:attachment":[{"href":"https:\/\/www.claret.cat\/es\/wp-json\/wp\/v2\/media?parent=1004509"}],"wp:term":[{"taxonomy":"product_brand","embeddable":true,"href":"https:\/\/www.claret.cat\/es\/wp-json\/wp\/v2\/product_brand?post=1004509"},{"taxonomy":"product_cat","embeddable":true,"href":"https:\/\/www.claret.cat\/es\/wp-json\/wp\/v2\/product_cat?post=1004509"},{"taxonomy":"product_tag","embeddable":true,"href":"https:\/\/www.claret.cat\/es\/wp-json\/wp\/v2\/product_tag?post=1004509"}],"curies":[{"name":"wp","href":"https:\/\/api.w.org\/{rel}","templated":true}]}}