{"id":100459,"date":"2022-10-12T07:53:31","date_gmt":"2022-10-12T05:53:31","guid":{"rendered":"http:\/\/dev.claret.cat\/producte\/la-botiga-de-vides\/"},"modified":"2025-04-02T18:50:06","modified_gmt":"2025-04-02T16:50:06","slug":"la-botiga-de-vides-9788417599942","status":"publish","type":"product","link":"https:\/\/www.claret.cat\/es\/libro\/la-botiga-de-vides-9788417599942\/","title":{"rendered":"LA BOTIGA DE VIDES"},"content":{"rendered":"<p>La J\u00falia \u00e9s una friqui: esquifida i maldestra, porta ferros, unes ulleres grosses i rodones i un rellotge del Doraemon. I per acabar-ho d&#8221;adobar, els c\u00f2mics i els llibres s\u00f3n els seus \u00fanics amics. No arribar\u00e0 mai a ser com la Clara, que t\u00e9 fama, carisma i diners i cau b\u00e9 a tota la classe. Un dia, de cam\u00ed cap a casa, un desconegut li dona un fullet en qu\u00e8 s&#8221;anuncia una botiga de vides. S\u00ed, all\u00e0 et pots comprar una vida nova. A canvi, per\u00f2, la teva passa a estar en venda&#8230;<\/p>\n","protected":false},"excerpt":{"rendered":"<p>AGUACIL PORTILLO, ADRI\u00c0<\/p>\n","protected":false},"featured_media":318025,"template":"","meta":{"_acf_changed":false,"om_disable_all_campaigns":false,"rs_blank_template":"","rs_page_bg_color":"","slide_template_v7":"","inline_featured_image":false,"_monsterinsights_skip_tracking":false,"_monsterinsights_sitenote_active":false,"_monsterinsights_sitenote_note":"","_monsterinsights_sitenote_category":0},"product_brand":[],"product_cat":[133,363],"product_tag":[],"class_list":{"0":"post-100459","1":"product","2":"type-product","3":"status-publish","4":"has-post-thumbnail","6":"product_cat-lectures-per-adolescents-12-18-anys","7":"product_cat-lecturas-por-adolescentes-12-18-anos","9":"first","10":"instock","11":"taxable","12":"shipping-taxable","13":"purchasable","14":"product-type-simple"},"acf":{"editorial":[{"ID":6123,"post_author":"3","post_date":"2022-07-28 17:45:23","post_date_gmt":"2022-07-28 15:45:23","post_content":"","post_title":"ANIMALLIBRES","post_excerpt":"","post_status":"publish","comment_status":"closed","ping_status":"closed","post_password":"","post_name":"animallibres","to_ping":"","pinged":"","post_modified":"2022-07-28 17:45:23","post_modified_gmt":"2022-07-28 15:45:23","post_content_filtered":"","post_parent":0,"guid":"http:\/\/dev.claret.cat\/editorial\/animallibres\/","menu_order":0,"post_type":"editorial","post_mime_type":"","comment_count":"0","filter":"raw"}],"autor":"AGUACIL PORTILLO, ADRI\u00c0","codart":"841759994","libros-coleccion":"FORA DE COL.LECCI\u00d3","ediciones":"1","encuadernacion":"Carpeta","fecha_de_publicacion":"01\/10\/2020","novedad":"1","paginas":"152","subtitulo":"","orden":"0","portada":"0","idioma":"cat","autores-libros":[{"ID":149165,"post_author":"3","post_date":"2022-10-14 14:22:40","post_date_gmt":"2022-10-14 12:22:40","post_content":"","post_title":"ADRI\u00c0 AGUACIL PORTILLO","post_excerpt":"","post_status":"publish","comment_status":"closed","ping_status":"closed","post_password":"","post_name":"adria-aguacil-portillo","to_ping":"","pinged":"","post_modified":"2022-10-14 14:22:40","post_modified_gmt":"2022-10-14 12:22:40","post_content_filtered":"","post_parent":0,"guid":"http:\/\/dev.claret.cat\/autor\/adria-aguacil-portillo\/","menu_order":0,"post_type":"autor","post_mime_type":"","comment_count":"0","filter":"raw"}]},"aioseo_notices":[],"_links":{"self":[{"href":"https:\/\/www.claret.cat\/es\/wp-json\/wp\/v2\/product\/100459","targetHints":{"allow":["GET"]}}],"collection":[{"href":"https:\/\/www.claret.cat\/es\/wp-json\/wp\/v2\/product"}],"about":[{"href":"https:\/\/www.claret.cat\/es\/wp-json\/wp\/v2\/types\/product"}],"wp:featuredmedia":[{"embeddable":true,"href":"https:\/\/www.claret.cat\/es\/wp-json\/wp\/v2\/media\/318025"}],"wp:attachment":[{"href":"https:\/\/www.claret.cat\/es\/wp-json\/wp\/v2\/media?parent=100459"}],"wp:term":[{"taxonomy":"product_brand","embeddable":true,"href":"https:\/\/www.claret.cat\/es\/wp-json\/wp\/v2\/product_brand?post=100459"},{"taxonomy":"product_cat","embeddable":true,"href":"https:\/\/www.claret.cat\/es\/wp-json\/wp\/v2\/product_cat?post=100459"},{"taxonomy":"product_tag","embeddable":true,"href":"https:\/\/www.claret.cat\/es\/wp-json\/wp\/v2\/product_tag?post=100459"}],"curies":[{"name":"wp","href":"https:\/\/api.w.org\/{rel}","templated":true}]}}