{"id":1004784,"date":"2025-02-12T14:20:35","date_gmt":"2025-02-12T13:20:35","guid":{"rendered":"https:\/\/www.claret.cat\/llibre\/muerte-lucida-9788411213400\/"},"modified":"2026-01-05T11:35:06","modified_gmt":"2026-01-05T10:35:06","slug":"muerte-lucida-9788411213400","status":"publish","type":"product","link":"https:\/\/www.claret.cat\/es\/libro\/muerte-lucida-9788411213400\/","title":{"rendered":"MUERTE L\u00daCIDA"},"content":{"rendered":"<p>De la mano de Sam Parnia, experto internacional en reanimaci\u00f3n y experiencias cercanas a la muerte (ECM), Muerte l\u00facida ofrece una perspectiva revolucionaria sobre lo que nos ocurre al morir, basada en el estudio m\u00e1s extenso jam\u00e1s realizado sobre estas experiencias.<\/p>\n<p>Durante milenios, la humanidad ha buscado respuestas a una pregunta fundamental: \u00bfqu\u00e9 sucede cuando morimos? Sin embargo, las respuestas han sido fragmentarias y a menudo poco fiables. En este libro, el doctor Parnia revela que nuestra consciencia no se extingue en el momento de la muerte. A trav\u00e9s de un an\u00e1lisis riguroso de datos cient\u00edficos, el autor nos gu\u00eda en un viaje \u00edntimo por la experiencia de la muerte, momento en el que revivimos nuestra vida no solo desde nuestra propia perspectiva, sino tambi\u00e9n desde la de aquellos que nos rodearon.<\/p>\n<p>Muerte l\u00facida desaf\u00eda las creencias tradicionales sobre la muerte y presenta la existencia de una experiencia universal y transformadora que va m\u00e1s all\u00e1 de meras alucinaciones o ilusiones. Con una narrativa apasionante, Parnia invita a los lectores a explorar el profundo v\u00ednculo entre la vida y la muerte, y c\u00f3mo podemos aplicar este conocimiento para vivir con m\u00e1s intenci\u00f3n y significado.<\/p>\n","protected":false},"excerpt":{"rendered":"<p>PARNIA, SAM<\/p>\n","protected":false},"featured_media":1012603,"template":"","meta":{"_acf_changed":false,"om_disable_all_campaigns":false,"rs_blank_template":"","rs_page_bg_color":"","slide_template_v7":"","inline_featured_image":false,"_monsterinsights_skip_tracking":false,"_monsterinsights_sitenote_active":false,"_monsterinsights_sitenote_note":"","_monsterinsights_sitenote_category":0},"product_brand":[],"product_cat":[104,554],"product_tag":[],"class_list":{"0":"post-1004784","1":"product","2":"type-product","3":"status-publish","4":"has-post-thumbnail","6":"product_cat-ciencia","7":"product_cat-ciencia-5_otras-spa","9":"first","10":"instock","11":"taxable","12":"shipping-taxable","13":"purchasable","14":"product-type-simple"},"acf":{"autor":"PARNIA, SAM","codart":"841121340","libros-coleccion":"En \u00f3rbita","ediciones":"1","encuadernacion":"R\u00fastica","fecha_de_publicacion":"01\/02\/2025","novedad":"1","paginas":"448","subtitulo":"LA NUEVA CIENCIA DE LA VIDA Y LA MUERTE","orden":"0","portada":"0","idioma":"spa","editorial":[{"ID":147993,"post_author":"3","post_date":"2022-10-14 11:54:48","post_date_gmt":"2022-10-14 09:54:48","post_content":"","post_title":"Editorial Kair\u00f3s SA","post_excerpt":"","post_status":"publish","comment_status":"closed","ping_status":"closed","post_password":"","post_name":"editorial-kairos-sa","to_ping":"","pinged":"","post_modified":"2022-10-14 11:54:48","post_modified_gmt":"2022-10-14 09:54:48","post_content_filtered":"","post_parent":0,"guid":"http:\/\/dev.claret.cat\/editorial\/editorial-kairos-sa\/","menu_order":0,"post_type":"editorial","post_mime_type":"","comment_count":"0","filter":"raw"}],"booktrailer":"","resenas":""},"aioseo_notices":[],"_links":{"self":[{"href":"https:\/\/www.claret.cat\/es\/wp-json\/wp\/v2\/product\/1004784","targetHints":{"allow":["GET"]}}],"collection":[{"href":"https:\/\/www.claret.cat\/es\/wp-json\/wp\/v2\/product"}],"about":[{"href":"https:\/\/www.claret.cat\/es\/wp-json\/wp\/v2\/types\/product"}],"wp:featuredmedia":[{"embeddable":true,"href":"https:\/\/www.claret.cat\/es\/wp-json\/wp\/v2\/media\/1012603"}],"wp:attachment":[{"href":"https:\/\/www.claret.cat\/es\/wp-json\/wp\/v2\/media?parent=1004784"}],"wp:term":[{"taxonomy":"product_brand","embeddable":true,"href":"https:\/\/www.claret.cat\/es\/wp-json\/wp\/v2\/product_brand?post=1004784"},{"taxonomy":"product_cat","embeddable":true,"href":"https:\/\/www.claret.cat\/es\/wp-json\/wp\/v2\/product_cat?post=1004784"},{"taxonomy":"product_tag","embeddable":true,"href":"https:\/\/www.claret.cat\/es\/wp-json\/wp\/v2\/product_tag?post=1004784"}],"curies":[{"name":"wp","href":"https:\/\/api.w.org\/{rel}","templated":true}]}}