{"id":1004816,"date":"2025-02-12T15:40:12","date_gmt":"2025-02-12T14:40:12","guid":{"rendered":"https:\/\/www.claret.cat\/llibre\/no-quiero-ir-al-cole-9788410406520\/"},"modified":"2025-02-12T15:55:27","modified_gmt":"2025-02-12T14:55:27","slug":"no-quiero-ir-al-cole-9788410406520","status":"publish","type":"product","link":"https:\/\/www.claret.cat\/es\/libro\/no-quiero-ir-al-cole-9788410406520\/","title":{"rendered":"NO QUIERO IR AL COLE"},"content":{"rendered":"<p>Jon\u00e1s cree que volver a la guarder\u00eda como su hermana Lena es mucho m\u00e1s divertido que ir al cole, pero pronto se da cuenta de que la guarder\u00eda est\u00e1 llena de beb\u00e9s llenos de mocos que solo lloran y le quitan los juguetes.<br \/> Despu\u00e9s, intenta trabajar como mam\u00e1 y pap\u00e1 porque est\u00e1 convencido de que se lo pasan mejor que \u00e9l, pero resulta que tienen muchas obligaciones y hacen un mont\u00f3n de cosas aburridas&#x2026;<br \/> Al final de un d\u00eda tan ajetreado, Jon\u00e1s est\u00e1 muy cansado. Quiz\u00e1 en el cole no se est\u00e1 tan mal&#x2026;<\/p>\n","protected":false},"excerpt":{"rendered":"<p>GRAUX, AM\u00c9LIE<\/p>\n","protected":false},"featured_media":1004817,"template":"","meta":{"_acf_changed":false,"om_disable_all_campaigns":false,"rs_blank_template":"","rs_page_bg_color":"","slide_template_v7":"","inline_featured_image":false,"_monsterinsights_skip_tracking":false,"_monsterinsights_sitenote_active":false,"_monsterinsights_sitenote_note":"","_monsterinsights_sitenote_category":0},"product_brand":[],"product_cat":[131,361],"product_tag":[],"class_list":{"0":"post-1004816","1":"product","2":"type-product","3":"status-publish","4":"has-post-thumbnail","6":"product_cat-contes-per-infants-0-6-anys","7":"product_cat-cuentos-para-ninos-0-6-anos","9":"first","10":"instock","11":"taxable","12":"shipping-taxable","13":"purchasable","14":"product-type-simple"},"acf":{"autor":"GRAUX, AM\u00c9LIE","codart":"841040652","libros-coleccion":"FORA DE COL.LECCI\u00d3","ediciones":"1","encuadernacion":"Carton\u00e9","fecha_de_publicacion":"01\/02\/2025","novedad":"1","paginas":"32","subtitulo":"","orden":"0","portada":"0","idioma":"spa","editorial":[{"ID":148592,"post_author":"3","post_date":"2022-10-14 11:59:27","post_date_gmt":"2022-10-14 09:59:27","post_content":"","post_title":"NUBEOCHO","post_excerpt":"","post_status":"publish","comment_status":"closed","ping_status":"closed","post_password":"","post_name":"nubeocho","to_ping":"","pinged":"","post_modified":"2022-10-14 11:59:27","post_modified_gmt":"2022-10-14 09:59:27","post_content_filtered":"","post_parent":0,"guid":"http:\/\/dev.claret.cat\/editorial\/nubeocho\/","menu_order":0,"post_type":"editorial","post_mime_type":"","comment_count":"0","filter":"raw"}]},"aioseo_notices":[],"_links":{"self":[{"href":"https:\/\/www.claret.cat\/es\/wp-json\/wp\/v2\/product\/1004816","targetHints":{"allow":["GET"]}}],"collection":[{"href":"https:\/\/www.claret.cat\/es\/wp-json\/wp\/v2\/product"}],"about":[{"href":"https:\/\/www.claret.cat\/es\/wp-json\/wp\/v2\/types\/product"}],"wp:featuredmedia":[{"embeddable":true,"href":"https:\/\/www.claret.cat\/es\/wp-json\/wp\/v2\/media\/1004817"}],"wp:attachment":[{"href":"https:\/\/www.claret.cat\/es\/wp-json\/wp\/v2\/media?parent=1004816"}],"wp:term":[{"taxonomy":"product_brand","embeddable":true,"href":"https:\/\/www.claret.cat\/es\/wp-json\/wp\/v2\/product_brand?post=1004816"},{"taxonomy":"product_cat","embeddable":true,"href":"https:\/\/www.claret.cat\/es\/wp-json\/wp\/v2\/product_cat?post=1004816"},{"taxonomy":"product_tag","embeddable":true,"href":"https:\/\/www.claret.cat\/es\/wp-json\/wp\/v2\/product_tag?post=1004816"}],"curies":[{"name":"wp","href":"https:\/\/api.w.org\/{rel}","templated":true}]}}