{"id":1004969,"date":"2025-02-13T14:20:10","date_gmt":"2025-02-13T13:20:10","guid":{"rendered":"https:\/\/www.claret.cat\/llibre\/detective-butterfly-caso-1-el-pez-desaparecido-9788469644669\/"},"modified":"2025-03-03T11:10:16","modified_gmt":"2025-03-03T10:10:16","slug":"detective-butterfly-caso-1-el-pez-desaparecido-9788469644669","status":"publish","type":"product","link":"https:\/\/www.claret.cat\/es\/libro\/detective-butterfly-caso-1-el-pez-desaparecido-9788469644669\/","title":{"rendered":"DETECTIVE BUTTERFLY, CASO 1. EL PEZ DESAPARECIDO"},"content":{"rendered":"<p>La Detective Butterfly tiene que encontrar a Milo, el pez de su familia, pero su investigaci\u00f3n la llevar\u00e1 a un callej\u00f3n sin salida. \u00bfConseguir\u00e1 resolver este escurridizo caso antes de que sea demasiado tarde? La Detective Butterfly volar\u00e1 sin descanso hasta descubrir la verdad, \u00a1por extra\u00f1a que sea! Este escamoso misterio te har\u00e1 re\u00edr y pensar \u00a1hasta el sorprendente final!\u00a1Un c\u00f3mic superdivertido!- Perfecto para iniciarse en la lectura independiente: poco texto, mucha ilustraci\u00f3n y mucho humor.- Casos sencillos planteados en el entorno cotidiano.- Los lectores se sentir\u00e1n reflejados y motivados a investigar.- Fomenta el aprendizaje de nuevo vocabulario.Humor y misterioLas aventuras de Butterfly son superentretenidas: el mundo est\u00e1 lleno de misterios, pistas falsas y un mont\u00f3n de sospechosos que parecen muy inocentes \u00a1hasta que se demuestre lo contrario! Las carcajadas y los giros de guion est\u00e1n garantizados.C\u00f3micLos c\u00f3mics son muy recomendables para ni\u00f1os que debutan en la lectura, saben leer y est\u00e1n afianzando su habilidad, tienen ciertas dificultades a la hora de leer, son lectores reticentes o disfrutan dibujando. Sin duda, resultan muy gratificantes para los m\u00e1s peque\u00f1os.<\/p>\n","protected":false},"excerpt":{"rendered":"<p>KILPATRICK, KAREN<\/p>\n","protected":false},"featured_media":1004970,"template":"","meta":{"_acf_changed":false,"om_disable_all_campaigns":false,"rs_blank_template":"","rs_page_bg_color":"","slide_template_v7":"","inline_featured_image":false,"_monsterinsights_skip_tracking":false,"_monsterinsights_sitenote_active":false,"_monsterinsights_sitenote_note":"","_monsterinsights_sitenote_category":0},"product_brand":[],"product_cat":[132,362],"product_tag":[],"class_list":{"0":"post-1004969","1":"product","2":"type-product","3":"status-publish","4":"has-post-thumbnail","6":"product_cat-lectures-per-preadolescents-6-12-anys","7":"product_cat-libros-preadolescentes-6-12-anos","9":"first","10":"instock","11":"taxable","12":"shipping-taxable","13":"purchasable","14":"product-type-simple"},"acf":{"autor":"KILPATRICK, KAREN","codart":"846964466","libros-coleccion":"FORA DE COL.LECCI\u00d3","ediciones":"1","encuadernacion":"R\u00fastica","fecha_de_publicacion":"01\/02\/2025","novedad":"1","paginas":"126","subtitulo":"","orden":"0","portada":"0","idioma":"spa","editorial":[{"ID":147936,"post_author":"3","post_date":"2022-10-14 11:54:22","post_date_gmt":"2022-10-14 09:54:22","post_content":"","post_title":"Editorial Bru\u00f1o","post_excerpt":"","post_status":"publish","comment_status":"closed","ping_status":"closed","post_password":"","post_name":"editorial-bruno","to_ping":"","pinged":"","post_modified":"2022-10-14 11:54:22","post_modified_gmt":"2022-10-14 09:54:22","post_content_filtered":"","post_parent":0,"guid":"http:\/\/dev.claret.cat\/editorial\/editorial-bruno\/","menu_order":0,"post_type":"editorial","post_mime_type":"","comment_count":"0","filter":"raw"}]},"aioseo_notices":[],"_links":{"self":[{"href":"https:\/\/www.claret.cat\/es\/wp-json\/wp\/v2\/product\/1004969","targetHints":{"allow":["GET"]}}],"collection":[{"href":"https:\/\/www.claret.cat\/es\/wp-json\/wp\/v2\/product"}],"about":[{"href":"https:\/\/www.claret.cat\/es\/wp-json\/wp\/v2\/types\/product"}],"wp:featuredmedia":[{"embeddable":true,"href":"https:\/\/www.claret.cat\/es\/wp-json\/wp\/v2\/media\/1004970"}],"wp:attachment":[{"href":"https:\/\/www.claret.cat\/es\/wp-json\/wp\/v2\/media?parent=1004969"}],"wp:term":[{"taxonomy":"product_brand","embeddable":true,"href":"https:\/\/www.claret.cat\/es\/wp-json\/wp\/v2\/product_brand?post=1004969"},{"taxonomy":"product_cat","embeddable":true,"href":"https:\/\/www.claret.cat\/es\/wp-json\/wp\/v2\/product_cat?post=1004969"},{"taxonomy":"product_tag","embeddable":true,"href":"https:\/\/www.claret.cat\/es\/wp-json\/wp\/v2\/product_tag?post=1004969"}],"curies":[{"name":"wp","href":"https:\/\/api.w.org\/{rel}","templated":true}]}}