{"id":1005241,"date":"2025-02-14T13:01:26","date_gmt":"2025-02-14T12:01:26","guid":{"rendered":"https:\/\/www.claret.cat\/llibre\/conversa-lliure-i-inacabada-9788482974767\/"},"modified":"2025-02-14T13:01:38","modified_gmt":"2025-02-14T12:01:38","slug":"conversa-lliure-i-inacabada-9788482974767","status":"publish","type":"product","link":"https:\/\/www.claret.cat\/es\/libro\/conversa-lliure-i-inacabada-9788482974767\/","title":{"rendered":"CONVERSA LLIURE I INACABADA"},"content":{"rendered":"<p>Aquest llibre no \u00e9s pas ingenu. Porta una c\u00e0rrega revulsiva molt forta. Tot ell traspua una base doctrinal i documental, perqu\u00e8 tot el que s&#8217;hi diu es referma amb textos de te\u00f2legs.<br \/>Un llibre que \u00e9s un neguit, per\u00f2 un neguit per l&#8217;esperan\u00e7a, un neguit esperan\u00e7ador envers una Esgl\u00e9sia, una Esgl\u00e9sia que sense nosaltres, els creients, no t\u00e9 sentit.\u00abL&#8217;autora d&#8217;aquest llibre no \u00e9s cap \u00abespecialista\u00bb. \u00c9s una dona normal i corrent, com la majoria dels creients. (&#8230;) Tanmateix, el llibre que ofereix M. Rosa Recasens no \u00e9s de cap manera un llibre ingenu. Porta una c\u00e0rrega revulsiva molt forta. No \u00e9s nom\u00e9s l&#8217;expansi\u00f3 cordial d&#8217;una creient. Hi ha una bona base doctrinal i documental. Tot el que s&#8217;hi diu es referma sempre amb textos de te\u00f2legs i pensadors solvents i coneguts, amb prefer\u00e8ncia pels de casa nostra. Textos que moltes vegades s\u00f3n el referent de les converses i de les noves vies que s&#8217;hi proposen. Perqu\u00e8 el di\u00e0leg va a fons. Defuig la teoritzaci\u00f3 per endinsar-se en la valoraci\u00f3 de les mancances i incoher\u00e8ncies de l&#8217;Esgl\u00e9sia, a la vegada que obre camins per trobar la concordan\u00e7a entre les conviccions i la seva expressi\u00f3 cultual amb la moral evang\u00e8lica, tradu\u00efda en actituds i comportaments que esdevinguin testimoni evangelitzador per a la nostra societat.\u00bb (Del pr\u00f2leg de Francesc Manresa.)<\/p>\n","protected":false},"excerpt":{"rendered":"<p>RECASENS, MARIA ROSA<\/p>\n","protected":false},"featured_media":1005242,"template":"","meta":{"_acf_changed":false,"om_disable_all_campaigns":false,"rs_blank_template":"","rs_page_bg_color":"","slide_template_v7":"","inline_featured_image":false,"_monsterinsights_skip_tracking":false,"_monsterinsights_sitenote_active":false,"_monsterinsights_sitenote_note":"","_monsterinsights_sitenote_category":0},"product_brand":[],"product_cat":[283,511,581,523,299],"product_tag":[],"class_list":{"0":"post-1005241","1":"product","2":"type-product","3":"status-publish","4":"has-post-thumbnail","6":"product_cat-eclesiologia-teologia","7":"product_cat-eclesiologia-teologia-1_espiritualidad","8":"product_cat-editorial-claret","9":"product_cat-laicos-y-testimonios","10":"product_cat-laics-i-testimonis","12":"first","13":"instock","14":"taxable","15":"shipping-taxable","16":"purchasable","17":"product-type-simple"},"acf":{"autor":"RECASENS, MARIA ROSA","codart":"848297476","libros-coleccion":"ELS DAUS","ediciones":"1","encuadernacion":"R\u00fastica","fecha_de_publicacion":"01\/12\/2000","novedad":"0","paginas":"112","subtitulo":"DI\u00c0LEG ECLESIAL AMB UN FONS D'ESPERAN\u00c7A","orden":"999","portada":"0","idioma":"cat","editorial":[{"ID":6158,"post_author":"3","post_date":"2022-07-28 17:46:08","post_date_gmt":"2022-07-28 15:46:08","post_content":"","post_title":"CLARET","post_excerpt":"","post_status":"publish","comment_status":"closed","ping_status":"closed","post_password":"","post_name":"claret","to_ping":"","pinged":"","post_modified":"2022-07-28 17:46:08","post_modified_gmt":"2022-07-28 15:46:08","post_content_filtered":"","post_parent":0,"guid":"http:\/\/dev.claret.cat\/editorial\/claret\/","menu_order":0,"post_type":"editorial","post_mime_type":"","comment_count":"0","filter":"raw"}],"autores-libros":[{"ID":1005229,"post_author":"3","post_date":"2025-02-14 12:45:46","post_date_gmt":"2025-02-14 11:45:46","post_content":"","post_title":"MARIA ROSA RECASENS ARIZA","post_excerpt":"","post_status":"publish","comment_status":"closed","ping_status":"closed","post_password":"","post_name":"maria-rosa-recasens-ariza","to_ping":"","pinged":"","post_modified":"2025-02-14 12:45:46","post_modified_gmt":"2025-02-14 11:45:46","post_content_filtered":"","post_parent":0,"guid":"https:\/\/www.claret.cat\/autor\/maria-rosa-recasens-ariza\/","menu_order":0,"post_type":"autor","post_mime_type":"","comment_count":"0","filter":"raw"}]},"aioseo_notices":[],"_links":{"self":[{"href":"https:\/\/www.claret.cat\/es\/wp-json\/wp\/v2\/product\/1005241","targetHints":{"allow":["GET"]}}],"collection":[{"href":"https:\/\/www.claret.cat\/es\/wp-json\/wp\/v2\/product"}],"about":[{"href":"https:\/\/www.claret.cat\/es\/wp-json\/wp\/v2\/types\/product"}],"wp:featuredmedia":[{"embeddable":true,"href":"https:\/\/www.claret.cat\/es\/wp-json\/wp\/v2\/media\/1005242"}],"wp:attachment":[{"href":"https:\/\/www.claret.cat\/es\/wp-json\/wp\/v2\/media?parent=1005241"}],"wp:term":[{"taxonomy":"product_brand","embeddable":true,"href":"https:\/\/www.claret.cat\/es\/wp-json\/wp\/v2\/product_brand?post=1005241"},{"taxonomy":"product_cat","embeddable":true,"href":"https:\/\/www.claret.cat\/es\/wp-json\/wp\/v2\/product_cat?post=1005241"},{"taxonomy":"product_tag","embeddable":true,"href":"https:\/\/www.claret.cat\/es\/wp-json\/wp\/v2\/product_tag?post=1005241"}],"curies":[{"name":"wp","href":"https:\/\/api.w.org\/{rel}","templated":true}]}}