{"id":100540,"date":"2022-10-12T07:54:37","date_gmt":"2022-10-12T05:54:37","guid":{"rendered":"http:\/\/dev.claret.cat\/producte\/cd-laudato-si-kids\/"},"modified":"2023-01-28T11:09:44","modified_gmt":"2023-01-28T10:09:44","slug":"cd-laudato-si-kids","status":"publish","type":"product","link":"https:\/\/www.claret.cat\/es\/libro\/cd-laudato-si-kids\/","title":{"rendered":"CD LAUDATO SI KIDS"},"content":{"rendered":"<p>\u201dLaudato Si Kids&#8217; es una producci\u00f3n musical cat\u00f3lica infantil impulsada por la Asociaci\u00f3n Laudato Si Producciones con un sonido plenamente actual que viaja desde la m\u00fasica latina al pop pasando por el worship. Contiene 12 canciones y 2 oraciones, todas interpretadas por ni\u00f1os. Bajo la producci\u00f3n y arreglos musicales de Gerson P\u00e9rez, el disco nace como un sue\u00f1o de la familia Olima Rodr\u00edguez, con canciones catequ\u00e9ticas como Los Mandamientos, Padrenuestro y Ave Mar\u00eda, inspiradas en los Salmos y distintos pasajes b\u00edblicos. Contiene una canci\u00f3n para dormir, otra para levantarse, un canto para la Comuni\u00f3n, un canto al Esp\u00edritu Santo, etc. Todas ellas plasmando un esp\u00edritu de fiesta y tambi\u00e9n de adoraci\u00f3n.<\/p>\n","protected":false},"excerpt":{"rendered":"<p>ASOCIACI\u00d3N LAUDATO SI PRODUCCIONES<\/p>\n","protected":false},"featured_media":273638,"template":"","meta":{"_acf_changed":false,"om_disable_all_campaigns":false,"rs_blank_template":"","rs_page_bg_color":"","slide_template_v7":"","inline_featured_image":false,"_monsterinsights_skip_tracking":false,"_monsterinsights_sitenote_active":false,"_monsterinsights_sitenote_note":"","_monsterinsights_sitenote_category":0},"product_brand":[],"product_cat":[90,540],"product_tag":[],"class_list":{"0":"post-100540","1":"product","2":"type-product","3":"status-publish","4":"has-post-thumbnail","6":"product_cat-altres","7":"product_cat-otros","9":"first","10":"instock","11":"taxable","12":"shipping-taxable","13":"purchasable","14":"product-type-simple"},"acf":{"autor":"ASOCIACI\u00d3N LAUDATO SI PRODUCCIONES","codart":"608202010","libros-coleccion":"","ediciones":"1","encuadernacion":"R\u00fastica","fecha_de_publicacion":"27\/11\/2020","novedad":"1","paginas":"0","subtitulo":"","orden":"0","portada":"0","idioma":"spa","editorial":[{"ID":148788,"post_author":"3","post_date":"2022-10-14 12:00:59","post_date_gmt":"2022-10-14 10:00:59","post_content":"","post_title":"SANTAF\u00c9 PRODUCCIONES ARTISTICAS","post_excerpt":"","post_status":"publish","comment_status":"closed","ping_status":"closed","post_password":"","post_name":"santafe-producciones-artisticas","to_ping":"","pinged":"","post_modified":"2022-10-14 12:00:59","post_modified_gmt":"2022-10-14 10:00:59","post_content_filtered":"","post_parent":0,"guid":"http:\/\/dev.claret.cat\/editorial\/santafe-producciones-artisticas\/","menu_order":0,"post_type":"editorial","post_mime_type":"","comment_count":"0","filter":"raw"}],"autores-libros":[{"ID":151189,"post_author":"3","post_date":"2022-10-14 14:38:54","post_date_gmt":"2022-10-14 12:38:54","post_content":"","post_title":"ASOCIACI\u00d3N LAUDATO SI PRODUCCIONES","post_excerpt":"","post_status":"publish","comment_status":"closed","ping_status":"closed","post_password":"","post_name":"asociacion-laudato-si-producciones","to_ping":"","pinged":"","post_modified":"2022-10-14 14:38:54","post_modified_gmt":"2022-10-14 12:38:54","post_content_filtered":"","post_parent":0,"guid":"http:\/\/dev.claret.cat\/autor\/asociacion-laudato-si-producciones\/","menu_order":0,"post_type":"autor","post_mime_type":"","comment_count":"0","filter":"raw"}]},"aioseo_notices":[],"_links":{"self":[{"href":"https:\/\/www.claret.cat\/es\/wp-json\/wp\/v2\/product\/100540","targetHints":{"allow":["GET"]}}],"collection":[{"href":"https:\/\/www.claret.cat\/es\/wp-json\/wp\/v2\/product"}],"about":[{"href":"https:\/\/www.claret.cat\/es\/wp-json\/wp\/v2\/types\/product"}],"wp:featuredmedia":[{"embeddable":true,"href":"https:\/\/www.claret.cat\/es\/wp-json\/wp\/v2\/media\/273638"}],"wp:attachment":[{"href":"https:\/\/www.claret.cat\/es\/wp-json\/wp\/v2\/media?parent=100540"}],"wp:term":[{"taxonomy":"product_brand","embeddable":true,"href":"https:\/\/www.claret.cat\/es\/wp-json\/wp\/v2\/product_brand?post=100540"},{"taxonomy":"product_cat","embeddable":true,"href":"https:\/\/www.claret.cat\/es\/wp-json\/wp\/v2\/product_cat?post=100540"},{"taxonomy":"product_tag","embeddable":true,"href":"https:\/\/www.claret.cat\/es\/wp-json\/wp\/v2\/product_tag?post=100540"}],"curies":[{"name":"wp","href":"https:\/\/api.w.org\/{rel}","templated":true}]}}