{"id":1005407,"date":"2025-02-14T17:00:32","date_gmt":"2025-02-14T16:00:32","guid":{"rendered":"https:\/\/www.claret.cat\/llibre\/la-comunio-dels-sants-9788482978574\/"},"modified":"2025-02-14T17:00:44","modified_gmt":"2025-02-14T16:00:44","slug":"la-comunio-dels-sants-9788482978574","status":"publish","type":"product","link":"https:\/\/www.claret.cat\/es\/libro\/la-comunio-dels-sants-9788482978574\/","title":{"rendered":"LA COMUNI\u00d3 DELS SANTS"},"content":{"rendered":"<p>La comuni\u00f3 dels sants constitueix, en primer lloc, una realitat teol\u00f2gica i eclesiol\u00f2gica, \u00e9s a dir, \u00e9s l\u2019Esgl\u00e9sia de Jesucrist en la seva ess\u00e8ncia espiritual i en la seva estructura sacramental; per\u00f2 tamb\u00e9 la comuni\u00f3 dels sants expressa la comuni\u00f3 de tots els creients i de totes les Esgl\u00e9sies en l\u2019oraci\u00f3 i en els sagraments.<br \/>La lit\u00fargia constitueix i edifica l\u2019\u00fanica Esgl\u00e9sia com a comuni\u00f3, com a Cos de Crist en la seva unitat ecum\u00e8nica; aix\u00ed doncs, si volem fer experi\u00e8ncia d\u2019aquesta realitat que anomenem comuni\u00f3 dels sants hem de participar de la vida lit\u00fargica de l\u2019Esgl\u00e9sia, especialment de l\u2019Eucaristia dominical.<br \/>La comuni\u00f3 dels sants manifesta, doncs, la comuni\u00f3 de cada cristi\u00e0 i cristiana amb D\u00e9u i amb la resta dels cristians, aix\u00ed com la seva dignitat de fill i filla en el Fill i la seva condici\u00f3 de sant i santa (ja ho \u00e9s, encara que no s\u2019hagi manifestat plenament). Aquesta dignitat i condici\u00f3 ens fa part\u00edcips i alhora responsables de l\u2019edificaci\u00f3 de l\u2019\u00fanica Esgl\u00e9sia de D\u00e9u i de la construcci\u00f3 del seu Regne, que l\u2019Esgl\u00e9sia n\u2019\u00e9s germen i inici en aquest m\u00f3n.<\/p>\n","protected":false},"excerpt":{"rendered":"<p>FONTBONA, JAUME<\/p>\n","protected":false},"featured_media":1005408,"template":"","meta":{"_acf_changed":false,"om_disable_all_campaigns":false,"rs_blank_template":"","rs_page_bg_color":"","slide_template_v7":"","inline_featured_image":false,"_monsterinsights_skip_tracking":false,"_monsterinsights_sitenote_active":false,"_monsterinsights_sitenote_note":"","_monsterinsights_sitenote_category":0},"product_brand":[],"product_cat":[511,283,581,416,281,275,413],"product_tag":[],"class_list":{"0":"post-1005407","1":"product","2":"type-product","3":"status-publish","4":"has-post-thumbnail","6":"product_cat-eclesiologia-teologia-1_espiritualidad","7":"product_cat-eclesiologia-teologia","8":"product_cat-editorial-claret","9":"product_cat-escatologia-teologia-1_espiritualidad","10":"product_cat-escatologia","11":"product_cat-fonamental","12":"product_cat-fundamental","14":"first","15":"instock","16":"taxable","17":"shipping-taxable","18":"purchasable","19":"product-type-simple"},"acf":{"autor":"FONTBONA, JAUME","codart":"848297857","libros-coleccion":"HORITZONS","ediciones":"1","encuadernacion":"R\u00fastica","fecha_de_publicacion":"27\/09\/2005","novedad":"0","paginas":"92","subtitulo":"","orden":"999","portada":"0","idioma":"cat","editorial":[{"ID":6158,"post_author":"3","post_date":"2022-07-28 17:46:08","post_date_gmt":"2022-07-28 15:46:08","post_content":"","post_title":"CLARET","post_excerpt":"","post_status":"publish","comment_status":"closed","ping_status":"closed","post_password":"","post_name":"claret","to_ping":"","pinged":"","post_modified":"2022-07-28 17:46:08","post_modified_gmt":"2022-07-28 15:46:08","post_content_filtered":"","post_parent":0,"guid":"http:\/\/dev.claret.cat\/editorial\/claret\/","menu_order":0,"post_type":"editorial","post_mime_type":"","comment_count":"0","filter":"raw"}],"autores-libros":[{"ID":1005406,"post_author":"3","post_date":"2025-02-14 17:00:29","post_date_gmt":"2025-02-14 16:00:29","post_content":"","post_title":"JAUME FONTBONA","post_excerpt":"","post_status":"publish","comment_status":"closed","ping_status":"closed","post_password":"","post_name":"jaume-fontbona-3","to_ping":"","pinged":"","post_modified":"2025-02-14 17:00:29","post_modified_gmt":"2025-02-14 16:00:29","post_content_filtered":"","post_parent":0,"guid":"https:\/\/www.claret.cat\/autor\/jaume-fontbona-3\/","menu_order":0,"post_type":"autor","post_mime_type":"","comment_count":"0","filter":"raw"}]},"aioseo_notices":[],"_links":{"self":[{"href":"https:\/\/www.claret.cat\/es\/wp-json\/wp\/v2\/product\/1005407","targetHints":{"allow":["GET"]}}],"collection":[{"href":"https:\/\/www.claret.cat\/es\/wp-json\/wp\/v2\/product"}],"about":[{"href":"https:\/\/www.claret.cat\/es\/wp-json\/wp\/v2\/types\/product"}],"wp:featuredmedia":[{"embeddable":true,"href":"https:\/\/www.claret.cat\/es\/wp-json\/wp\/v2\/media\/1005408"}],"wp:attachment":[{"href":"https:\/\/www.claret.cat\/es\/wp-json\/wp\/v2\/media?parent=1005407"}],"wp:term":[{"taxonomy":"product_brand","embeddable":true,"href":"https:\/\/www.claret.cat\/es\/wp-json\/wp\/v2\/product_brand?post=1005407"},{"taxonomy":"product_cat","embeddable":true,"href":"https:\/\/www.claret.cat\/es\/wp-json\/wp\/v2\/product_cat?post=1005407"},{"taxonomy":"product_tag","embeddable":true,"href":"https:\/\/www.claret.cat\/es\/wp-json\/wp\/v2\/product_tag?post=1005407"}],"curies":[{"name":"wp","href":"https:\/\/api.w.org\/{rel}","templated":true}]}}