{"id":1005422,"date":"2025-02-14T17:02:51","date_gmt":"2025-02-14T16:02:51","guid":{"rendered":"https:\/\/www.claret.cat\/llibre\/quan-la-fe-interpreta-i-transforma-9788482976310\/"},"modified":"2025-02-14T17:03:22","modified_gmt":"2025-02-14T16:03:22","slug":"quan-la-fe-interpreta-i-transforma-9788482976310","status":"publish","type":"product","link":"https:\/\/www.claret.cat\/es\/libro\/quan-la-fe-interpreta-i-transforma-9788482976310\/","title":{"rendered":"QUAN LA FE INTERPRETA I TRANSFORMA"},"content":{"rendered":"<p>Aquest assaig neix al si de la tesi doctoral en Teologia Fonamental que va defensar l&#8217;autor sobre el jesu\u00efta Ignacio Ellacur\u00eda l&#8217;any 1998. Ellacur\u00eda es trobava entre els te\u00f2legs que rebutjaven la dicotomia hermen\u00e8utica-praxi en teologia. Al llarg de la hist\u00f2ria de la teologia moderna hi ha hagut autors que han defensat la fe cristiana nom\u00e9s com a interpretaci\u00f3 (hermen\u00e8utica: creure \u00e9s interpretar) i autors que l&#8217;han defensada nom\u00e9s com a transformaci\u00f3 (praxi: creure \u00e9s transformar). Tot seguint Ellacur\u00eda, l&#8217;autor d&#8217;aquest assaig afirma i defensa que la fe \u00e9s una experi\u00e8ncia hermen\u00e8utico-pr\u00e0xica, i mostra que tota teologia que es vulgui cristiana haur\u00e0 d&#8217;acceptar aquesta doble dimensi\u00f3.<br \/>La fe cristiana \u00e9s essencialment transformadora del m\u00f3n i del subjecte, i la transformaci\u00f3 duu a la interpretaci\u00f3. Vivim transformant i interpretant. \u00abInterpretaci\u00f3-transformaci\u00f3\u00bb constitueix un binomi articulat per una unitat anterior, la de l&#8217;experi\u00e8ncia, i amb aix\u00f2 forma, al seu torn, una unitat estructurant de la fe cristiana. La fe \u00e9s la unitat anterior al binomi i alhora el seu resultat.<\/p>\n","protected":false},"excerpt":{"rendered":"<p>SOLS, JOSE<\/p>\n","protected":false},"featured_media":1005423,"template":"","meta":{"_acf_changed":false,"om_disable_all_campaigns":false,"rs_blank_template":"","rs_page_bg_color":"","slide_template_v7":"","inline_featured_image":false,"_monsterinsights_skip_tracking":false,"_monsterinsights_sitenote_active":false,"_monsterinsights_sitenote_note":"","_monsterinsights_sitenote_category":0},"product_brand":[],"product_cat":[581,275,413,523,299,491,241,437,163],"product_tag":[],"class_list":{"0":"post-1005422","1":"product","2":"type-product","3":"status-publish","4":"has-post-thumbnail","6":"product_cat-editorial-claret","7":"product_cat-fonamental","8":"product_cat-fundamental","9":"product_cat-laicos-y-testimonios","10":"product_cat-laics-i-testimonis","11":"product_cat-testimonios","12":"product_cat-testimonis","13":"product_cat-valores-y-convivencia","14":"product_cat-valors-i-convivencia","16":"first","17":"instock","18":"taxable","19":"shipping-taxable","20":"purchasable","21":"product-type-simple"},"acf":{"autor":"SOLS, JOSE","codart":"848297631","libros-coleccion":"HORITZONS","ediciones":"1","encuadernacion":"R\u00fastica","fecha_de_publicacion":"01\/04\/2003","novedad":"0","paginas":"86","subtitulo":"","orden":"999","portada":"0","idioma":"cat","editorial":[{"ID":6158,"post_author":"3","post_date":"2022-07-28 17:46:08","post_date_gmt":"2022-07-28 15:46:08","post_content":"","post_title":"CLARET","post_excerpt":"","post_status":"publish","comment_status":"closed","ping_status":"closed","post_password":"","post_name":"claret","to_ping":"","pinged":"","post_modified":"2022-07-28 17:46:08","post_modified_gmt":"2022-07-28 15:46:08","post_content_filtered":"","post_parent":0,"guid":"http:\/\/dev.claret.cat\/editorial\/claret\/","menu_order":0,"post_type":"editorial","post_mime_type":"","comment_count":"0","filter":"raw"}],"autores-libros":[{"ID":160583,"post_author":"3","post_date":"2022-10-14 15:54:15","post_date_gmt":"2022-10-14 13:54:15","post_content":"","post_title":"JOS\u00c9 SOLS LUCIA","post_excerpt":"","post_status":"publish","comment_status":"closed","ping_status":"closed","post_password":"","post_name":"jose-sols-lucia","to_ping":"","pinged":"","post_modified":"2022-10-14 15:54:15","post_modified_gmt":"2022-10-14 13:54:15","post_content_filtered":"","post_parent":0,"guid":"http:\/\/dev.claret.cat\/autor\/jose-sols-lucia\/","menu_order":0,"post_type":"autor","post_mime_type":"","comment_count":"0","filter":"raw"}]},"aioseo_notices":[],"_links":{"self":[{"href":"https:\/\/www.claret.cat\/es\/wp-json\/wp\/v2\/product\/1005422","targetHints":{"allow":["GET"]}}],"collection":[{"href":"https:\/\/www.claret.cat\/es\/wp-json\/wp\/v2\/product"}],"about":[{"href":"https:\/\/www.claret.cat\/es\/wp-json\/wp\/v2\/types\/product"}],"wp:featuredmedia":[{"embeddable":true,"href":"https:\/\/www.claret.cat\/es\/wp-json\/wp\/v2\/media\/1005423"}],"wp:attachment":[{"href":"https:\/\/www.claret.cat\/es\/wp-json\/wp\/v2\/media?parent=1005422"}],"wp:term":[{"taxonomy":"product_brand","embeddable":true,"href":"https:\/\/www.claret.cat\/es\/wp-json\/wp\/v2\/product_brand?post=1005422"},{"taxonomy":"product_cat","embeddable":true,"href":"https:\/\/www.claret.cat\/es\/wp-json\/wp\/v2\/product_cat?post=1005422"},{"taxonomy":"product_tag","embeddable":true,"href":"https:\/\/www.claret.cat\/es\/wp-json\/wp\/v2\/product_tag?post=1005422"}],"curies":[{"name":"wp","href":"https:\/\/api.w.org\/{rel}","templated":true}]}}