{"id":100564,"date":"2022-10-12T07:54:56","date_gmt":"2022-10-12T05:54:56","guid":{"rendered":"http:\/\/dev.claret.cat\/producte\/solo-en-casa\/"},"modified":"2023-01-28T16:09:29","modified_gmt":"2023-01-28T15:09:29","slug":"solo-en-casa-9788413621258","status":"publish","type":"product","link":"https:\/\/www.claret.cat\/es\/libro\/solo-en-casa-9788413621258\/","title":{"rendered":"\u00bfSOLO EN CASA?"},"content":{"rendered":"<p>Por muy apacible que parezca nuestro hogar, alberga un universo natural que trasciende todo lo imaginable. La vida abunda en el s\u00f3tano, en el desv\u00e1n, bajo el entarimado del suelo y hasta en la alcachofa de la ducha: &#8216;\u00bfSolo en casa?&#8217; revela la naturaleza absolutamente inesperada que albergan las viviendas humanas.<br \/> En este libro Dunn nos presenta a los diminutos habitantes de nuestras casas para poner de manifiesto que en casi todos los casos nos benefician, y que intentar acabar con los organismos perniciosos solo sirve para empeorar nuestra vida y poner en peligro los ecosistemas que la cobijan. Pero tambi\u00e9n nos revela algo m\u00e1s: lo asombroso que es nuestro mundo, incluso esa parte de \u00e9l que tenemos delante de las narices. Quien lea esta obra apasionante, reveladora y llena de humor nunca m\u00e1s volver\u00e1 a ver su casa o la vida que hay en ella de la misma manera.<\/p>\n","protected":false},"excerpt":{"rendered":"<p>DUNN, ROB<\/p>\n","protected":false},"featured_media":100565,"template":"","meta":{"_acf_changed":false,"om_disable_all_campaigns":false,"rs_blank_template":"","rs_page_bg_color":"","slide_template_v7":"","inline_featured_image":false,"_monsterinsights_skip_tracking":false,"_monsterinsights_sitenote_active":false,"_monsterinsights_sitenote_note":"","_monsterinsights_sitenote_category":0},"product_brand":[],"product_cat":[104],"product_tag":[],"class_list":{"0":"post-100564","1":"product","2":"type-product","3":"status-publish","4":"has-post-thumbnail","6":"product_cat-ciencia","8":"first","9":"instock","10":"taxable","11":"shipping-taxable","12":"purchasable","13":"product-type-simple"},"acf":{"editorial":[{"ID":6119,"post_author":"3","post_date":"2022-07-28 17:45:18","post_date_gmt":"2022-07-28 15:45:18","post_content":"","post_title":"Alianza Editorial","post_excerpt":"","post_status":"publish","comment_status":"closed","ping_status":"closed","post_password":"","post_name":"alianza-editorial","to_ping":"","pinged":"","post_modified":"2022-07-28 17:45:18","post_modified_gmt":"2022-07-28 15:45:18","post_content_filtered":"","post_parent":0,"guid":"http:\/\/dev.claret.cat\/editorial\/alianza-editorial\/","menu_order":0,"post_type":"editorial","post_mime_type":"","comment_count":"0","filter":"raw"}],"autores-libros":[{"ID":168160,"post_author":"3","post_date":"2022-10-14 18:17:00","post_date_gmt":"2022-10-14 16:17:00","post_content":"","post_title":"ROB DUNN","post_excerpt":"","post_status":"publish","comment_status":"closed","ping_status":"closed","post_password":"","post_name":"rob-dunn","to_ping":"","pinged":"","post_modified":"2022-10-14 18:17:00","post_modified_gmt":"2022-10-14 16:17:00","post_content_filtered":"","post_parent":0,"guid":"http:\/\/dev.claret.cat\/autor\/rob-dunn\/","menu_order":0,"post_type":"autor","post_mime_type":"","comment_count":"0","filter":"raw"}],"autor":"DUNN, ROB","codart":"841362125","libros-coleccion":"Libros Singulares","ediciones":"1","encuadernacion":"R\u00fastica","fecha_de_publicacion":"01\/11\/2020","novedad":"1","paginas":"468","subtitulo":"LA NATURALEZA DEL LUGAR DONDE VIVIMOS, DESDE MICROBIOS HASTA MILPI\u00c9S, GRILLOS DE","orden":"0","portada":"0","idioma":"spa"},"aioseo_notices":[],"_links":{"self":[{"href":"https:\/\/www.claret.cat\/es\/wp-json\/wp\/v2\/product\/100564","targetHints":{"allow":["GET"]}}],"collection":[{"href":"https:\/\/www.claret.cat\/es\/wp-json\/wp\/v2\/product"}],"about":[{"href":"https:\/\/www.claret.cat\/es\/wp-json\/wp\/v2\/types\/product"}],"wp:featuredmedia":[{"embeddable":true,"href":"https:\/\/www.claret.cat\/es\/wp-json\/wp\/v2\/media\/100565"}],"wp:attachment":[{"href":"https:\/\/www.claret.cat\/es\/wp-json\/wp\/v2\/media?parent=100564"}],"wp:term":[{"taxonomy":"product_brand","embeddable":true,"href":"https:\/\/www.claret.cat\/es\/wp-json\/wp\/v2\/product_brand?post=100564"},{"taxonomy":"product_cat","embeddable":true,"href":"https:\/\/www.claret.cat\/es\/wp-json\/wp\/v2\/product_cat?post=100564"},{"taxonomy":"product_tag","embeddable":true,"href":"https:\/\/www.claret.cat\/es\/wp-json\/wp\/v2\/product_tag?post=100564"}],"curies":[{"name":"wp","href":"https:\/\/api.w.org\/{rel}","templated":true}]}}