{"id":1006,"date":"2022-07-27T15:42:30","date_gmt":"2022-07-27T13:42:30","guid":{"rendered":"http:\/\/dev.claret.cat\/producto\/lintellectual-cristia-avui-9788491361411\/"},"modified":"2024-05-23T04:26:41","modified_gmt":"2024-05-23T02:26:41","slug":"lintellectual-cristia-avui-9788491361411","status":"publish","type":"product","link":"https:\/\/www.claret.cat\/es\/libro\/lintellectual-cristia-avui-9788491361411\/","title":{"rendered":"L&#8217;INTEL\u00b7LECTUAL CRISTI\u00c0 AVUI"},"content":{"rendered":"<p>Si hagu\u00e9ssim d\u2019identificar amb poques paraules la tasca de l\u2019intel\u00b7lectual cat\u00f2lic, la definir\u00edem probablement com la de pensar des del fet de creure. S\u00ed: el que pr\u00f2piament identifica l\u2019intel\u00b7lectual cat\u00f2lic \u00e9s l\u2019exercici d\u2019enraonar la fe i sotmetre-la a la llum de l\u2019aparell cr\u00edtic racional que hem anat aixecant culturalment, i de manera molt especial, a partir del lent adveniment de la modernitat d\u2019en\u00e7\u00e0 del segle XVI.<\/p>\n","protected":false},"excerpt":{"rendered":"<p>TORRALBA, FRANCESC; MART\u00cdNEZ, JULIO L.<\/p>\n","protected":false},"featured_media":360650,"template":"","meta":{"_acf_changed":false,"om_disable_all_campaigns":false,"rs_blank_template":"","rs_page_bg_color":"","slide_template_v7":"","inline_featured_image":false,"_monsterinsights_skip_tracking":false,"_monsterinsights_sitenote_active":false,"_monsterinsights_sitenote_note":"","_monsterinsights_sitenote_category":0},"product_brand":[],"product_cat":[543,93,581,350,84,342,76],"product_tag":[],"class_list":{"0":"post-1006","1":"product","2":"type-product","3":"status-publish","4":"has-post-thumbnail","6":"product_cat-eclesiologia-es","7":"product_cat-eclesiologia","8":"product_cat-editorial-claret","9":"product_cat-sociologia-2_humanidades","10":"product_cat-sociologia","11":"product_cat-teologia-1_espiritualidad","12":"product_cat-teologia","14":"first","15":"instock","16":"taxable","17":"shipping-taxable","18":"purchasable","19":"product-type-simple"},"acf":{"autor":"TORRALBA, FRANCESC; MART\u00cdNEZ, JULIO L.","codart":"849136141","ediciones":"1","encuadernacion":"R\u00fastica","fecha_de_publicacion":"08\/10\/2018","novedad":"0","paginas":"64","subtitulo":"","orden":"0","portada":"0","idioma":"cat","libros-coleccion":"","autores-libros":[{"ID":5483,"post_author":"3","post_date":"2022-07-28 17:24:57","post_date_gmt":"2022-07-28 15:24:57","post_content":"","post_title":"FRANCESC TORRALBA","post_excerpt":"","post_status":"publish","comment_status":"closed","ping_status":"closed","post_password":"","post_name":"francesc-torralba","to_ping":"","pinged":"","post_modified":"2022-07-28 17:24:57","post_modified_gmt":"2022-07-28 15:24:57","post_content_filtered":"","post_parent":0,"guid":"http:\/\/dev.claret.cat\/autor\/francesc-torralba\/","menu_order":0,"post_type":"autor","post_mime_type":"","comment_count":"0","filter":"raw"},{"ID":5696,"post_author":"3","post_date":"2022-07-28 17:29:31","post_date_gmt":"2022-07-28 15:29:31","post_content":"","post_title":"JULIO L. MART\u00cdNEZ","post_excerpt":"","post_status":"publish","comment_status":"closed","ping_status":"closed","post_password":"","post_name":"julio-l-martinez","to_ping":"","pinged":"","post_modified":"2022-07-28 17:29:31","post_modified_gmt":"2022-07-28 15:29:31","post_content_filtered":"","post_parent":0,"guid":"http:\/\/dev.claret.cat\/autor\/julio-l-martinez\/","menu_order":0,"post_type":"autor","post_mime_type":"","comment_count":"0","filter":"raw"}],"editorial":[{"ID":6158,"post_author":"3","post_date":"2022-07-28 17:46:08","post_date_gmt":"2022-07-28 15:46:08","post_content":"","post_title":"CLARET","post_excerpt":"","post_status":"publish","comment_status":"closed","ping_status":"closed","post_password":"","post_name":"claret","to_ping":"","pinged":"","post_modified":"2022-07-28 17:46:08","post_modified_gmt":"2022-07-28 15:46:08","post_content_filtered":"","post_parent":0,"guid":"http:\/\/dev.claret.cat\/editorial\/claret\/","menu_order":0,"post_type":"editorial","post_mime_type":"","comment_count":"0","filter":"raw"}]},"aioseo_notices":[],"_links":{"self":[{"href":"https:\/\/www.claret.cat\/es\/wp-json\/wp\/v2\/product\/1006","targetHints":{"allow":["GET"]}}],"collection":[{"href":"https:\/\/www.claret.cat\/es\/wp-json\/wp\/v2\/product"}],"about":[{"href":"https:\/\/www.claret.cat\/es\/wp-json\/wp\/v2\/types\/product"}],"wp:featuredmedia":[{"embeddable":true,"href":"https:\/\/www.claret.cat\/es\/wp-json\/wp\/v2\/media\/360650"}],"wp:attachment":[{"href":"https:\/\/www.claret.cat\/es\/wp-json\/wp\/v2\/media?parent=1006"}],"wp:term":[{"taxonomy":"product_brand","embeddable":true,"href":"https:\/\/www.claret.cat\/es\/wp-json\/wp\/v2\/product_brand?post=1006"},{"taxonomy":"product_cat","embeddable":true,"href":"https:\/\/www.claret.cat\/es\/wp-json\/wp\/v2\/product_cat?post=1006"},{"taxonomy":"product_tag","embeddable":true,"href":"https:\/\/www.claret.cat\/es\/wp-json\/wp\/v2\/product_tag?post=1006"}],"curies":[{"name":"wp","href":"https:\/\/api.w.org\/{rel}","templated":true}]}}