{"id":1006106,"date":"2025-02-18T11:42:11","date_gmt":"2025-02-18T10:42:11","guid":{"rendered":"https:\/\/www.claret.cat\/llibre\/el-millor-restaurant-del-mon-9788412863185\/"},"modified":"2025-02-18T19:45:45","modified_gmt":"2025-02-18T18:45:45","slug":"el-millor-restaurant-del-mon-9788412863185","status":"publish","type":"product","link":"https:\/\/www.claret.cat\/es\/libro\/el-millor-restaurant-del-mon-9788412863185\/","title":{"rendered":"EL MILLOR RESTAURANT DEL M\u00d3N"},"content":{"rendered":"<p>La Zaza ha tingut una idea genial: obrir un restaurant al<br \/> bell mig del bosc i oferir un sopar als seus amics. Pren<br \/> nota de quins s\u00f3n els plats preferits dels Gossets &#x2014;en<br \/> Popov, en Miki, en Nono, l&#x2019;Agus, la Kika, la Jana, en Pere<br \/> i l&#x2019;Omar&#x2014; i a cadascun li assigna una tasca: fabricar les<br \/> taules, dibuixar el cartell amb el nom del restaurat, parar<br \/> taula, decorar el local&#8230; La Zaza ho t\u00e9 tot a punt. Excepte<br \/> un detall, i aquest oblit pot arru\u00efnar el sopar que tothom<br \/> espera. Per\u00f2 altra vegada l&#x2019;esperit de germanor dels Gossets<br \/> far\u00e0 que passin una nit inoblidable i que gaudeixin<br \/> del millor sopar del m\u00f3n. Com en tots els t\u00edtols de la s\u00e8rie,<br \/> cada p\u00e0gina d&#x2019;aquest llibre de cartr\u00f3 &#x2014;un format ideal<br \/> perqu\u00e8 els m\u00e9s petits es familiaritzin amb el llibre com a<br \/> objecte f\u00edsic&#x2014; \u00e9s un esclat de colors ple de detalls visuals<br \/> que estimulen als lectors a explorar tots els racons a la<br \/> recerca d&#x2019;escenes divertides. Doroth\u00e9e de Monfreid, una<br \/> autora de culte, construeix hist\u00f2ries senzilles i alegres en<br \/> qu\u00e8 cada individu, amb els seus defectes i virtuts, \u00e9s \u00fanic<br \/> i important.<\/p>\n","protected":false},"excerpt":{"rendered":"<p>DE MONFREID, DOROTH\u00c9E<\/p>\n","protected":false},"featured_media":1006107,"template":"","meta":{"_acf_changed":false,"om_disable_all_campaigns":false,"rs_blank_template":"","rs_page_bg_color":"","slide_template_v7":"","inline_featured_image":false,"_monsterinsights_skip_tracking":false,"_monsterinsights_sitenote_active":false,"_monsterinsights_sitenote_note":"","_monsterinsights_sitenote_category":0},"product_brand":[],"product_cat":[131,361],"product_tag":[],"class_list":{"0":"post-1006106","1":"product","2":"type-product","3":"status-publish","4":"has-post-thumbnail","6":"product_cat-contes-per-infants-0-6-anys","7":"product_cat-cuentos-para-ninos-0-6-anos","9":"first","10":"instock","11":"taxable","12":"shipping-taxable","13":"purchasable","14":"product-type-simple"},"acf":{"autor":"DE MONFREID, DOROTH\u00c9E","codart":"841286318","libros-coleccion":"(CAT).ALBUMS IL\u00b7LUSTRATS","ediciones":"1","encuadernacion":"Carton\u00e9","fecha_de_publicacion":"01\/02\/2025","novedad":"1","paginas":"32","subtitulo":"","orden":"0","portada":"0","idioma":"cat","editorial":[{"ID":148435,"post_author":"3","post_date":"2022-10-14 11:58:13","post_date_gmt":"2022-10-14 09:58:13","post_content":"","post_title":"LIBROS DEL ZORRO ROJO","post_excerpt":"","post_status":"publish","comment_status":"closed","ping_status":"closed","post_password":"","post_name":"libros-del-zorro-rojo","to_ping":"","pinged":"","post_modified":"2022-10-14 11:58:13","post_modified_gmt":"2022-10-14 09:58:13","post_content_filtered":"","post_parent":0,"guid":"http:\/\/dev.claret.cat\/editorial\/libros-del-zorro-rojo\/","menu_order":0,"post_type":"editorial","post_mime_type":"","comment_count":"0","filter":"raw"}]},"aioseo_notices":[],"_links":{"self":[{"href":"https:\/\/www.claret.cat\/es\/wp-json\/wp\/v2\/product\/1006106","targetHints":{"allow":["GET"]}}],"collection":[{"href":"https:\/\/www.claret.cat\/es\/wp-json\/wp\/v2\/product"}],"about":[{"href":"https:\/\/www.claret.cat\/es\/wp-json\/wp\/v2\/types\/product"}],"wp:featuredmedia":[{"embeddable":true,"href":"https:\/\/www.claret.cat\/es\/wp-json\/wp\/v2\/media\/1006107"}],"wp:attachment":[{"href":"https:\/\/www.claret.cat\/es\/wp-json\/wp\/v2\/media?parent=1006106"}],"wp:term":[{"taxonomy":"product_brand","embeddable":true,"href":"https:\/\/www.claret.cat\/es\/wp-json\/wp\/v2\/product_brand?post=1006106"},{"taxonomy":"product_cat","embeddable":true,"href":"https:\/\/www.claret.cat\/es\/wp-json\/wp\/v2\/product_cat?post=1006106"},{"taxonomy":"product_tag","embeddable":true,"href":"https:\/\/www.claret.cat\/es\/wp-json\/wp\/v2\/product_tag?post=1006106"}],"curies":[{"name":"wp","href":"https:\/\/api.w.org\/{rel}","templated":true}]}}