{"id":1006285,"date":"2025-02-18T14:05:12","date_gmt":"2025-02-18T13:05:12","guid":{"rendered":"https:\/\/www.claret.cat\/llibre\/maletin-el-vestuario-en-pegatinas-9781836063230\/"},"modified":"2025-03-19T12:51:00","modified_gmt":"2025-03-19T11:51:00","slug":"maletin-el-vestuario-en-pegatinas-9781836063230","status":"publish","type":"product","link":"https:\/\/www.claret.cat\/es\/libro\/maletin-el-vestuario-en-pegatinas-9781836063230\/","title":{"rendered":"MALETIN EL VESTUARIO EN PEGATINAS"},"content":{"rendered":"<p>Malet\u00edn con pr\u00e1ctica asa de cuerda que contiene cuatro libros de la colecci\u00f3n &#8216;El vestuario en pegatinas&#8217; en formato compacto: &#8216;Bailarinas&#8217;, &#8216;Hadas&#8217;, &#8216;Mu\u00f1ecas&#8217; y &#8216;Princesas&#8217;. Un regalo magn\u00edfico para que ni\u00f1os y ni\u00f1as disfruten durante horas eligiendo las pegatinas para vestir a los personajes y dar vida a las m\u00e1gicas escenas.<\/p>\n","protected":false},"excerpt":{"rendered":"<p>WATT, FIONA<\/p>\n","protected":false},"featured_media":1006408,"template":"","meta":{"_acf_changed":false,"om_disable_all_campaigns":false,"rs_blank_template":"","rs_page_bg_color":"","slide_template_v7":"","inline_featured_image":false,"_monsterinsights_skip_tracking":false,"_monsterinsights_sitenote_active":false,"_monsterinsights_sitenote_note":"","_monsterinsights_sitenote_category":0},"product_brand":[],"product_cat":[131,361,135,365],"product_tag":[],"class_list":{"0":"post-1006285","1":"product","2":"type-product","3":"status-publish","4":"has-post-thumbnail","6":"product_cat-contes-per-infants-0-6-anys","7":"product_cat-cuentos-para-ninos-0-6-anos","8":"product_cat-entreteniment","9":"product_cat-entretenimientos","11":"first","12":"instock","13":"taxable","14":"shipping-taxable","15":"purchasable","16":"product-type-simple"},"acf":{"autor":"WATT, FIONA","codart":"183606323","libros-coleccion":"FORA DE COL.LECCI\u00d3","ediciones":"1","encuadernacion":"R\u00fastica","fecha_de_publicacion":"01\/02\/2025","novedad":"1","paginas":"16","subtitulo":"","orden":"0","portada":"0","idioma":"spa","editorial":[{"ID":148940,"post_author":"3","post_date":"2022-10-14 12:02:11","post_date_gmt":"2022-10-14 10:02:11","post_content":"","post_title":"Usborne Publishing","post_excerpt":"","post_status":"publish","comment_status":"closed","ping_status":"closed","post_password":"","post_name":"usborne-publishing","to_ping":"","pinged":"","post_modified":"2022-10-14 12:02:11","post_modified_gmt":"2022-10-14 10:02:11","post_content_filtered":"","post_parent":0,"guid":"http:\/\/dev.claret.cat\/editorial\/usborne-publishing\/","menu_order":0,"post_type":"editorial","post_mime_type":"","comment_count":"0","filter":"raw"}]},"aioseo_notices":[],"_links":{"self":[{"href":"https:\/\/www.claret.cat\/es\/wp-json\/wp\/v2\/product\/1006285","targetHints":{"allow":["GET"]}}],"collection":[{"href":"https:\/\/www.claret.cat\/es\/wp-json\/wp\/v2\/product"}],"about":[{"href":"https:\/\/www.claret.cat\/es\/wp-json\/wp\/v2\/types\/product"}],"wp:featuredmedia":[{"embeddable":true,"href":"https:\/\/www.claret.cat\/es\/wp-json\/wp\/v2\/media\/1006408"}],"wp:attachment":[{"href":"https:\/\/www.claret.cat\/es\/wp-json\/wp\/v2\/media?parent=1006285"}],"wp:term":[{"taxonomy":"product_brand","embeddable":true,"href":"https:\/\/www.claret.cat\/es\/wp-json\/wp\/v2\/product_brand?post=1006285"},{"taxonomy":"product_cat","embeddable":true,"href":"https:\/\/www.claret.cat\/es\/wp-json\/wp\/v2\/product_cat?post=1006285"},{"taxonomy":"product_tag","embeddable":true,"href":"https:\/\/www.claret.cat\/es\/wp-json\/wp\/v2\/product_tag?post=1006285"}],"curies":[{"name":"wp","href":"https:\/\/api.w.org\/{rel}","templated":true}]}}