{"id":1006297,"date":"2025-02-18T14:10:27","date_gmt":"2025-02-18T13:10:27","guid":{"rendered":"https:\/\/www.claret.cat\/llibre\/no-tho-prenguis-com-una-cosa-personal-9788466433051\/"},"modified":"2025-02-18T14:32:26","modified_gmt":"2025-02-18T13:32:26","slug":"no-tho-prenguis-com-una-cosa-personal-9788466433051","status":"publish","type":"product","link":"https:\/\/www.claret.cat\/es\/libro\/no-tho-prenguis-com-una-cosa-personal-9788466433051\/","title":{"rendered":"NO T&#8217;HO PRENGUIS COM UNA COSA PERSONAL"},"content":{"rendered":"<p>Una novel\u00b7la que combina humor i suspens, explorant l&#x2019;absurditat de les relacions humanes i les intrigues que sorgeixen en el m\u00f3n de l&#x2019;entreteniment televisiu.No t&#x2019;ho prenguis com una cosa personal \u00e9s l&#x2019;extraordin\u00e0ria hist\u00f2ria del Joan Lucena, un imitador en crisi a qui li donen vint-i-quatre hores per salvar la seva carrera televisiva. La soluci\u00f3 sembla arribar en forma de la Bruixa Moira, un personatge peculiar que desencadena una s\u00e8rie d&#x2019;esdeveniments insospitats. Per\u00f2 quan la imitaci\u00f3 provoca una cat\u00e0strofe real, el Joan es veu immers en una trama de misteris, malediccions i una venjan\u00e7a inesperada.<br \/> Amb un humor \u00e0cid i situacions surrealistes, Pep Bras ens porta una nove&#x140;la plena de girs i personatges inoblidables.<\/p>\n","protected":false},"excerpt":{"rendered":"<p>BRAS, PEP<\/p>\n","protected":false},"featured_media":1006298,"template":"","meta":{"_acf_changed":false,"om_disable_all_campaigns":false,"rs_blank_template":"","rs_page_bg_color":"","slide_template_v7":"","inline_featured_image":false,"_monsterinsights_skip_tracking":false,"_monsterinsights_sitenote_active":false,"_monsterinsights_sitenote_note":"","_monsterinsights_sitenote_category":0},"product_brand":[],"product_cat":[127,357],"product_tag":[],"class_list":{"0":"post-1006297","1":"product","2":"type-product","3":"status-publish","4":"has-post-thumbnail","6":"product_cat-novella-contemporania","7":"product_cat-novela-contemporanea","9":"first","10":"instock","11":"taxable","12":"shipping-taxable","13":"purchasable","14":"product-type-simple"},"acf":{"autor":"BRAS, PEP","codart":"846643305","libros-coleccion":"","ediciones":"1","encuadernacion":"Carton\u00e9","fecha_de_publicacion":"01\/02\/2025","novedad":"1","paginas":"158","subtitulo":"","orden":"0","portada":"0","idioma":"cat","editorial":[{"ID":6166,"post_author":"3","post_date":"2022-07-28 17:46:19","post_date_gmt":"2022-07-28 15:46:19","post_content":"","post_title":"Columna CAT","post_excerpt":"","post_status":"publish","comment_status":"closed","ping_status":"closed","post_password":"","post_name":"columna-cat","to_ping":"","pinged":"","post_modified":"2022-07-28 17:46:19","post_modified_gmt":"2022-07-28 15:46:19","post_content_filtered":"","post_parent":0,"guid":"http:\/\/dev.claret.cat\/editorial\/columna-cat\/","menu_order":0,"post_type":"editorial","post_mime_type":"","comment_count":"0","filter":"raw"}]},"aioseo_notices":[],"_links":{"self":[{"href":"https:\/\/www.claret.cat\/es\/wp-json\/wp\/v2\/product\/1006297","targetHints":{"allow":["GET"]}}],"collection":[{"href":"https:\/\/www.claret.cat\/es\/wp-json\/wp\/v2\/product"}],"about":[{"href":"https:\/\/www.claret.cat\/es\/wp-json\/wp\/v2\/types\/product"}],"wp:featuredmedia":[{"embeddable":true,"href":"https:\/\/www.claret.cat\/es\/wp-json\/wp\/v2\/media\/1006298"}],"wp:attachment":[{"href":"https:\/\/www.claret.cat\/es\/wp-json\/wp\/v2\/media?parent=1006297"}],"wp:term":[{"taxonomy":"product_brand","embeddable":true,"href":"https:\/\/www.claret.cat\/es\/wp-json\/wp\/v2\/product_brand?post=1006297"},{"taxonomy":"product_cat","embeddable":true,"href":"https:\/\/www.claret.cat\/es\/wp-json\/wp\/v2\/product_cat?post=1006297"},{"taxonomy":"product_tag","embeddable":true,"href":"https:\/\/www.claret.cat\/es\/wp-json\/wp\/v2\/product_tag?post=1006297"}],"curies":[{"name":"wp","href":"https:\/\/api.w.org\/{rel}","templated":true}]}}