{"id":1006300,"date":"2025-02-18T14:15:13","date_gmt":"2025-02-18T13:15:13","guid":{"rendered":"https:\/\/www.claret.cat\/llibre\/elefants-9788419729729\/"},"modified":"2025-04-26T11:55:47","modified_gmt":"2025-04-26T09:55:47","slug":"elefants-9788419729729","status":"publish","type":"product","link":"https:\/\/www.claret.cat\/es\/libro\/elefants-9788419729729\/","title":{"rendered":"ELEFANTS"},"content":{"rendered":"<p>Premi Merc\u00e8 Rodoreda 2024. Un llibre contra la fatalitat que posa el focus en el poder de la imaginaci\u00f3 i l&#8221;enginy.Mitjan\u00e7ant la barreja d&#x2019;elements reals amb altres de fant\u00e0stics, els contes d&#x2019;Elefants basculen entre l&#x2019;humor, la gravetat i la s\u00e0tira per teixir hist\u00f2ries esquitxades de petites revelacions i d&#x2019;instants en qu\u00e8 l&#x2019;impossible \u00e9s a tocar. Viatges que sempre acaben en desastre, la caiguda del cavall &#x2014;o haur\u00edem de dir elefant?&#x2014; d&#x2019;un empresari petrolier, el ritual de cada any d&#x2019;una fam\u00edlia per recordar un \u00e9sser estimat, una ciutat on es capgiren els fonaments de la societat&#8230;<br \/> Amb la pres\u00e8ncia discreta per\u00f2 constant i indefugible dels animals del mateix nom, Elefants \u00e9s un conjunt de narracions que posen en primer pla el poder de la imaginaci\u00f3 i de l&#x2019;enginy per accedir a mons nous i per fer front a les angoixes humanes. Un debut fulgurant, mereixedor del premi Merc\u00e8 Rodoreda, que confia en la for\u00e7a de la literatura per apuntalar l&#x2019;esperan\u00e7a en temps de neguits clim\u00e0tics, tecnol\u00f2gics i existencials.<\/p>\n","protected":false},"excerpt":{"rendered":"<p>G\u00dcELL, TONI<\/p>\n","protected":false},"featured_media":1006301,"template":"","meta":{"_acf_changed":false,"om_disable_all_campaigns":false,"rs_blank_template":"","rs_page_bg_color":"","slide_template_v7":"","inline_featured_image":false,"_monsterinsights_skip_tracking":false,"_monsterinsights_sitenote_active":false,"_monsterinsights_sitenote_note":"","_monsterinsights_sitenote_category":0},"product_brand":[],"product_cat":[127,357],"product_tag":[],"class_list":{"0":"post-1006300","1":"product","2":"type-product","3":"status-publish","4":"has-post-thumbnail","6":"product_cat-novella-contemporania","7":"product_cat-novela-contemporanea","9":"first","10":"instock","11":"taxable","12":"shipping-taxable","13":"purchasable","14":"product-type-simple"},"acf":{"autor":"G\u00dcELL, TONI","codart":"841972972","libros-coleccion":"","ediciones":"1","encuadernacion":"R\u00fastica","fecha_de_publicacion":"01\/02\/2025","novedad":"1","paginas":"159","subtitulo":"PREMI MERC\u00c8 RODOREDA 2024","orden":"0","portada":"0","idioma":"cat","editorial":[{"ID":6223,"post_author":"3","post_date":"2022-07-28 17:47:32","post_date_gmt":"2022-07-28 15:47:32","post_content":"","post_title":"EDITORIAL EMP\u00daRIES","post_excerpt":"","post_status":"publish","comment_status":"closed","ping_status":"closed","post_password":"","post_name":"editorial-empuries","to_ping":"","pinged":"","post_modified":"2022-07-28 17:47:32","post_modified_gmt":"2022-07-28 15:47:32","post_content_filtered":"","post_parent":0,"guid":"http:\/\/dev.claret.cat\/editorial\/editorial-empuries\/","menu_order":0,"post_type":"editorial","post_mime_type":"","comment_count":"0","filter":"raw"}],"booktrailer":"","resenas":""},"aioseo_notices":[],"_links":{"self":[{"href":"https:\/\/www.claret.cat\/es\/wp-json\/wp\/v2\/product\/1006300","targetHints":{"allow":["GET"]}}],"collection":[{"href":"https:\/\/www.claret.cat\/es\/wp-json\/wp\/v2\/product"}],"about":[{"href":"https:\/\/www.claret.cat\/es\/wp-json\/wp\/v2\/types\/product"}],"wp:featuredmedia":[{"embeddable":true,"href":"https:\/\/www.claret.cat\/es\/wp-json\/wp\/v2\/media\/1006301"}],"wp:attachment":[{"href":"https:\/\/www.claret.cat\/es\/wp-json\/wp\/v2\/media?parent=1006300"}],"wp:term":[{"taxonomy":"product_brand","embeddable":true,"href":"https:\/\/www.claret.cat\/es\/wp-json\/wp\/v2\/product_brand?post=1006300"},{"taxonomy":"product_cat","embeddable":true,"href":"https:\/\/www.claret.cat\/es\/wp-json\/wp\/v2\/product_cat?post=1006300"},{"taxonomy":"product_tag","embeddable":true,"href":"https:\/\/www.claret.cat\/es\/wp-json\/wp\/v2\/product_tag?post=1006300"}],"curies":[{"name":"wp","href":"https:\/\/api.w.org\/{rel}","templated":true}]}}