{"id":1006393,"date":"2025-02-18T16:15:30","date_gmt":"2025-02-18T15:15:30","guid":{"rendered":"https:\/\/www.claret.cat\/llibre\/11-el-capita-calcotets-i-la-barbara-venjanca-del-vater-turbo-2000-9788466158336\/"},"modified":"2026-01-20T14:33:04","modified_gmt":"2026-01-20T13:33:04","slug":"11-el-capita-calcotets-i-la-barbara-venjanca-del-vater-turbo-2000-9788466158336","status":"publish","type":"product","link":"https:\/\/www.claret.cat\/es\/libro\/11-el-capita-calcotets-i-la-barbara-venjanca-del-vater-turbo-2000-9788466158336\/","title":{"rendered":"11. EL CAPIT\u00c0 CAL\u00c7OTETS I LA B\u00c0RBARA VENJAN\u00c7A DEL V\u00c0TER TURBO 2000"},"content":{"rendered":"<p>En Jordi i l#Oriol es pensen que els seus problemes de v\u00e0ters ja s#han acabat, per\u00f2 estan molt equivocats. El V\u00e0ter Turbo 2000, que estava confinat a Ur\u00e0, ha tornat per venjar-se. Ara, el dest\u00ed de la Terra \u00e9s a les mans d#en Jordi, l#Oriol i el seu pedant arxienemic: en Ramon Tutusaus. Aconseguiran solucionar el problema abans que aquell v\u00e0ter monstru\u00f3s destrueixi el m\u00f3n? O li tocar\u00e0 al Capit\u00e0 Cal\u00e7otets, una altra vegada, salvar la humanitat?<\/p>\n","protected":false},"excerpt":{"rendered":"<p>PILKEY, DAV<\/p>\n","protected":false},"featured_media":1074978,"template":"","meta":{"_acf_changed":false,"om_disable_all_campaigns":false,"rs_blank_template":"","rs_page_bg_color":"","slide_template_v7":"","inline_featured_image":false,"_monsterinsights_skip_tracking":false,"_monsterinsights_sitenote_active":false,"_monsterinsights_sitenote_note":"","_monsterinsights_sitenote_category":0},"product_brand":[],"product_cat":[133,363],"product_tag":[],"class_list":{"0":"post-1006393","1":"product","2":"type-product","3":"status-publish","4":"has-post-thumbnail","6":"product_cat-lectures-per-adolescents-12-18-anys","7":"product_cat-lecturas-por-adolescentes-12-18-anos","9":"first","10":"instock","11":"taxable","12":"shipping-taxable","13":"purchasable","14":"product-type-simple"},"acf":{"autor":"PILKEY, DAV","codart":"846615833","libros-coleccion":"FORA DE COL.LECCI\u00d3","ediciones":"1","encuadernacion":"Carton\u00e9","fecha_de_publicacion":"01\/02\/2025","novedad":"1","paginas":"219","subtitulo":"","orden":"0","portada":"0","idioma":"cat","editorial":[{"ID":147679,"post_author":"3","post_date":"2022-10-14 11:52:25","post_date_gmt":"2022-10-14 09:52:25","post_content":"","post_title":"CRUILLA \/SM-EDICIONS -VALENCIANO\/CATALAN","post_excerpt":"","post_status":"publish","comment_status":"closed","ping_status":"closed","post_password":"","post_name":"cruilla-sm-edicions-valenciano-catalan","to_ping":"","pinged":"","post_modified":"2022-10-14 11:52:25","post_modified_gmt":"2022-10-14 09:52:25","post_content_filtered":"","post_parent":0,"guid":"http:\/\/dev.claret.cat\/editorial\/cruilla-sm-edicions-valenciano-catalan\/","menu_order":0,"post_type":"editorial","post_mime_type":"","comment_count":"0","filter":"raw"}],"booktrailer":"","resenas":""},"aioseo_notices":[],"_links":{"self":[{"href":"https:\/\/www.claret.cat\/es\/wp-json\/wp\/v2\/product\/1006393","targetHints":{"allow":["GET"]}}],"collection":[{"href":"https:\/\/www.claret.cat\/es\/wp-json\/wp\/v2\/product"}],"about":[{"href":"https:\/\/www.claret.cat\/es\/wp-json\/wp\/v2\/types\/product"}],"wp:featuredmedia":[{"embeddable":true,"href":"https:\/\/www.claret.cat\/es\/wp-json\/wp\/v2\/media\/1074978"}],"wp:attachment":[{"href":"https:\/\/www.claret.cat\/es\/wp-json\/wp\/v2\/media?parent=1006393"}],"wp:term":[{"taxonomy":"product_brand","embeddable":true,"href":"https:\/\/www.claret.cat\/es\/wp-json\/wp\/v2\/product_brand?post=1006393"},{"taxonomy":"product_cat","embeddable":true,"href":"https:\/\/www.claret.cat\/es\/wp-json\/wp\/v2\/product_cat?post=1006393"},{"taxonomy":"product_tag","embeddable":true,"href":"https:\/\/www.claret.cat\/es\/wp-json\/wp\/v2\/product_tag?post=1006393"}],"curies":[{"name":"wp","href":"https:\/\/api.w.org\/{rel}","templated":true}]}}