{"id":1006414,"date":"2025-02-18T17:01:00","date_gmt":"2025-02-18T16:01:00","guid":{"rendered":"https:\/\/www.claret.cat\/llibre\/megapack-album-4-sobres-bluey-2-9781708022686\/"},"modified":"2025-07-31T16:47:25","modified_gmt":"2025-07-31T14:47:25","slug":"megapack-album-4-sobres-bluey-2-9781708022686","status":"publish","type":"product","link":"https:\/\/www.claret.cat\/es\/libro\/megapack-album-4-sobres-bluey-2-9781708022686\/","title":{"rendered":"MEGAPACK (ALBUM + 4 SOBRES) BLUEY 2"},"content":{"rendered":"<p>\u00a1Ya est\u00e1 aqu\u00ed el nuevo \u00e1lbum de cromos oficial de Bluey! <br \/>Juega con Bluey, Bingo y todos sus amigos y divi\u00e9rtete pegando los cromos. \u00a1No te olvides de buscar los cromos especiales! \u00a1Adem\u00e1s, dentro del \u00e1lbum encontrar\u00e1s un divertido tablero para jugar con tus amigos!<br \/>\u00a1No lo dejes escapar!<\/p>\n","protected":false},"excerpt":{"rendered":"<p>PANINI<\/p>\n","protected":false},"featured_media":1048705,"template":"","meta":{"_acf_changed":false,"om_disable_all_campaigns":false,"rs_blank_template":"","rs_page_bg_color":"","slide_template_v7":"","inline_featured_image":false,"_monsterinsights_skip_tracking":false,"_monsterinsights_sitenote_active":false,"_monsterinsights_sitenote_note":"","_monsterinsights_sitenote_category":0},"product_brand":[],"product_cat":[133,363],"product_tag":[],"class_list":{"0":"post-1006414","1":"product","2":"type-product","3":"status-publish","4":"has-post-thumbnail","6":"product_cat-lectures-per-adolescents-12-18-anys","7":"product_cat-lecturas-por-adolescentes-12-18-anos","9":"first","10":"outofstock","11":"taxable","12":"shipping-taxable","13":"purchasable","14":"product-type-simple"},"acf":{"autor":"PANINI","codart":"170802268","libros-coleccion":"","ediciones":"1","encuadernacion":"R\u00fastica","fecha_de_publicacion":"18\/02\/2025","novedad":"0","paginas":"1","subtitulo":"","orden":"0","portada":"0","idioma":"spa","editorial":[{"ID":148633,"post_author":"3","post_date":"2022-10-14 11:59:46","post_date_gmt":"2022-10-14 09:59:46","post_content":"","post_title":"PANINI","post_excerpt":"","post_status":"publish","comment_status":"closed","ping_status":"closed","post_password":"","post_name":"panini","to_ping":"","pinged":"","post_modified":"2022-10-14 11:59:46","post_modified_gmt":"2022-10-14 09:59:46","post_content_filtered":"","post_parent":0,"guid":"http:\/\/dev.claret.cat\/editorial\/panini\/","menu_order":0,"post_type":"editorial","post_mime_type":"","comment_count":"0","filter":"raw"}],"booktrailer":"","resenas":""},"aioseo_notices":[],"_links":{"self":[{"href":"https:\/\/www.claret.cat\/es\/wp-json\/wp\/v2\/product\/1006414","targetHints":{"allow":["GET"]}}],"collection":[{"href":"https:\/\/www.claret.cat\/es\/wp-json\/wp\/v2\/product"}],"about":[{"href":"https:\/\/www.claret.cat\/es\/wp-json\/wp\/v2\/types\/product"}],"wp:featuredmedia":[{"embeddable":true,"href":"https:\/\/www.claret.cat\/es\/wp-json\/wp\/v2\/media\/1048705"}],"wp:attachment":[{"href":"https:\/\/www.claret.cat\/es\/wp-json\/wp\/v2\/media?parent=1006414"}],"wp:term":[{"taxonomy":"product_brand","embeddable":true,"href":"https:\/\/www.claret.cat\/es\/wp-json\/wp\/v2\/product_brand?post=1006414"},{"taxonomy":"product_cat","embeddable":true,"href":"https:\/\/www.claret.cat\/es\/wp-json\/wp\/v2\/product_cat?post=1006414"},{"taxonomy":"product_tag","embeddable":true,"href":"https:\/\/www.claret.cat\/es\/wp-json\/wp\/v2\/product_tag?post=1006414"}],"curies":[{"name":"wp","href":"https:\/\/api.w.org\/{rel}","templated":true}]}}