{"id":1006420,"date":"2025-02-18T17:05:32","date_gmt":"2025-02-18T16:05:32","guid":{"rendered":"https:\/\/www.claret.cat\/llibre\/megapack-26-pag-arch9ce4sob-9781708023218\/"},"modified":"2026-01-12T17:11:11","modified_gmt":"2026-01-12T16:11:11","slug":"megapack-26-pag-arch9ce4sob-9781708023218","status":"publish","type":"product","link":"https:\/\/www.claret.cat\/es\/libro\/megapack-26-pag-arch9ce4sob-9781708023218\/","title":{"rendered":"MEGAPACK 26 PAG (ARCH.+9C.E.+4SOB.)"},"content":{"rendered":"<p>El Starter Pack de la magn\u00edfica colecci\u00f3n STUMBLE GUYS OFFICIAL TRADING CARD COLLECTION \u2013 SERIE (2025) contiene todo este espectacular material:<\/p>\n<p>Archivador oficial.<br \/>4 sobres con 24 cards.<br \/>9 LIMITED EDITION Cards exclusivas<br \/>\u00a1La nueva colecci\u00f3n oficial de trading cards de Stumble Guys ya est\u00e1 aqu\u00ed! Descubre la colecci\u00f3n de 234 cards con personajes del videojuego de moda, como Mr. Stumble, Super Banana o Stumble Love, con divertidas poses vistas en el juego. <\/p>\n<p>\u00a1Busca las 75 cards especiales con espectaculares efectos hologr\u00e1ficos! <\/p>\n<p>\u00a1Y, adem\u00e1s, consigue las diez cards de edici\u00f3n limitada!<\/p>\n<p>\u00a1No lo dejes escapar!<\/p>\n","protected":false},"excerpt":{"rendered":"<p>PANINI<\/p>\n","protected":false},"featured_media":1073447,"template":"","meta":{"_acf_changed":false,"om_disable_all_campaigns":false,"rs_blank_template":"","rs_page_bg_color":"","slide_template_v7":"","inline_featured_image":false,"_monsterinsights_skip_tracking":false,"_monsterinsights_sitenote_active":false,"_monsterinsights_sitenote_note":"","_monsterinsights_sitenote_category":0},"product_brand":[],"product_cat":[131,361],"product_tag":[],"class_list":{"0":"post-1006420","1":"product","2":"type-product","3":"status-publish","4":"has-post-thumbnail","6":"product_cat-contes-per-infants-0-6-anys","7":"product_cat-cuentos-para-ninos-0-6-anos","9":"first","10":"outofstock","11":"taxable","12":"shipping-taxable","13":"purchasable","14":"product-type-simple"},"acf":{"autor":"PANINI","codart":"170802321","libros-coleccion":"","ediciones":"1","encuadernacion":"R\u00fastica","fecha_de_publicacion":"18\/02\/2025","novedad":"0","paginas":"1","subtitulo":"","orden":"0","portada":"0","idioma":"spa","editorial":[{"ID":148633,"post_author":"3","post_date":"2022-10-14 11:59:46","post_date_gmt":"2022-10-14 09:59:46","post_content":"","post_title":"PANINI","post_excerpt":"","post_status":"publish","comment_status":"closed","ping_status":"closed","post_password":"","post_name":"panini","to_ping":"","pinged":"","post_modified":"2022-10-14 11:59:46","post_modified_gmt":"2022-10-14 09:59:46","post_content_filtered":"","post_parent":0,"guid":"http:\/\/dev.claret.cat\/editorial\/panini\/","menu_order":0,"post_type":"editorial","post_mime_type":"","comment_count":"0","filter":"raw"}],"booktrailer":"","resenas":""},"aioseo_notices":[],"_links":{"self":[{"href":"https:\/\/www.claret.cat\/es\/wp-json\/wp\/v2\/product\/1006420","targetHints":{"allow":["GET"]}}],"collection":[{"href":"https:\/\/www.claret.cat\/es\/wp-json\/wp\/v2\/product"}],"about":[{"href":"https:\/\/www.claret.cat\/es\/wp-json\/wp\/v2\/types\/product"}],"wp:featuredmedia":[{"embeddable":true,"href":"https:\/\/www.claret.cat\/es\/wp-json\/wp\/v2\/media\/1073447"}],"wp:attachment":[{"href":"https:\/\/www.claret.cat\/es\/wp-json\/wp\/v2\/media?parent=1006420"}],"wp:term":[{"taxonomy":"product_brand","embeddable":true,"href":"https:\/\/www.claret.cat\/es\/wp-json\/wp\/v2\/product_brand?post=1006420"},{"taxonomy":"product_cat","embeddable":true,"href":"https:\/\/www.claret.cat\/es\/wp-json\/wp\/v2\/product_cat?post=1006420"},{"taxonomy":"product_tag","embeddable":true,"href":"https:\/\/www.claret.cat\/es\/wp-json\/wp\/v2\/product_tag?post=1006420"}],"curies":[{"name":"wp","href":"https:\/\/api.w.org\/{rel}","templated":true}]}}