{"id":1006625,"date":"2025-02-19T13:15:23","date_gmt":"2025-02-19T12:15:23","guid":{"rendered":"https:\/\/www.claret.cat\/llibre\/1984-9788414342572\/"},"modified":"2025-02-19T16:35:39","modified_gmt":"2025-02-19T15:35:39","slug":"1984-9788414342572","status":"publish","type":"product","link":"https:\/\/www.claret.cat\/es\/libro\/1984-9788414342572\/","title":{"rendered":"1984"},"content":{"rendered":"<p>Adaptaci\u00f3n de la obra maestra de Orwell en la que se alertaba de totalitarismos y la amenaza de un &#8216;gran hermano&#8217; que controlase al individuo constantemente<br \/> 1984, en un Londres futuro, parte de una regi\u00f3n que alguna vez fue llamada Inglaterra o Britania, integrada a su vez en un estado llamado Ocean\u00eda. All\u00ed gobierna un partido \u00fanico, acaudillado por el omnipresente y vigilante Gran Hermano. La civilizaci\u00f3n ha sido devastada por una Tercera Guerra Mundial en la que se han usado armas nucleares, y que ha tenido lugar a principios de los a\u00f1os cincuenta. Se han producido conflictos civiles y una revoluci\u00f3n, tras la cual el Partido \u00danico ha tomado el poder y manipula a los ciudadanos y la historia a su antojo. Winston Smith, funcionario del Ministerio de la Verdad que reescribe el pasado seg\u00fan las consignas establecidas, ve crecer en \u00e9l un deseo de libertad y rebeld\u00eda contra el asfixiante Estado. <br \/> Una adaptaci\u00f3n del cl\u00e1sico de la literatura dist\u00f3pica publicado en 1949 en la que se mantiene el estilo y mensaje de George Orwell.<\/p>\n","protected":false},"excerpt":{"rendered":"<p>ORWELL, GEORGE<\/p>\n","protected":false},"featured_media":1006834,"template":"","meta":{"_acf_changed":false,"om_disable_all_campaigns":false,"rs_blank_template":"","rs_page_bg_color":"","slide_template_v7":"","inline_featured_image":false,"_monsterinsights_skip_tracking":false,"_monsterinsights_sitenote_active":false,"_monsterinsights_sitenote_note":"","_monsterinsights_sitenote_category":0},"product_brand":[],"product_cat":[133,354,123,117,566,363],"product_tag":[],"class_list":{"0":"post-1006625","1":"product","2":"type-product","3":"status-publish","4":"has-post-thumbnail","6":"product_cat-lectures-per-adolescents-12-18-anys","7":"product_cat-clasica","8":"product_cat-classica","9":"product_cat-juvenil","10":"product_cat-juvenil-3_infantil-juvenil-spa-spa","11":"product_cat-lecturas-por-adolescentes-12-18-anos","13":"first","14":"instock","15":"taxable","16":"shipping-taxable","17":"purchasable","18":"product-type-simple"},"acf":{"autor":"ORWELL, GEORGE","codart":"841434257","libros-coleccion":"CL\u00c1SICOS - Cl\u00e1sicos a Medida","ediciones":"1","encuadernacion":"R\u00fastica","fecha_de_publicacion":"01\/02\/2025","novedad":"1","paginas":"182","subtitulo":"","orden":"0","portada":"0","idioma":"spa","editorial":[{"ID":147433,"post_author":"3","post_date":"2022-10-14 11:50:32","post_date_gmt":"2022-10-14 09:50:32","post_content":"","post_title":"ANAYA INFANTIL Y JUVENIL","post_excerpt":"","post_status":"publish","comment_status":"closed","ping_status":"closed","post_password":"","post_name":"anaya-infantil-y-juvenil","to_ping":"","pinged":"","post_modified":"2022-10-14 11:50:32","post_modified_gmt":"2022-10-14 09:50:32","post_content_filtered":"","post_parent":0,"guid":"http:\/\/dev.claret.cat\/editorial\/anaya-infantil-y-juvenil\/","menu_order":0,"post_type":"editorial","post_mime_type":"","comment_count":"0","filter":"raw"}]},"aioseo_notices":[],"_links":{"self":[{"href":"https:\/\/www.claret.cat\/es\/wp-json\/wp\/v2\/product\/1006625","targetHints":{"allow":["GET"]}}],"collection":[{"href":"https:\/\/www.claret.cat\/es\/wp-json\/wp\/v2\/product"}],"about":[{"href":"https:\/\/www.claret.cat\/es\/wp-json\/wp\/v2\/types\/product"}],"wp:featuredmedia":[{"embeddable":true,"href":"https:\/\/www.claret.cat\/es\/wp-json\/wp\/v2\/media\/1006834"}],"wp:attachment":[{"href":"https:\/\/www.claret.cat\/es\/wp-json\/wp\/v2\/media?parent=1006625"}],"wp:term":[{"taxonomy":"product_brand","embeddable":true,"href":"https:\/\/www.claret.cat\/es\/wp-json\/wp\/v2\/product_brand?post=1006625"},{"taxonomy":"product_cat","embeddable":true,"href":"https:\/\/www.claret.cat\/es\/wp-json\/wp\/v2\/product_cat?post=1006625"},{"taxonomy":"product_tag","embeddable":true,"href":"https:\/\/www.claret.cat\/es\/wp-json\/wp\/v2\/product_tag?post=1006625"}],"curies":[{"name":"wp","href":"https:\/\/api.w.org\/{rel}","templated":true}]}}