{"id":1006637,"date":"2025-02-19T13:16:16","date_gmt":"2025-02-19T12:16:16","guid":{"rendered":"https:\/\/www.claret.cat\/llibre\/invisibles-9788448965587\/"},"modified":"2025-02-19T16:36:03","modified_gmt":"2025-02-19T15:36:03","slug":"invisibles-9788448965587","status":"publish","type":"product","link":"https:\/\/www.claret.cat\/es\/libro\/invisibles-9788448965587\/","title":{"rendered":"INVISIBLES"},"content":{"rendered":"<p>Poc es podia imaginar l&#8221;Aura, mentre condu\u00efa el bibliob\u00fas com de costum, que aquell dia la seva vida donaria un tomb inesperat en rebre l&#8221;enc\u00e0rrec de complir una missi\u00f3 gaireb\u00e9 impossible.<br \/> Juntament amb la intr\u00e8pida Zana i l&#8221;eixelebrat Bellatrix, els tres amics es veuran immersos en una aventura plena de perills i secrets que els posar\u00e0 a prova per fer sentir les veus d&#8221;aquelles dones que, en el transcurs de la hist\u00f2ria, van ser invisibles.<br \/> La recerca d&#8221;un alfabet ancestral que far\u00e0 canviar el relat de la hist\u00f2ria, els portar\u00e0 a viure una cursa trepidant, on fantasia i realitat es confonen, i on passat i present s&#8221;entrellacen.<\/p>\n","protected":false},"excerpt":{"rendered":"<p>COLOM\u00c9, MARTA<\/p>\n","protected":false},"featured_media":1006836,"template":"","meta":{"_acf_changed":false,"om_disable_all_campaigns":false,"rs_blank_template":"","rs_page_bg_color":"","slide_template_v7":"","inline_featured_image":false,"_monsterinsights_skip_tracking":false,"_monsterinsights_sitenote_active":false,"_monsterinsights_sitenote_note":"","_monsterinsights_sitenote_category":0},"product_brand":[],"product_cat":[133,566,117,363],"product_tag":[],"class_list":{"0":"post-1006637","1":"product","2":"type-product","3":"status-publish","4":"has-post-thumbnail","6":"product_cat-lectures-per-adolescents-12-18-anys","7":"product_cat-juvenil-3_infantil-juvenil-spa-spa","8":"product_cat-juvenil","9":"product_cat-lecturas-por-adolescentes-12-18-anos","11":"first","12":"instock","13":"taxable","14":"shipping-taxable","15":"purchasable","16":"product-type-simple"},"acf":{"autor":"COLOM\u00c9, MARTA","codart":"844896558","libros-coleccion":"Llibres Infantils I Juvenils - Antaviana","ediciones":"1","encuadernacion":"R\u00fastica","fecha_de_publicacion":"01\/02\/2025","novedad":"1","paginas":"120","subtitulo":"+15","orden":"0","portada":"0","idioma":"cat","editorial":[{"ID":147525,"post_author":"3","post_date":"2022-10-14 11:51:14","post_date_gmt":"2022-10-14 09:51:14","post_content":"","post_title":"BARCANOVA","post_excerpt":"","post_status":"publish","comment_status":"closed","ping_status":"closed","post_password":"","post_name":"barcanova","to_ping":"","pinged":"","post_modified":"2022-10-14 11:51:14","post_modified_gmt":"2022-10-14 09:51:14","post_content_filtered":"","post_parent":0,"guid":"http:\/\/dev.claret.cat\/editorial\/barcanova\/","menu_order":0,"post_type":"editorial","post_mime_type":"","comment_count":"0","filter":"raw"}]},"aioseo_notices":[],"_links":{"self":[{"href":"https:\/\/www.claret.cat\/es\/wp-json\/wp\/v2\/product\/1006637","targetHints":{"allow":["GET"]}}],"collection":[{"href":"https:\/\/www.claret.cat\/es\/wp-json\/wp\/v2\/product"}],"about":[{"href":"https:\/\/www.claret.cat\/es\/wp-json\/wp\/v2\/types\/product"}],"wp:featuredmedia":[{"embeddable":true,"href":"https:\/\/www.claret.cat\/es\/wp-json\/wp\/v2\/media\/1006836"}],"wp:attachment":[{"href":"https:\/\/www.claret.cat\/es\/wp-json\/wp\/v2\/media?parent=1006637"}],"wp:term":[{"taxonomy":"product_brand","embeddable":true,"href":"https:\/\/www.claret.cat\/es\/wp-json\/wp\/v2\/product_brand?post=1006637"},{"taxonomy":"product_cat","embeddable":true,"href":"https:\/\/www.claret.cat\/es\/wp-json\/wp\/v2\/product_cat?post=1006637"},{"taxonomy":"product_tag","embeddable":true,"href":"https:\/\/www.claret.cat\/es\/wp-json\/wp\/v2\/product_tag?post=1006637"}],"curies":[{"name":"wp","href":"https:\/\/api.w.org\/{rel}","templated":true}]}}