{"id":1006893,"date":"2025-02-19T17:22:05","date_gmt":"2025-02-19T16:22:05","guid":{"rendered":"https:\/\/www.claret.cat\/llibre\/la-asistencia-religiosa-en-el-hospital-9788471416490\/"},"modified":"2026-01-26T19:32:48","modified_gmt":"2026-01-26T18:32:48","slug":"la-asistencia-religiosa-en-el-hospital-9788471416490","status":"publish","type":"product","link":"https:\/\/www.claret.cat\/es\/libro\/la-asistencia-religiosa-en-el-hospital-9788471416490\/","title":{"rendered":"LA ASISTENCIA RELIGIOSA EN EL HOSPITAL"},"content":{"rendered":"<p>Iglesia y mundo de la saluld, 1<br \/>El documento de la Comisi\u00f3n Episcopal de Pastoral:<br \/>\u00abLa asistencia religiosa en el hospital Orientaciones pastorales\u00bb, fue publicado en el a\u00f1o 1987 con la finalidad de orientar y renovar la asistencia religiosa cat\u00f3lica en una instituci\u00f3n tan singular y compleja como es el hospital.<br \/>Este documento que ahora cumple 20 a\u00f1os no ha perdido su vigencia y actualidad, de ah\u00ed que hayamos decidido reeditarlo. Ofrece un modelo de asistencia religiosa que intenta responder a las aspiraciones m\u00e1s profundas del ser humano, acompa\u00f1\u00e1ndole en el itinerario de su fe en los momentos cr\u00edticos de la enfermedad y de la inminencia de la muerte, y aportando a la humanizaci\u00f3n de la asistencia sanitaria la fuerza del Evangelio.<br \/>El documento contin\u00faa siendo un material indispensable para la formaci\u00f3n permanente, apto no s\u00f3lo para los agentes de pastoral de los centros hospitalarios, sino tambi\u00e9n para los numerosos grupos parroquiales que acompa\u00f1an a los enfermos en su domicilio o les visitan en el hospital.<br \/>\u00a1Que su difusi\u00f3n, lectura, estudio y discusi\u00f3n personal y en grupos, as\u00ed como su asimilaci\u00f3n y puesta en pr\u00e1ctica, contribuyan a renovar la asistencia religiosa en el hospital y con ello la presencia y la acci\u00f3n de nuestra Iglesia en ese \u00e1mbito!<\/p>\n","protected":false},"excerpt":{"rendered":"<p>COMISION EPISCOPAL DE PAS<\/p>\n","protected":false},"featured_media":1078252,"template":"","meta":{"_acf_changed":false,"om_disable_all_campaigns":false,"rs_blank_template":"","rs_page_bg_color":"","slide_template_v7":"","inline_featured_image":false,"_monsterinsights_skip_tracking":false,"_monsterinsights_sitenote_active":false,"_monsterinsights_sitenote_note":"","_monsterinsights_sitenote_category":0},"product_brand":[],"product_cat":[285,419],"product_tag":[],"class_list":{"0":"post-1006893","1":"product","2":"type-product","3":"status-publish","4":"has-post-thumbnail","6":"product_cat-pastoral-teologia","7":"product_cat-pastoral-teologia-1_espiritualidad","9":"first","10":"instock","11":"taxable","12":"shipping-taxable","13":"purchasable","14":"product-type-simple"},"acf":{"autor":"COMISION EPISCOPAL DE PAS","codart":"847141649","libros-coleccion":"PASTORAL","ediciones":"1","encuadernacion":"R\u00fastica","fecha_de_publicacion":"18\/12\/2007","novedad":"0","paginas":"118","subtitulo":"ORIENTACIONES PASTORALES","orden":"0","portada":"0","idioma":"spa","editorial":[{"ID":6194,"post_author":"3","post_date":"2022-07-28 17:46:55","post_date_gmt":"2022-07-28 15:46:55","post_content":"","post_title":"EDICE - Conf. Episc.","post_excerpt":"","post_status":"publish","comment_status":"closed","ping_status":"closed","post_password":"","post_name":"edice-conf-episc","to_ping":"","pinged":"","post_modified":"2022-07-28 17:46:55","post_modified_gmt":"2022-07-28 15:46:55","post_content_filtered":"","post_parent":0,"guid":"http:\/\/dev.claret.cat\/editorial\/edice-conf-episc\/","menu_order":0,"post_type":"editorial","post_mime_type":"","comment_count":"0","filter":"raw"}],"autores-libros":[{"ID":1006892,"post_author":"3","post_date":"2025-02-19 17:22:02","post_date_gmt":"2025-02-19 16:22:02","post_content":"","post_title":"COMISI\u00d3N EPISCOPAL DE PASTORAL DEP. SALUD","post_excerpt":"","post_status":"publish","comment_status":"closed","ping_status":"closed","post_password":"","post_name":"comision-episcopal-de-pastoral-dep-salud","to_ping":"","pinged":"","post_modified":"2025-02-19 17:22:02","post_modified_gmt":"2025-02-19 16:22:02","post_content_filtered":"","post_parent":0,"guid":"https:\/\/www.claret.cat\/autor\/comision-episcopal-de-pastoral-dep-salud\/","menu_order":0,"post_type":"autor","post_mime_type":"","comment_count":"0","filter":"raw"}],"booktrailer":"","resenas":""},"aioseo_notices":[],"_links":{"self":[{"href":"https:\/\/www.claret.cat\/es\/wp-json\/wp\/v2\/product\/1006893","targetHints":{"allow":["GET"]}}],"collection":[{"href":"https:\/\/www.claret.cat\/es\/wp-json\/wp\/v2\/product"}],"about":[{"href":"https:\/\/www.claret.cat\/es\/wp-json\/wp\/v2\/types\/product"}],"wp:featuredmedia":[{"embeddable":true,"href":"https:\/\/www.claret.cat\/es\/wp-json\/wp\/v2\/media\/1078252"}],"wp:attachment":[{"href":"https:\/\/www.claret.cat\/es\/wp-json\/wp\/v2\/media?parent=1006893"}],"wp:term":[{"taxonomy":"product_brand","embeddable":true,"href":"https:\/\/www.claret.cat\/es\/wp-json\/wp\/v2\/product_brand?post=1006893"},{"taxonomy":"product_cat","embeddable":true,"href":"https:\/\/www.claret.cat\/es\/wp-json\/wp\/v2\/product_cat?post=1006893"},{"taxonomy":"product_tag","embeddable":true,"href":"https:\/\/www.claret.cat\/es\/wp-json\/wp\/v2\/product_tag?post=1006893"}],"curies":[{"name":"wp","href":"https:\/\/api.w.org\/{rel}","templated":true}]}}