{"id":1006905,"date":"2025-02-19T17:30:35","date_gmt":"2025-02-19T16:30:35","guid":{"rendered":"https:\/\/www.claret.cat\/llibre\/el-precioso-tiempo-del-final-aprender-a-morir-9788429316216\/"},"modified":"2026-04-22T14:00:41","modified_gmt":"2026-04-22T12:00:41","slug":"el-precioso-tiempo-del-final-aprender-a-morir-9788429316216","status":"publish","type":"product","link":"https:\/\/www.claret.cat\/es\/libro\/el-precioso-tiempo-del-final-aprender-a-morir-9788429316216\/","title":{"rendered":"EL PRECIOSO TIEMPO DEL FINAL. APRENDER A MORIR"},"content":{"rendered":"<p>El precioso tiempo del final est\u00e1 dirigido a aquellas personas mayores o enfermas que desean prepararse para vivir bien los \u00faltimos momentos de su vida. Para ellas ha sido escrito, con la intenci\u00f3n de favorecer su autonom\u00eda y su progreso personal. El proceso que propone tiene en cuenta las principales necesidades de la persona que se encuentra al final de su vida. Sigui\u00e9ndolo, podr\u00e1 proseguir su crecimiento humano y espiritual, madurar sus convicciones religiosas, concluir los proyectos comenzados, reconciliarse y despedirse, dejar testamento y vivir bien el final de su propia vida y su propia muerte.<\/p>\n","protected":false},"excerpt":{"rendered":"<p>MONBOURQUETTE,JEAN<\/p>\n","protected":false},"featured_media":1006906,"template":"","meta":{"_acf_changed":false,"om_disable_all_campaigns":false,"rs_blank_template":"","rs_page_bg_color":"","slide_template_v7":"","inline_featured_image":false,"_monsterinsights_skip_tracking":false,"_monsterinsights_sitenote_active":false,"_monsterinsights_sitenote_note":"","_monsterinsights_sitenote_category":0},"product_brand":[],"product_cat":[401,260,402,261,515,289,491,241],"product_tag":[],"class_list":{"0":"post-1006905","1":"product","2":"type-product","3":"status-publish","4":"has-post-thumbnail","6":"product_cat-de-la-salud","7":"product_cat-de-la-salut","8":"product_cat-de-la-tercera-edad","9":"product_cat-de-la-tercera-edat-pastoral","10":"product_cat-moral-de-la-persona-bioetica-teologia-1_espiritualidad","11":"product_cat-moral-de-la-persona-bioetica","12":"product_cat-testimonios","13":"product_cat-testimonis","15":"first","16":"instock","17":"taxable","18":"shipping-taxable","19":"purchasable","20":"product-type-simple"},"acf":{"autor":"MONBOURQUETTE,JEAN","codart":"842931621","libros-coleccion":"El Pozo de Siquem","ediciones":"1","encuadernacion":"R\u00fastica","fecha_de_publicacion":"09\/12\/2005","novedad":"0","paginas":"220","subtitulo":"APRENDER A MORIR","orden":"999","portada":"0","idioma":"spa","editorial":[{"ID":6351,"post_author":"3","post_date":"2022-07-28 17:50:19","post_date_gmt":"2022-07-28 15:50:19","post_content":"","post_title":"Sal Terrae","post_excerpt":"","post_status":"publish","comment_status":"closed","ping_status":"closed","post_password":"","post_name":"sal-terrae","to_ping":"","pinged":"","post_modified":"2022-07-28 17:50:19","post_modified_gmt":"2022-07-28 15:50:19","post_content_filtered":"","post_parent":0,"guid":"http:\/\/dev.claret.cat\/editorial\/sal-terrae\/","menu_order":0,"post_type":"editorial","post_mime_type":"","comment_count":"0","filter":"raw"}],"autores-libros":[{"ID":289628,"post_author":"3","post_date":"2022-12-10 10:40:40","post_date_gmt":"2022-12-10 09:40:40","post_content":"","post_title":"JEAN MONBOURQUETTE","post_excerpt":"","post_status":"publish","comment_status":"closed","ping_status":"closed","post_password":"","post_name":"jean-monbourquette","to_ping":"","pinged":"","post_modified":"2022-12-10 10:40:40","post_modified_gmt":"2022-12-10 09:40:40","post_content_filtered":"","post_parent":0,"guid":"http:\/\/dev.claret.cat\/autor\/jean-monbourquette\/","menu_order":0,"post_type":"autor","post_mime_type":"","comment_count":"0","filter":"raw"},{"ID":1006904,"post_author":"3","post_date":"2025-02-19 17:30:33","post_date_gmt":"2025-02-19 16:30:33","post_content":"","post_title":"DENISE LUSSIER-RUSSELL","post_excerpt":"","post_status":"publish","comment_status":"closed","ping_status":"closed","post_password":"","post_name":"denise-lussier-russell","to_ping":"","pinged":"","post_modified":"2025-02-19 17:30:33","post_modified_gmt":"2025-02-19 16:30:33","post_content_filtered":"","post_parent":0,"guid":"https:\/\/www.claret.cat\/autor\/denise-lussier-russell\/","menu_order":0,"post_type":"autor","post_mime_type":"","comment_count":"0","filter":"raw"}],"booktrailer":"","resenas":""},"aioseo_notices":[],"_links":{"self":[{"href":"https:\/\/www.claret.cat\/es\/wp-json\/wp\/v2\/product\/1006905","targetHints":{"allow":["GET"]}}],"collection":[{"href":"https:\/\/www.claret.cat\/es\/wp-json\/wp\/v2\/product"}],"about":[{"href":"https:\/\/www.claret.cat\/es\/wp-json\/wp\/v2\/types\/product"}],"wp:featuredmedia":[{"embeddable":true,"href":"https:\/\/www.claret.cat\/es\/wp-json\/wp\/v2\/media\/1006906"}],"wp:attachment":[{"href":"https:\/\/www.claret.cat\/es\/wp-json\/wp\/v2\/media?parent=1006905"}],"wp:term":[{"taxonomy":"product_brand","embeddable":true,"href":"https:\/\/www.claret.cat\/es\/wp-json\/wp\/v2\/product_brand?post=1006905"},{"taxonomy":"product_cat","embeddable":true,"href":"https:\/\/www.claret.cat\/es\/wp-json\/wp\/v2\/product_cat?post=1006905"},{"taxonomy":"product_tag","embeddable":true,"href":"https:\/\/www.claret.cat\/es\/wp-json\/wp\/v2\/product_tag?post=1006905"}],"curies":[{"name":"wp","href":"https:\/\/api.w.org\/{rel}","templated":true}]}}