{"id":1006921,"date":"2025-02-19T17:55:43","date_gmt":"2025-02-19T16:55:43","guid":{"rendered":"https:\/\/www.claret.cat\/llibre\/esglesia-de-catalunya-i-la-sida-l-9788482971995\/"},"modified":"2025-02-19T17:55:58","modified_gmt":"2025-02-19T16:55:58","slug":"esglesia-de-catalunya-i-la-sida-l-9788482971995","status":"publish","type":"product","link":"https:\/\/www.claret.cat\/es\/libro\/esglesia-de-catalunya-i-la-sida-l-9788482971995\/","title":{"rendered":"ESGLESIA DE CATALUNYA I LA SIDA, L&#8217;"},"content":{"rendered":"<p>Un recull de constatacions, reflexions i propostes sobre, d&#8217;una part, l&#8217;Esgl\u00e9sia i, de l&#8217;altra, la sida. I aix\u00f2 en l&#8217;espai concret de Catalunya.<br \/>La Fundaci\u00f3 Dimensi\u00f3 Sida ha pres la iniciativa agosarada de recollir opinions diverses que ens poden donar una aproximaci\u00f3 precisa sobre qu\u00e8 ha fet i qu\u00e8 est\u00e0 fent l&#8217;Esgl\u00e9sia de Catalunya davant la sida.<\/p>\n","protected":false},"excerpt":{"rendered":"<p>MIRABET I MULLOL, ANTONI<\/p>\n","protected":false},"featured_media":1006922,"template":"","meta":{"_acf_changed":false,"om_disable_all_campaigns":false,"rs_blank_template":"","rs_page_bg_color":"","slide_template_v7":"","inline_featured_image":false,"_monsterinsights_skip_tracking":false,"_monsterinsights_sitenote_active":false,"_monsterinsights_sitenote_note":"","_monsterinsights_sitenote_category":0},"product_brand":[],"product_cat":[401,260,581,273,411],"product_tag":[],"class_list":{"0":"post-1006921","1":"product","2":"type-product","3":"status-publish","4":"has-post-thumbnail","6":"product_cat-de-la-salud","7":"product_cat-de-la-salut","8":"product_cat-editorial-claret","9":"product_cat-frontera","10":"product_cat-frontera-pastoral-1_espiritualidad","12":"first","13":"instock","14":"taxable","15":"shipping-taxable","16":"purchasable","17":"product-type-simple"},"acf":{"autor":"MIRABET I MULLOL, ANTONI","codart":"848297199","libros-coleccion":"EINES","ediciones":"0","encuadernacion":"R\u00fastica","fecha_de_publicacion":"01\/10\/1997","novedad":"0","paginas":"214","subtitulo":"CONSTATACIONS, REFLEXIONS I PROPOSTES","orden":"999","portada":"0","idioma":"cat","editorial":[{"ID":6158,"post_author":"3","post_date":"2022-07-28 17:46:08","post_date_gmt":"2022-07-28 15:46:08","post_content":"","post_title":"CLARET","post_excerpt":"","post_status":"publish","comment_status":"closed","ping_status":"closed","post_password":"","post_name":"claret","to_ping":"","pinged":"","post_modified":"2022-07-28 17:46:08","post_modified_gmt":"2022-07-28 15:46:08","post_content_filtered":"","post_parent":0,"guid":"http:\/\/dev.claret.cat\/editorial\/claret\/","menu_order":0,"post_type":"editorial","post_mime_type":"","comment_count":"0","filter":"raw"}],"autores-libros":[{"ID":1006920,"post_author":"3","post_date":"2025-02-19 17:55:41","post_date_gmt":"2025-02-19 16:55:41","post_content":"","post_title":"ANTONI MIRABET I MULLOL","post_excerpt":"","post_status":"publish","comment_status":"closed","ping_status":"closed","post_password":"","post_name":"antoni-mirabet-i-mullol","to_ping":"","pinged":"","post_modified":"2025-02-19 17:55:41","post_modified_gmt":"2025-02-19 16:55:41","post_content_filtered":"","post_parent":0,"guid":"https:\/\/www.claret.cat\/autor\/antoni-mirabet-i-mullol\/","menu_order":0,"post_type":"autor","post_mime_type":"","comment_count":"0","filter":"raw"}]},"aioseo_notices":[],"_links":{"self":[{"href":"https:\/\/www.claret.cat\/es\/wp-json\/wp\/v2\/product\/1006921","targetHints":{"allow":["GET"]}}],"collection":[{"href":"https:\/\/www.claret.cat\/es\/wp-json\/wp\/v2\/product"}],"about":[{"href":"https:\/\/www.claret.cat\/es\/wp-json\/wp\/v2\/types\/product"}],"wp:featuredmedia":[{"embeddable":true,"href":"https:\/\/www.claret.cat\/es\/wp-json\/wp\/v2\/media\/1006922"}],"wp:attachment":[{"href":"https:\/\/www.claret.cat\/es\/wp-json\/wp\/v2\/media?parent=1006921"}],"wp:term":[{"taxonomy":"product_brand","embeddable":true,"href":"https:\/\/www.claret.cat\/es\/wp-json\/wp\/v2\/product_brand?post=1006921"},{"taxonomy":"product_cat","embeddable":true,"href":"https:\/\/www.claret.cat\/es\/wp-json\/wp\/v2\/product_cat?post=1006921"},{"taxonomy":"product_tag","embeddable":true,"href":"https:\/\/www.claret.cat\/es\/wp-json\/wp\/v2\/product_tag?post=1006921"}],"curies":[{"name":"wp","href":"https:\/\/api.w.org\/{rel}","templated":true}]}}