{"id":1006925,"date":"2025-02-19T18:02:26","date_gmt":"2025-02-19T17:02:26","guid":{"rendered":"https:\/\/www.claret.cat\/llibre\/la-pastoral-en-lesplai-9788498468687\/"},"modified":"2025-02-19T18:02:41","modified_gmt":"2025-02-19T17:02:41","slug":"la-pastoral-en-lesplai-9788498468687","status":"publish","type":"product","link":"https:\/\/www.claret.cat\/es\/libro\/la-pastoral-en-lesplai-9788498468687\/","title":{"rendered":"LA PASTORAL EN L&#8217;ESPLAI"},"content":{"rendered":"","protected":false},"excerpt":{"rendered":"<p>FUNDACI\u00d3 PERE TARR\u00c9S<\/p>\n","protected":false},"featured_media":1006926,"template":"","meta":{"_acf_changed":false,"om_disable_all_campaigns":false,"rs_blank_template":"","rs_page_bg_color":"","slide_template_v7":"","inline_featured_image":false,"_monsterinsights_skip_tracking":false,"_monsterinsights_sitenote_active":false,"_monsterinsights_sitenote_note":"","_monsterinsights_sitenote_category":0},"product_brand":[],"product_cat":[581,352,86,78,344],"product_tag":[],"class_list":{"0":"post-1006925","1":"product","2":"type-product","3":"status-publish","4":"has-post-thumbnail","6":"product_cat-editorial-claret","7":"product_cat-infantil-3_infantil-juvenil-spa","8":"product_cat-infantil","9":"product_cat-pastoral","10":"product_cat-pastoral-1_espiritualidad","12":"first","13":"instock","14":"taxable","15":"shipping-taxable","16":"purchasable","17":"product-type-simple"},"acf":{"autor":"FUNDACI\u00d3 PERE TARR\u00c9S","codart":"849846868","libros-coleccion":"","ediciones":"1","encuadernacion":"R\u00fastica","fecha_de_publicacion":"28\/10\/2014","novedad":"0","paginas":"64","subtitulo":"ACTUALITZACI\u00d3 DE LA PROPOSTA EDUCATIVA I DEL DIRECTORI DE PASTORAL","orden":"999","portada":"0","idioma":"cat","editorial":[{"ID":6158,"post_author":"3","post_date":"2022-07-28 17:46:08","post_date_gmt":"2022-07-28 15:46:08","post_content":"","post_title":"CLARET","post_excerpt":"","post_status":"publish","comment_status":"closed","ping_status":"closed","post_password":"","post_name":"claret","to_ping":"","pinged":"","post_modified":"2022-07-28 17:46:08","post_modified_gmt":"2022-07-28 15:46:08","post_content_filtered":"","post_parent":0,"guid":"http:\/\/dev.claret.cat\/editorial\/claret\/","menu_order":0,"post_type":"editorial","post_mime_type":"","comment_count":"0","filter":"raw"}],"autores-libros":[{"ID":5500,"post_author":"3","post_date":"2022-07-28 17:25:19","post_date_gmt":"2022-07-28 15:25:19","post_content":"<span class=\"fontstyle0\">La Fundaci\u00f3 Pere Tarr\u00e9s, amb 60 anys d\u2019exist\u00e8ncia, \u00e9s una organitzaci\u00f3 no lucrativa educativa i d\u2019acci\u00f3 social que va n\u00e9ixer amb la finalitat de promoure l\u2019educaci\u00f3 en el lleure d\u2019infants i joves.<\/span>\r\n\r\n<span class=\"fontstyle0\">Dedicada a la promoci\u00f3 de l\u2019educaci\u00f3 en el temps lliure, el voluntariat, la millora de la intervenci\u00f3 social i l\u2019enfortiment del teixit associatiu, amb el temps la seva acci\u00f3 s\u2019ha ampliat a altres \u00e0mbits de l\u2019acci\u00f3 social com ara la formaci\u00f3, la recerca i la gesti\u00f3.<\/span>","post_title":"FUNDACI\u00d3 PERE TARR\u00c9S","post_excerpt":"","post_status":"publish","comment_status":"closed","ping_status":"closed","post_password":"","post_name":"fundacio-pere-tarres","to_ping":"","pinged":"","post_modified":"2024-02-05 11:51:01","post_modified_gmt":"2024-02-05 10:51:01","post_content_filtered":"","post_parent":0,"guid":"http:\/\/dev.claret.cat\/autor\/fundacio-pere-tarres\/","menu_order":0,"post_type":"autor","post_mime_type":"","comment_count":"0","filter":"raw"}]},"aioseo_notices":[],"_links":{"self":[{"href":"https:\/\/www.claret.cat\/es\/wp-json\/wp\/v2\/product\/1006925","targetHints":{"allow":["GET"]}}],"collection":[{"href":"https:\/\/www.claret.cat\/es\/wp-json\/wp\/v2\/product"}],"about":[{"href":"https:\/\/www.claret.cat\/es\/wp-json\/wp\/v2\/types\/product"}],"wp:featuredmedia":[{"embeddable":true,"href":"https:\/\/www.claret.cat\/es\/wp-json\/wp\/v2\/media\/1006926"}],"wp:attachment":[{"href":"https:\/\/www.claret.cat\/es\/wp-json\/wp\/v2\/media?parent=1006925"}],"wp:term":[{"taxonomy":"product_brand","embeddable":true,"href":"https:\/\/www.claret.cat\/es\/wp-json\/wp\/v2\/product_brand?post=1006925"},{"taxonomy":"product_cat","embeddable":true,"href":"https:\/\/www.claret.cat\/es\/wp-json\/wp\/v2\/product_cat?post=1006925"},{"taxonomy":"product_tag","embeddable":true,"href":"https:\/\/www.claret.cat\/es\/wp-json\/wp\/v2\/product_tag?post=1006925"}],"curies":[{"name":"wp","href":"https:\/\/api.w.org\/{rel}","templated":true}]}}