{"id":1007027,"date":"2025-02-20T16:30:09","date_gmt":"2025-02-20T15:30:09","guid":{"rendered":"https:\/\/www.claret.cat\/llibre\/psicologia-cristiana-y-direccion-espiritual-9788412804867\/"},"modified":"2025-02-20T16:40:38","modified_gmt":"2025-02-20T15:40:38","slug":"psicologia-cristiana-y-direccion-espiritual-9788412804867","status":"publish","type":"product","link":"https:\/\/www.claret.cat\/es\/libro\/psicologia-cristiana-y-direccion-espiritual-9788412804867\/","title":{"rendered":"PSICOLOG\u00cdA CRISTIANA Y DIRECCI\u00d3N ESPIRITUAL"},"content":{"rendered":"<p>La psicolog\u00eda cristiana es una cuesti\u00f3n de extrema urgencia y necesidad, pues est\u00e1 en juego el alma de much\u00edsimas personas y su salud mental, espiritual y global. Muchos de los problemas del ser humano tienen su origen en el alma, no en la mente, por lo que hay millones de personas que no est\u00e1n recibiendo el tratamiento adecuado. \u00bfQui\u00e9n no ha o\u00eddo decir que la gente ha dejado de acudir al confesionario para ir al psic\u00f3logo? Sin embargo, est\u00e1 claro que el psic\u00f3logo no puede perdonar los pecados en nombre de Jesucristo, y por lo tanto, confesor y psic\u00f3logo no son, a priori, intercambiables. Al mismo tiempo, constatamos que la sinergia entre la psicolog\u00eda cristiana y la direcci\u00f3n espiritual es enorme, y la Iglesia puede ser de gran ayuda a trav\u00e9s de las gracias de las que es administradora.<br \/> El psic\u00f3logo cristiano ayuda a la persona en el discernimiento de su verdadero bien, haciendo uso de las t\u00e9cnicas y metodolog\u00edas propias de la psicolog\u00eda, y desde un punto de vista antropol\u00f3gicamente cristiano. El director espiritual se centra m\u00e1s en el alma de la persona y en su relaci\u00f3n con Dios y consigo misma. Ambos trabajan en el cuidado de las tres dimensiones de la persona (cuerpo, alma y psique), ayud\u00e1ndola a integrar en su vida las diversas circunstancias como parte de un bien mayor que la supera y trasciende: la vida eterna junto a Dios.<\/p>\n","protected":false},"excerpt":{"rendered":"<p>JARA VERA, PEDRO<\/p>\n","protected":false},"featured_media":1007044,"template":"","meta":{"_acf_changed":false,"om_disable_all_campaigns":false,"rs_blank_template":"","rs_page_bg_color":"","slide_template_v7":"","inline_featured_image":false,"_monsterinsights_skip_tracking":false,"_monsterinsights_sitenote_active":false,"_monsterinsights_sitenote_note":"","_monsterinsights_sitenote_category":0},"product_brand":[],"product_cat":[485,232],"product_tag":[],"class_list":{"0":"post-1007027","1":"product","2":"type-product","3":"status-publish","4":"has-post-thumbnail","6":"product_cat-autores-espiritualidad-1_espiritualidad","7":"product_cat-autors-espiritualitat","9":"first","10":"instock","11":"taxable","12":"shipping-taxable","13":"purchasable","14":"product-type-simple"},"acf":{"autor":"JARA VERA, PEDRO","codart":"841280486","libros-coleccion":"","ediciones":"1","encuadernacion":"R\u00fastica","fecha_de_publicacion":"01\/01\/2025","novedad":"1","paginas":"234","subtitulo":"EL CUIDADO DEL ALMA","orden":"0","portada":"1","idioma":"spa","editorial":[{"ID":6316,"post_author":"3","post_date":"2022-07-28 17:49:34","post_date_gmt":"2022-07-28 15:49:34","post_content":"","post_title":"Nueva Eva","post_excerpt":"","post_status":"publish","comment_status":"closed","ping_status":"closed","post_password":"","post_name":"nueva-eva","to_ping":"","pinged":"","post_modified":"2022-07-28 17:49:34","post_modified_gmt":"2022-07-28 15:49:34","post_content_filtered":"","post_parent":0,"guid":"http:\/\/dev.claret.cat\/editorial\/nueva-eva\/","menu_order":0,"post_type":"editorial","post_mime_type":"","comment_count":"0","filter":"raw"}]},"aioseo_notices":[],"_links":{"self":[{"href":"https:\/\/www.claret.cat\/es\/wp-json\/wp\/v2\/product\/1007027","targetHints":{"allow":["GET"]}}],"collection":[{"href":"https:\/\/www.claret.cat\/es\/wp-json\/wp\/v2\/product"}],"about":[{"href":"https:\/\/www.claret.cat\/es\/wp-json\/wp\/v2\/types\/product"}],"wp:featuredmedia":[{"embeddable":true,"href":"https:\/\/www.claret.cat\/es\/wp-json\/wp\/v2\/media\/1007044"}],"wp:attachment":[{"href":"https:\/\/www.claret.cat\/es\/wp-json\/wp\/v2\/media?parent=1007027"}],"wp:term":[{"taxonomy":"product_brand","embeddable":true,"href":"https:\/\/www.claret.cat\/es\/wp-json\/wp\/v2\/product_brand?post=1007027"},{"taxonomy":"product_cat","embeddable":true,"href":"https:\/\/www.claret.cat\/es\/wp-json\/wp\/v2\/product_cat?post=1007027"},{"taxonomy":"product_tag","embeddable":true,"href":"https:\/\/www.claret.cat\/es\/wp-json\/wp\/v2\/product_tag?post=1007027"}],"curies":[{"name":"wp","href":"https:\/\/api.w.org\/{rel}","templated":true}]}}