{"id":1007054,"date":"2025-02-20T17:05:09","date_gmt":"2025-02-20T16:05:09","guid":{"rendered":"https:\/\/www.claret.cat\/llibre\/teresa-de-calcuta-9788498421675\/"},"modified":"2025-02-20T17:05:22","modified_gmt":"2025-02-20T16:05:22","slug":"teresa-de-calcuta-9788498421675","status":"publish","type":"product","link":"https:\/\/www.claret.cat\/es\/libro\/teresa-de-calcuta-9788498421675\/","title":{"rendered":"TERESA DE CALCUTA"},"content":{"rendered":"<p>Teresa de Calcuta (1910-1997) es una de las personalidades m\u00e1s relevantes del siglo XX. Su ejemplo fue luminoso en todo el mundo y admir\u00f3 a creyentes y no creyentes, a ricos y pobres, a individuos y multitudes.<br \/>Este peque\u00f1o libro resume la trayectoria de su vida y de su obra, resalta su pensamiento y su espiritualidad, sus acciones y motivaciones,, sus ejemplos y consejos.<br \/>El autor desea llegar a todo el p\u00fablico interesado en conocer a esta admirable mujer, pero quiere presentarla principalmente a los m\u00e1s j\u00f3venes, a quienes han o\u00eddo hablar algo de ella y a\u00fan no la conocen bien.<br \/>Tambi\u00e9n est\u00e1 pensado el libro para todos los que desean ayudar a los dem\u00e1s con un compromiso seno, desde diversas plataformas y tipos de voluntariado. M\u00e1s all\u00e1 de las ideolog\u00edas y creencias, la Madre Teresa puede inspirar y sugerir razones, medros y caminos para ser solidarios de verdad con todo tipo de excluidos y marginados.<\/p>\n","protected":false},"excerpt":{"rendered":"<p>GONZ\u00c1LEZ, ANTONIO<\/p>\n","protected":false},"featured_media":1007055,"template":"","meta":{"_acf_changed":false,"om_disable_all_campaigns":false,"rs_blank_template":"","rs_page_bg_color":"","slide_template_v7":"","inline_featured_image":false,"_monsterinsights_skip_tracking":false,"_monsterinsights_sitenote_active":false,"_monsterinsights_sitenote_note":"","_monsterinsights_sitenote_category":0},"product_brand":[],"product_cat":[291,517,506,264,491,241,437,163],"product_tag":[],"class_list":{"0":"post-1007054","1":"product","2":"type-product","3":"status-publish","4":"has-post-thumbnail","6":"product_cat-moral-social-i-politica","7":"product_cat-moral-social-y-politica","8":"product_cat-sociales-y-obrera","9":"product_cat-socials-i-obrera","10":"product_cat-testimonios","11":"product_cat-testimonis","12":"product_cat-valores-y-convivencia","13":"product_cat-valors-i-convivencia","15":"first","16":"instock","17":"taxable","18":"shipping-taxable","19":"purchasable","20":"product-type-simple"},"acf":{"autor":"GONZ\u00c1LEZ, ANTONIO","codart":"849842167","libros-coleccion":"Personajes e ideales","ediciones":"1","encuadernacion":"R\u00fastica","fecha_de_publicacion":"28\/03\/2008","novedad":"0","paginas":"131","subtitulo":"","orden":"999","portada":"0","idioma":"spa","editorial":[{"ID":6155,"post_author":"3","post_date":"2022-07-28 17:46:04","post_date_gmt":"2022-07-28 15:46:04","post_content":"","post_title":"Central Catequ\u00edstica Salesiana","post_excerpt":"","post_status":"publish","comment_status":"closed","ping_status":"closed","post_password":"","post_name":"central-catequistica-salesiana","to_ping":"","pinged":"","post_modified":"2022-07-28 17:46:04","post_modified_gmt":"2022-07-28 15:46:04","post_content_filtered":"","post_parent":0,"guid":"http:\/\/dev.claret.cat\/editorial\/central-catequistica-salesiana\/","menu_order":0,"post_type":"editorial","post_mime_type":"","comment_count":"0","filter":"raw"}],"autores-libros":[{"ID":150923,"post_author":"3","post_date":"2022-10-14 14:36:48","post_date_gmt":"2022-10-14 12:36:48","post_content":"","post_title":"ANTONIO GONZALEZ","post_excerpt":"","post_status":"publish","comment_status":"closed","ping_status":"closed","post_password":"","post_name":"antonio-gonzalez","to_ping":"","pinged":"","post_modified":"2022-10-14 14:36:48","post_modified_gmt":"2022-10-14 12:36:48","post_content_filtered":"","post_parent":0,"guid":"http:\/\/dev.claret.cat\/autor\/antonio-gonzalez\/","menu_order":0,"post_type":"autor","post_mime_type":"","comment_count":"0","filter":"raw"}]},"aioseo_notices":[],"_links":{"self":[{"href":"https:\/\/www.claret.cat\/es\/wp-json\/wp\/v2\/product\/1007054","targetHints":{"allow":["GET"]}}],"collection":[{"href":"https:\/\/www.claret.cat\/es\/wp-json\/wp\/v2\/product"}],"about":[{"href":"https:\/\/www.claret.cat\/es\/wp-json\/wp\/v2\/types\/product"}],"wp:featuredmedia":[{"embeddable":true,"href":"https:\/\/www.claret.cat\/es\/wp-json\/wp\/v2\/media\/1007055"}],"wp:attachment":[{"href":"https:\/\/www.claret.cat\/es\/wp-json\/wp\/v2\/media?parent=1007054"}],"wp:term":[{"taxonomy":"product_brand","embeddable":true,"href":"https:\/\/www.claret.cat\/es\/wp-json\/wp\/v2\/product_brand?post=1007054"},{"taxonomy":"product_cat","embeddable":true,"href":"https:\/\/www.claret.cat\/es\/wp-json\/wp\/v2\/product_cat?post=1007054"},{"taxonomy":"product_tag","embeddable":true,"href":"https:\/\/www.claret.cat\/es\/wp-json\/wp\/v2\/product_tag?post=1007054"}],"curies":[{"name":"wp","href":"https:\/\/api.w.org\/{rel}","templated":true}]}}