{"id":100711,"date":"2022-10-12T07:56:58","date_gmt":"2022-10-12T05:56:58","guid":{"rendered":"http:\/\/dev.claret.cat\/producte\/el-pequeno-camino-de-las-grandes-preguntas\/"},"modified":"2025-12-31T14:00:55","modified_gmt":"2025-12-31T13:00:55","slug":"el-pequeno-camino-de-las-grandes-preguntas-9788417796396","status":"publish","type":"product","link":"https:\/\/www.claret.cat\/es\/libro\/el-pequeno-camino-de-las-grandes-preguntas-9788417796396\/","title":{"rendered":"EL PEQUE\u00d1O CAMINO DE LAS GRANDES PREGUNTAS"},"content":{"rendered":"<p>Hay un momento en el que comprendemos que las preguntas<br \/> nos acercan m\u00e1s al sentido, a la apertura del sentido, que las respues-<br \/> tas. Las respuestas son \u00fatiles, s\u00ed, las necesitamos para seguir viviendo,<br \/> pero la vida transforma esas respuestas en preguntas. Y no pregunta-<br \/> mos necesariamente por habernos equivocado o por considerar insu-<br \/> ficiente nuestra experiencia. La pregunta es la graf\u00eda de la exuberancia<br \/> con la que se manifiesta la vida.<br \/> Jos\u00e9 Tolentino Mendon\u00e7a, uno de los principales ensayistas del<br \/> Portugal contempor\u00e1neo, nos propone un itinerario por algunas de<br \/> las grandes preguntas de la existencia con el equipaje de una s\u00f3li-<br \/> da frecuentaci\u00f3n de los cl\u00e1sicos: la literatura, la filosof\u00eda, los textos<br \/> sagrados, el cine, las artes pl\u00e1sticas y la danza son algunos de los<br \/> referentes con los que el autor dialoga para ofrecer su propuesta<br \/> sapiencial.<\/p>\n","protected":false},"excerpt":{"rendered":"<p>TOLENTINO MENDON\u00c7A, JOS\u00c9<\/p>\n","protected":false},"featured_media":386930,"template":"","meta":{"_acf_changed":false,"om_disable_all_campaigns":false,"rs_blank_template":"","rs_page_bg_color":"","slide_template_v7":"","inline_featured_image":false,"_monsterinsights_skip_tracking":false,"_monsterinsights_sitenote_active":false,"_monsterinsights_sitenote_note":"","_monsterinsights_sitenote_category":0},"product_brand":[],"product_cat":[485,232],"product_tag":[],"class_list":{"0":"post-100711","1":"product","2":"type-product","3":"status-publish","4":"has-post-thumbnail","6":"product_cat-autores-espiritualidad-1_espiritualidad","7":"product_cat-autors-espiritualitat","9":"first","10":"instock","11":"taxable","12":"shipping-taxable","13":"purchasable","14":"product-type-simple"},"acf":{"editorial":[{"ID":6258,"post_author":"3","post_date":"2022-07-28 17:48:20","post_date_gmt":"2022-07-28 15:48:20","post_content":"","post_title":"FRAGMENTA EDITORIAL","post_excerpt":"","post_status":"publish","comment_status":"closed","ping_status":"closed","post_password":"","post_name":"fragmenta-editorial","to_ping":"","pinged":"","post_modified":"2022-07-28 17:48:20","post_modified_gmt":"2022-07-28 15:48:20","post_content_filtered":"","post_parent":0,"guid":"http:\/\/dev.claret.cat\/editorial\/fragmenta-editorial\/","menu_order":0,"post_type":"editorial","post_mime_type":"","comment_count":"0","filter":"raw"}],"autores-libros":[{"ID":5651,"post_author":"3","post_date":"2022-07-28 17:28:33","post_date_gmt":"2022-07-28 15:28:33","post_content":"","post_title":"JOS\u00c9 TOLENTINO MENDON\u00c7A","post_excerpt":"","post_status":"publish","comment_status":"closed","ping_status":"closed","post_password":"","post_name":"jose-tolentino-mendonca","to_ping":"","pinged":"","post_modified":"2022-07-28 17:28:33","post_modified_gmt":"2022-07-28 15:28:33","post_content_filtered":"","post_parent":0,"guid":"http:\/\/dev.claret.cat\/autor\/jose-tolentino-mendonca\/","menu_order":0,"post_type":"autor","post_mime_type":"","comment_count":"0","filter":"raw"}],"autor":"TOLENTINO MENDON\u00c7A, JOS\u00c9","codart":"841779639","libros-coleccion":"Fragmentos","ediciones":"1","encuadernacion":"R\u00fastica","fecha_de_publicacion":"01\/10\/2020","novedad":"1","paginas":"176","subtitulo":"","orden":"0","portada":"0","idioma":"spa","booktrailer":"","resenas":""},"aioseo_notices":[],"_links":{"self":[{"href":"https:\/\/www.claret.cat\/es\/wp-json\/wp\/v2\/product\/100711","targetHints":{"allow":["GET"]}}],"collection":[{"href":"https:\/\/www.claret.cat\/es\/wp-json\/wp\/v2\/product"}],"about":[{"href":"https:\/\/www.claret.cat\/es\/wp-json\/wp\/v2\/types\/product"}],"wp:featuredmedia":[{"embeddable":true,"href":"https:\/\/www.claret.cat\/es\/wp-json\/wp\/v2\/media\/386930"}],"wp:attachment":[{"href":"https:\/\/www.claret.cat\/es\/wp-json\/wp\/v2\/media?parent=100711"}],"wp:term":[{"taxonomy":"product_brand","embeddable":true,"href":"https:\/\/www.claret.cat\/es\/wp-json\/wp\/v2\/product_brand?post=100711"},{"taxonomy":"product_cat","embeddable":true,"href":"https:\/\/www.claret.cat\/es\/wp-json\/wp\/v2\/product_cat?post=100711"},{"taxonomy":"product_tag","embeddable":true,"href":"https:\/\/www.claret.cat\/es\/wp-json\/wp\/v2\/product_tag?post=100711"}],"curies":[{"name":"wp","href":"https:\/\/api.w.org\/{rel}","templated":true}]}}