{"id":1007121,"date":"2025-02-21T12:10:56","date_gmt":"2025-02-21T11:10:56","guid":{"rendered":"https:\/\/www.claret.cat\/llibre\/sin-corazon-edicion-especial-limitada-9788410163829\/"},"modified":"2025-12-23T10:35:29","modified_gmt":"2025-12-23T09:35:29","slug":"sin-corazon-edicion-especial-limitada-9788410163829","status":"publish","type":"product","link":"https:\/\/www.claret.cat\/es\/libro\/sin-corazon-edicion-especial-limitada-9788410163829\/","title":{"rendered":"SIN CORAZ\u00d3N (EDICI\u00d3N ESPECIAL LIMITADA)"},"content":{"rendered":"<p>En su primera novela independiente, Marissa Meyer, autora superventas n\u00famero 1 del New York Times, deslumbra con una precuela de Alicia en el Pa\u00eds de las Maravillas.<\/p>\n<p> Catherine es una de las chicas m\u00e1s deseadas del Pa\u00eds de las Maravillas, y la favorita del todav\u00eda soltero Rey de Corazones. Sin embargo, ella tiene otros intereses: su mayor deseo es abrir una panader\u00eda junto con su mejor amiga y sorprender al Reino de Corazones con sus pasteles. Pero su madre opina que algo as\u00ed es una insensatez para una joven que podr\u00eda convertirse en la pr\u00f3xima reina. En un baile de gala en el que podr\u00eda recibir la propuesta de matrimonio del rey, Cath conoce a Jest, el atractivo y misterioso buf\u00f3n de la corte. Por primera vez, siente la fuerza de la aut\u00e9ntica atracci\u00f3n. A riesgo de ofender al rey y a sus padres, Cath y Jest inician una relaci\u00f3n en secreto. Cath est\u00e1 decidida a elegir su propio camino y a enamorarse que quien ella quiera.<\/p>\n","protected":false},"excerpt":{"rendered":"<p>MEYER, MARISSA<\/p>\n","protected":false},"featured_media":1071774,"template":"","meta":{"_acf_changed":false,"om_disable_all_campaigns":false,"rs_blank_template":"","rs_page_bg_color":"","slide_template_v7":"","inline_featured_image":false,"_monsterinsights_skip_tracking":false,"_monsterinsights_sitenote_active":false,"_monsterinsights_sitenote_note":"","_monsterinsights_sitenote_category":0},"product_brand":[],"product_cat":[133,566,117,363],"product_tag":[],"class_list":{"0":"post-1007121","1":"product","2":"type-product","3":"status-publish","4":"has-post-thumbnail","6":"product_cat-lectures-per-adolescents-12-18-anys","7":"product_cat-juvenil-3_infantil-juvenil-spa-spa","8":"product_cat-juvenil","9":"product_cat-lecturas-por-adolescentes-12-18-anos","11":"first","12":"outofstock","13":"taxable","14":"shipping-taxable","15":"purchasable","16":"product-type-simple"},"acf":{"autor":"MEYER, MARISSA","codart":"841016382","libros-coleccion":"Kraken","ediciones":"1","encuadernacion":"R\u00fastica","fecha_de_publicacion":"01\/02\/2025","novedad":"0","paginas":"512","subtitulo":"","orden":"0","portada":"0","idioma":"spa","editorial":[{"ID":147988,"post_author":"3","post_date":"2022-10-14 11:54:46","post_date_gmt":"2022-10-14 09:54:46","post_content":"","post_title":"Editorial Hidra","post_excerpt":"","post_status":"publish","comment_status":"closed","ping_status":"closed","post_password":"","post_name":"editorial-hidra","to_ping":"","pinged":"","post_modified":"2022-10-14 11:54:46","post_modified_gmt":"2022-10-14 09:54:46","post_content_filtered":"","post_parent":0,"guid":"http:\/\/dev.claret.cat\/editorial\/editorial-hidra\/","menu_order":0,"post_type":"editorial","post_mime_type":"","comment_count":"0","filter":"raw"}],"booktrailer":"","resenas":""},"aioseo_notices":[],"_links":{"self":[{"href":"https:\/\/www.claret.cat\/es\/wp-json\/wp\/v2\/product\/1007121","targetHints":{"allow":["GET"]}}],"collection":[{"href":"https:\/\/www.claret.cat\/es\/wp-json\/wp\/v2\/product"}],"about":[{"href":"https:\/\/www.claret.cat\/es\/wp-json\/wp\/v2\/types\/product"}],"wp:featuredmedia":[{"embeddable":true,"href":"https:\/\/www.claret.cat\/es\/wp-json\/wp\/v2\/media\/1071774"}],"wp:attachment":[{"href":"https:\/\/www.claret.cat\/es\/wp-json\/wp\/v2\/media?parent=1007121"}],"wp:term":[{"taxonomy":"product_brand","embeddable":true,"href":"https:\/\/www.claret.cat\/es\/wp-json\/wp\/v2\/product_brand?post=1007121"},{"taxonomy":"product_cat","embeddable":true,"href":"https:\/\/www.claret.cat\/es\/wp-json\/wp\/v2\/product_cat?post=1007121"},{"taxonomy":"product_tag","embeddable":true,"href":"https:\/\/www.claret.cat\/es\/wp-json\/wp\/v2\/product_tag?post=1007121"}],"curies":[{"name":"wp","href":"https:\/\/api.w.org\/{rel}","templated":true}]}}