{"id":1007216,"date":"2025-02-21T16:15:21","date_gmt":"2025-02-21T15:15:21","guid":{"rendered":"https:\/\/www.claret.cat\/llibre\/que-bueno-es-dios-9788418201189\/"},"modified":"2026-01-23T17:52:55","modified_gmt":"2026-01-23T16:52:55","slug":"que-bueno-es-dios-9788418201189","status":"publish","type":"product","link":"https:\/\/www.claret.cat\/es\/libro\/que-bueno-es-dios-9788418201189\/","title":{"rendered":"\u00a1QU\u00c9 BUENO ES DIOS!"},"content":{"rendered":"<h3><strong>\u00a1Dios es puro amor! Un Padre con un coraz\u00f3n inmenso.<\/strong><\/h3>\n<p>Dios no solo <strong>tiene amor<\/strong>, sino que <strong>\u00c9l es amar<\/strong>. Su coraz\u00f3n es <strong>infinito y bondadoso<\/strong>, siempre dispuesto a abrazarnos. Como Padre, nos ense\u00f1a el camino del amor, y como hijos, estamos llamados a <strong>educar en el amor a Dios y al pr\u00f3jimo<\/strong>.<\/p>\n<p>La clave est\u00e1 en los peque\u00f1os gestos cotidianos, en esos momentos aparentemente insignificantes que, con amor, se transforman en actos trascendentes.<\/p>\n<p>Porque, como dice Luciano de Crescenzo:<\/p>\n<p><em>&#8216;Todos y cada uno de nosotros somos \u00e1ngeles con una sola ala, y \u00fanicamente podemos volar abraz\u00e1ndonos los unos a los otros.&#8217;<\/em><\/p>\n","protected":false},"excerpt":{"rendered":"<p>G\u00d3MEZ NAVARRO, EUSEBIO<\/p>\n","protected":false},"featured_media":1077170,"template":"","meta":{"_acf_changed":false,"om_disable_all_campaigns":false,"rs_blank_template":"","rs_page_bg_color":"","slide_template_v7":"","inline_featured_image":false,"_monsterinsights_skip_tracking":false,"_monsterinsights_sitenote_active":false,"_monsterinsights_sitenote_note":"","_monsterinsights_sitenote_category":0},"product_brand":[],"product_cat":[275,413,278,508,288,514],"product_tag":[],"class_list":{"0":"post-1007216","1":"product","2":"type-product","3":"status-publish","4":"has-post-thumbnail","6":"product_cat-fonamental","7":"product_cat-fundamental","8":"product_cat-misteri-de-deu","9":"product_cat-misterio-de-dios","10":"product_cat-moral-fonamental","11":"product_cat-moral-fundamental","13":"first","14":"instock","15":"taxable","16":"shipping-taxable","17":"purchasable","18":"product-type-simple"},"acf":{"autor":"G\u00d3MEZ NAVARRO, EUSEBIO","codart":"841820118","libros-coleccion":"SECRETARIADO - MUNDO Y DIOS","ediciones":"1","encuadernacion":"R\u00fastica","fecha_de_publicacion":"20\/02\/2025","novedad":"1","paginas":"206","subtitulo":"INMENSO ES SU AMOR","orden":"0","portada":"0","idioma":"spa","editorial":[{"ID":6359,"post_author":"3","post_date":"2022-07-28 17:50:30","post_date_gmt":"2022-07-28 15:50:30","post_content":"","post_title":"Secretariado Trinitario","post_excerpt":"","post_status":"publish","comment_status":"closed","ping_status":"closed","post_password":"","post_name":"secretariado-trinitario","to_ping":"","pinged":"","post_modified":"2022-07-28 17:50:30","post_modified_gmt":"2022-07-28 15:50:30","post_content_filtered":"","post_parent":0,"guid":"http:\/\/dev.claret.cat\/editorial\/secretariado-trinitario\/","menu_order":0,"post_type":"editorial","post_mime_type":"","comment_count":"0","filter":"raw"}],"booktrailer":"","resenas":""},"aioseo_notices":[],"_links":{"self":[{"href":"https:\/\/www.claret.cat\/es\/wp-json\/wp\/v2\/product\/1007216","targetHints":{"allow":["GET"]}}],"collection":[{"href":"https:\/\/www.claret.cat\/es\/wp-json\/wp\/v2\/product"}],"about":[{"href":"https:\/\/www.claret.cat\/es\/wp-json\/wp\/v2\/types\/product"}],"wp:featuredmedia":[{"embeddable":true,"href":"https:\/\/www.claret.cat\/es\/wp-json\/wp\/v2\/media\/1077170"}],"wp:attachment":[{"href":"https:\/\/www.claret.cat\/es\/wp-json\/wp\/v2\/media?parent=1007216"}],"wp:term":[{"taxonomy":"product_brand","embeddable":true,"href":"https:\/\/www.claret.cat\/es\/wp-json\/wp\/v2\/product_brand?post=1007216"},{"taxonomy":"product_cat","embeddable":true,"href":"https:\/\/www.claret.cat\/es\/wp-json\/wp\/v2\/product_cat?post=1007216"},{"taxonomy":"product_tag","embeddable":true,"href":"https:\/\/www.claret.cat\/es\/wp-json\/wp\/v2\/product_tag?post=1007216"}],"curies":[{"name":"wp","href":"https:\/\/api.w.org\/{rel}","templated":true}]}}