{"id":1007237,"date":"2025-02-21T16:20:48","date_gmt":"2025-02-21T15:20:48","guid":{"rendered":"https:\/\/www.claret.cat\/llibre\/conversaciones-sobre-el-espiritu-santo-9788430122462\/"},"modified":"2025-12-10T19:45:12","modified_gmt":"2025-12-10T18:45:12","slug":"conversaciones-sobre-el-espiritu-santo-9788430122462","status":"publish","type":"product","link":"https:\/\/www.claret.cat\/es\/libro\/conversaciones-sobre-el-espiritu-santo-9788430122462\/","title":{"rendered":"CONVERSACIONES SOBRE EL ESP\u00cdRITU SANTO"},"content":{"rendered":"<p>San Seraf\u00edn de Sarov, considerado el <strong>san Francisco de As\u00eds de la Iglesia ortodoxa<\/strong>, dej\u00f3 un legado espiritual profundo que sigue inspirando hoy. Este volumen re\u00fane <strong>tres textos esenciales<\/strong> que reflejan su ense\u00f1anza sobre la oraci\u00f3n, la paz interior y la acci\u00f3n del Esp\u00edritu Santo.<\/p>\n<p><strong>Incluye:<\/strong><\/p>\n<p><strong>Conversaci\u00f3n con Motov\u00edlov<\/strong> \u2013 Un di\u00e1logo iluminador en el que el santo desvela su teolog\u00eda y espiritualidad en medio de un paisaje nevado.<\/p>\n<p><strong>Instrucciones espirituales<\/strong> \u2013 Selecci\u00f3n de sus ense\u00f1anzas sobre el seguimiento cristiano, la esperanza y el papel central del Esp\u00edritu Santo en la vida del creyente.<\/p>\n<p><strong>Breve narraci\u00f3n de su vida y ascetismo<\/strong> \u2013 Un retrato inspirador del monje que dedic\u00f3 su existencia a la oraci\u00f3n y al amor divino.<\/p>\n<p class='ql-align-justify'><strong>Un puente entre Oriente y Occidente<\/strong>, una invitaci\u00f3n a descubrir la riqueza espiritual del cristianismo ortodoxo y su mensaje atemporal para el creyente del siglo XXI.<\/p>\n","protected":false},"excerpt":{"rendered":"<p>SAROV, SERAF\u00cdN DE<\/p>\n","protected":false},"featured_media":1008582,"template":"","meta":{"_acf_changed":false,"om_disable_all_campaigns":false,"rs_blank_template":"","rs_page_bg_color":"","slide_template_v7":"","inline_featured_image":false,"_monsterinsights_skip_tracking":false,"_monsterinsights_sitenote_active":false,"_monsterinsights_sitenote_note":"","_monsterinsights_sitenote_category":0},"product_brand":[],"product_cat":[245,495,544,94],"product_tag":[],"class_list":{"0":"post-1007237","1":"product","2":"type-product","3":"status-publish","4":"has-post-thumbnail","6":"product_cat-diversa","7":"product_cat-diversa-espiritualidad-1_espiritualidad","8":"product_cat-religiones","9":"product_cat-religions","11":"first","12":"instock","13":"taxable","14":"shipping-taxable","15":"purchasable","16":"product-type-simple"},"acf":{"autor":"SAROV, SERAF\u00cdN DE","codart":"843012246","libros-coleccion":"Ichthys","ediciones":"2","encuadernacion":"R\u00fastica","fecha_de_publicacion":"21\/02\/2025","novedad":"1","paginas":"160","subtitulo":"SEGUIDAS DE LA VIDA DEL STARETZ SAN SERAF\u00cdN","orden":"0","portada":"1","idioma":"spa","editorial":[{"ID":6364,"post_author":"3","post_date":"2022-07-28 17:50:36","post_date_gmt":"2022-07-28 15:50:36","post_content":"","post_title":"S\u00edgueme","post_excerpt":"","post_status":"publish","comment_status":"closed","ping_status":"closed","post_password":"","post_name":"sigueme","to_ping":"","pinged":"","post_modified":"2022-07-28 17:50:36","post_modified_gmt":"2022-07-28 15:50:36","post_content_filtered":"","post_parent":0,"guid":"http:\/\/dev.claret.cat\/editorial\/sigueme\/","menu_order":0,"post_type":"editorial","post_mime_type":"","comment_count":"0","filter":"raw"}],"booktrailer":"","resenas":""},"aioseo_notices":[],"_links":{"self":[{"href":"https:\/\/www.claret.cat\/es\/wp-json\/wp\/v2\/product\/1007237","targetHints":{"allow":["GET"]}}],"collection":[{"href":"https:\/\/www.claret.cat\/es\/wp-json\/wp\/v2\/product"}],"about":[{"href":"https:\/\/www.claret.cat\/es\/wp-json\/wp\/v2\/types\/product"}],"wp:featuredmedia":[{"embeddable":true,"href":"https:\/\/www.claret.cat\/es\/wp-json\/wp\/v2\/media\/1008582"}],"wp:attachment":[{"href":"https:\/\/www.claret.cat\/es\/wp-json\/wp\/v2\/media?parent=1007237"}],"wp:term":[{"taxonomy":"product_brand","embeddable":true,"href":"https:\/\/www.claret.cat\/es\/wp-json\/wp\/v2\/product_brand?post=1007237"},{"taxonomy":"product_cat","embeddable":true,"href":"https:\/\/www.claret.cat\/es\/wp-json\/wp\/v2\/product_cat?post=1007237"},{"taxonomy":"product_tag","embeddable":true,"href":"https:\/\/www.claret.cat\/es\/wp-json\/wp\/v2\/product_tag?post=1007237"}],"curies":[{"name":"wp","href":"https:\/\/api.w.org\/{rel}","templated":true}]}}