{"id":1007246,"date":"2025-02-21T16:25:01","date_gmt":"2025-02-21T15:25:01","guid":{"rendered":"https:\/\/www.claret.cat\/llibre\/laca-lagrimas-y-rock-roll-9788413684185\/"},"modified":"2025-02-21T16:26:44","modified_gmt":"2025-02-21T15:26:44","slug":"laca-lagrimas-y-rock-roll-9788413684185","status":"publish","type":"product","link":"https:\/\/www.claret.cat\/es\/libro\/laca-lagrimas-y-rock-roll-9788413684185\/","title":{"rendered":"LACA, L\u00c1GRIMAS Y ROCK &amp; ROLL"},"content":{"rendered":"<p>Dos chicas. Dos mundos. <br \/> Un asesinato que las une para siempre.<br \/> Luci vive en Vallecas y toca en un grupo de rock. Chantal, en cambio, pertenece al barrio de Salamanca, rodeada de lujos y privilegios. Sus vidas jam\u00e1s debieron cruzarse&#8230; hasta que un tr\u00e1gico giro del destino las obliga a huir juntas.<br \/> En su camino descubrir\u00e1n que las barreras que las separan no son m\u00e1s altas que el v\u00ednculo que est\u00e1n a punto de formar. Entre divertidas aventuras, secretos, l\u00e1grimas, risas y amores insospechados, nuestras protagonistas forjar\u00e1n una amistad m\u00e1s poderosa que la muerte.<br \/> Un relato que te har\u00e1 re\u00edr, llorar y, sobre todo, creer en el poder de la amistad.<\/p>\n","protected":false},"excerpt":{"rendered":"<p>SILVIA MART\u00cdNEZ-MARKUS<\/p>\n","protected":false},"featured_media":1007247,"template":"","meta":{"_acf_changed":false,"om_disable_all_campaigns":false,"rs_blank_template":"","rs_page_bg_color":"","slide_template_v7":"","inline_featured_image":false,"_monsterinsights_skip_tracking":false,"_monsterinsights_sitenote_active":false,"_monsterinsights_sitenote_note":"","_monsterinsights_sitenote_category":0},"product_brand":[],"product_cat":[133,566,117,363],"product_tag":[],"class_list":{"0":"post-1007246","1":"product","2":"type-product","3":"status-publish","4":"has-post-thumbnail","6":"product_cat-lectures-per-adolescents-12-18-anys","7":"product_cat-juvenil-3_infantil-juvenil-spa-spa","8":"product_cat-juvenil","9":"product_cat-lecturas-por-adolescentes-12-18-anos","11":"first","12":"instock","13":"taxable","14":"shipping-taxable","15":"purchasable","16":"product-type-simple"},"acf":{"autor":"SILVIA MART\u00cdNEZ-MARKUS","codart":"841368418","libros-coleccion":"FORA DE COL.LECCI\u00d3","ediciones":"1","encuadernacion":"R\u00fastica","fecha_de_publicacion":"01\/02\/2025","novedad":"1","paginas":"286","subtitulo":"","orden":"0","portada":"0","idioma":"spa","editorial":[{"ID":148624,"post_author":"3","post_date":"2022-10-14 11:59:42","post_date_gmt":"2022-10-14 09:59:42","post_content":"","post_title":"PALABRA S.A., EDICIONES","post_excerpt":"","post_status":"publish","comment_status":"closed","ping_status":"closed","post_password":"","post_name":"palabra-s-a-ediciones","to_ping":"","pinged":"","post_modified":"2022-10-14 11:59:42","post_modified_gmt":"2022-10-14 09:59:42","post_content_filtered":"","post_parent":0,"guid":"http:\/\/dev.claret.cat\/editorial\/palabra-s-a-ediciones\/","menu_order":0,"post_type":"editorial","post_mime_type":"","comment_count":"0","filter":"raw"}]},"aioseo_notices":[],"_links":{"self":[{"href":"https:\/\/www.claret.cat\/es\/wp-json\/wp\/v2\/product\/1007246","targetHints":{"allow":["GET"]}}],"collection":[{"href":"https:\/\/www.claret.cat\/es\/wp-json\/wp\/v2\/product"}],"about":[{"href":"https:\/\/www.claret.cat\/es\/wp-json\/wp\/v2\/types\/product"}],"wp:featuredmedia":[{"embeddable":true,"href":"https:\/\/www.claret.cat\/es\/wp-json\/wp\/v2\/media\/1007247"}],"wp:attachment":[{"href":"https:\/\/www.claret.cat\/es\/wp-json\/wp\/v2\/media?parent=1007246"}],"wp:term":[{"taxonomy":"product_brand","embeddable":true,"href":"https:\/\/www.claret.cat\/es\/wp-json\/wp\/v2\/product_brand?post=1007246"},{"taxonomy":"product_cat","embeddable":true,"href":"https:\/\/www.claret.cat\/es\/wp-json\/wp\/v2\/product_cat?post=1007246"},{"taxonomy":"product_tag","embeddable":true,"href":"https:\/\/www.claret.cat\/es\/wp-json\/wp\/v2\/product_tag?post=1007246"}],"curies":[{"name":"wp","href":"https:\/\/api.w.org\/{rel}","templated":true}]}}