{"id":1007335,"date":"2025-02-24T11:00:10","date_gmt":"2025-02-24T10:00:10","guid":{"rendered":"https:\/\/www.claret.cat\/llibre\/cuaresma-camino-de-esperanza-9788413792484\/"},"modified":"2026-02-25T17:00:26","modified_gmt":"2026-02-25T16:00:26","slug":"cuaresma-camino-de-esperanza-9788413792484","status":"publish","type":"product","link":"https:\/\/www.claret.cat\/es\/libro\/cuaresma-camino-de-esperanza-9788413792484\/","title":{"rendered":"CUARESMA, CAMINO DE ESPERANZA"},"content":{"rendered":"<p>Durante el tiempo de Cuaresma, tienes una oportunidad de respirar y preguntarte c\u00f3mo acoger el Reino de Dios.<\/p>\n<p> Cada d\u00eda, te invitamos a tachar el n\u00famero correspondiente alrededor de la corona de espinas, que simboliza el sufrimiento humano que Dios elige pasar con nosotros, siendo consciente de este camino que realizamos junto a Jes\u00fas.<\/p>\n<p> \u00abPodemos imaginar al Se\u00f1or resucitado, que nos llama a salir de nuestras tinieblas, y nosotros nos encaminamos hacia \u00c9l, que es la Luz. Y la Cuaresma es un camino hacia Jes\u00fas resucitado, es un tiempo de penitencia, incluso de mortificaci\u00f3n, pero no es un fin en s\u00ed misma: el fin es hacernos resurgir con Cristo, para renovar nuestra identidad bautismal, es decir renacer de nuevo &#8216;desde arriba&#8217;, desde el amor de Dios. Por eso la Cuaresma es, por su naturaleza, un tiempo de esperanza\u00bb. (Francisco, Audiencia General, 01-03-2017)<\/p>\n","protected":false},"excerpt":{"rendered":"<p>FERN\u00c1NDEZ BERRENDO, RUTH<\/p>\n","protected":false},"featured_media":1086363,"template":"","meta":{"_acf_changed":false,"om_disable_all_campaigns":false,"rs_blank_template":"","rs_page_bg_color":"","slide_template_v7":"","inline_featured_image":false,"_monsterinsights_skip_tracking":false,"_monsterinsights_sitenote_active":false,"_monsterinsights_sitenote_note":"","_monsterinsights_sitenote_category":0},"product_brand":[],"product_cat":[219,478],"product_tag":[],"class_list":{"0":"post-1007335","1":"product","2":"type-product","3":"status-publish","4":"has-post-thumbnail","6":"product_cat-infantil-catequesi","7":"product_cat-infantil-catequesis-1_espiritualidad","9":"first","10":"outofstock","11":"taxable","12":"shipping-taxable","13":"purchasable","14":"product-type-simple"},"acf":{"autor":"FERN\u00c1NDEZ BERRENDO, RUTH","codart":"841379248","libros-coleccion":"FORA DE COL.LECCI\u00d3","ediciones":"1","encuadernacion":"R\u00fastica","fecha_de_publicacion":"01\/01\/2025","novedad":"0","paginas":"1","subtitulo":"","orden":"0","portada":"0","idioma":"spa","editorial":[{"ID":6155,"post_author":"3","post_date":"2022-07-28 17:46:04","post_date_gmt":"2022-07-28 15:46:04","post_content":"","post_title":"Central Catequ\u00edstica Salesiana","post_excerpt":"","post_status":"publish","comment_status":"closed","ping_status":"closed","post_password":"","post_name":"central-catequistica-salesiana","to_ping":"","pinged":"","post_modified":"2022-07-28 17:46:04","post_modified_gmt":"2022-07-28 15:46:04","post_content_filtered":"","post_parent":0,"guid":"http:\/\/dev.claret.cat\/editorial\/central-catequistica-salesiana\/","menu_order":0,"post_type":"editorial","post_mime_type":"","comment_count":"0","filter":"raw"}],"booktrailer":"","resenas":""},"aioseo_notices":[],"_links":{"self":[{"href":"https:\/\/www.claret.cat\/es\/wp-json\/wp\/v2\/product\/1007335","targetHints":{"allow":["GET"]}}],"collection":[{"href":"https:\/\/www.claret.cat\/es\/wp-json\/wp\/v2\/product"}],"about":[{"href":"https:\/\/www.claret.cat\/es\/wp-json\/wp\/v2\/types\/product"}],"wp:featuredmedia":[{"embeddable":true,"href":"https:\/\/www.claret.cat\/es\/wp-json\/wp\/v2\/media\/1086363"}],"wp:attachment":[{"href":"https:\/\/www.claret.cat\/es\/wp-json\/wp\/v2\/media?parent=1007335"}],"wp:term":[{"taxonomy":"product_brand","embeddable":true,"href":"https:\/\/www.claret.cat\/es\/wp-json\/wp\/v2\/product_brand?post=1007335"},{"taxonomy":"product_cat","embeddable":true,"href":"https:\/\/www.claret.cat\/es\/wp-json\/wp\/v2\/product_cat?post=1007335"},{"taxonomy":"product_tag","embeddable":true,"href":"https:\/\/www.claret.cat\/es\/wp-json\/wp\/v2\/product_tag?post=1007335"}],"curies":[{"name":"wp","href":"https:\/\/api.w.org\/{rel}","templated":true}]}}