{"id":100735,"date":"2022-10-12T07:57:18","date_gmt":"2022-10-12T05:57:18","guid":{"rendered":"http:\/\/dev.claret.cat\/producte\/cartas-de-espana\/"},"modified":"2023-01-28T01:57:13","modified_gmt":"2023-01-28T00:57:13","slug":"cartas-de-espana-9788497162692","status":"publish","type":"product","link":"https:\/\/www.claret.cat\/es\/libro\/cartas-de-espana-9788497162692\/","title":{"rendered":"CARTAS DE ESPA\u00d1A"},"content":{"rendered":"<p>M\u00e9rim\u00e9e traza con maestr\u00eda en estas &#8216;Cartas de Espa\u00f1a&#8217; (1831-1832) unos cuadros de costumbres de la Espa\u00f1a del siglo XIX que fueron muy apreciados por Unamuno. M\u00e9rim\u00e9e se siente pr\u00f3ximo a las tierras que recorre y a las gentes que trata, y de ah\u00ed resultan unos relatos llenos de empat\u00eda y brillantez.<\/p>\n","protected":false},"excerpt":{"rendered":"<p>MERIMEE, PROSPER<\/p>\n","protected":false},"featured_media":100736,"template":"","meta":{"_acf_changed":false,"om_disable_all_campaigns":false,"rs_blank_template":"","rs_page_bg_color":"","slide_template_v7":"","inline_featured_image":false,"_monsterinsights_skip_tracking":false,"_monsterinsights_sitenote_active":false,"_monsterinsights_sitenote_note":"","_monsterinsights_sitenote_category":0},"product_brand":[],"product_cat":[16],"product_tag":[],"class_list":{"0":"post-100735","1":"product","2":"type-product","3":"status-publish","4":"has-post-thumbnail","6":"product_cat-sense-categoria","8":"first","9":"instock","10":"taxable","11":"shipping-taxable","12":"purchasable","13":"product-type-simple"},"acf":{"editorial":[{"ID":6273,"post_author":"3","post_date":"2022-07-28 17:48:39","post_date_gmt":"2022-07-28 15:48:39","post_content":"","post_title":"Jos\u00e9 J. Ola\u00f1eta Editor","post_excerpt":"","post_status":"publish","comment_status":"closed","ping_status":"closed","post_password":"","post_name":"jose-j-olaneta-editor","to_ping":"","pinged":"","post_modified":"2022-07-28 17:48:39","post_modified_gmt":"2022-07-28 15:48:39","post_content_filtered":"","post_parent":0,"guid":"http:\/\/dev.claret.cat\/editorial\/jose-j-olaneta-editor\/","menu_order":0,"post_type":"editorial","post_mime_type":"","comment_count":"0","filter":"raw"}],"autor":"MERIMEE, PROSPER","codart":"849716269","libros-coleccion":"CENTELLAS","ediciones":"1","encuadernacion":"R\u00fastica","fecha_de_publicacion":"01\/11\/2020","novedad":"1","paginas":"216","subtitulo":"","orden":"0","portada":"0","idioma":"spa","autores-libros":[{"ID":167430,"post_author":"3","post_date":"2022-10-14 18:11:08","post_date_gmt":"2022-10-14 16:11:08","post_content":"","post_title":"PROSPER MERIMEE","post_excerpt":"","post_status":"publish","comment_status":"closed","ping_status":"closed","post_password":"","post_name":"prosper-merimee","to_ping":"","pinged":"","post_modified":"2022-10-14 18:11:08","post_modified_gmt":"2022-10-14 16:11:08","post_content_filtered":"","post_parent":0,"guid":"http:\/\/dev.claret.cat\/autor\/prosper-merimee\/","menu_order":0,"post_type":"autor","post_mime_type":"","comment_count":"0","filter":"raw"}]},"aioseo_notices":[],"_links":{"self":[{"href":"https:\/\/www.claret.cat\/es\/wp-json\/wp\/v2\/product\/100735","targetHints":{"allow":["GET"]}}],"collection":[{"href":"https:\/\/www.claret.cat\/es\/wp-json\/wp\/v2\/product"}],"about":[{"href":"https:\/\/www.claret.cat\/es\/wp-json\/wp\/v2\/types\/product"}],"wp:featuredmedia":[{"embeddable":true,"href":"https:\/\/www.claret.cat\/es\/wp-json\/wp\/v2\/media\/100736"}],"wp:attachment":[{"href":"https:\/\/www.claret.cat\/es\/wp-json\/wp\/v2\/media?parent=100735"}],"wp:term":[{"taxonomy":"product_brand","embeddable":true,"href":"https:\/\/www.claret.cat\/es\/wp-json\/wp\/v2\/product_brand?post=100735"},{"taxonomy":"product_cat","embeddable":true,"href":"https:\/\/www.claret.cat\/es\/wp-json\/wp\/v2\/product_cat?post=100735"},{"taxonomy":"product_tag","embeddable":true,"href":"https:\/\/www.claret.cat\/es\/wp-json\/wp\/v2\/product_tag?post=100735"}],"curies":[{"name":"wp","href":"https:\/\/api.w.org\/{rel}","templated":true}]}}