{"id":1007356,"date":"2025-02-24T12:46:36","date_gmt":"2025-02-24T11:46:36","guid":{"rendered":"https:\/\/www.claret.cat\/llibre\/perro-y-pinguino-el-huevo-perfecto-9788491457756\/"},"modified":"2025-04-03T11:05:06","modified_gmt":"2025-04-03T09:05:06","slug":"perro-y-pinguino-el-huevo-perfecto-9788491457756","status":"publish","type":"product","link":"https:\/\/www.claret.cat\/es\/libro\/perro-y-pinguino-el-huevo-perfecto-9788491457756\/","title":{"rendered":"\u00a1PERRO Y PING\u00dcINO! EL HUEVO PERFECTO."},"content":{"rendered":"<p>Conoce a Perro y Ping\u00fcino! <\/p>\n<p> \u00a1Los mejores amigos&#x2026; con personalidades MUY diferentes!<\/p>\n<p> Lo \u00fanico que quiere Ping\u00fcino para esta Pascua es un simple huevo de chocolate. Pero Perro est\u00e1 pensando en algo m\u00e1s GRANDE y ATREVIDO&#8230;\u00a1Un huevo espacial! \u00a1Un barco pirata de c\u00e1scara de huevo! \u00a1Un huevoc\u00f3ptero! <\/p>\n<p> \u00bfA Perro se le ir\u00e1n de las manos sus extravagantes ideas?<\/p>\n","protected":false},"excerpt":{"rendered":"<p>GARDNER, HAZEL<\/p>\n","protected":false},"featured_media":1007496,"template":"","meta":{"_acf_changed":false,"om_disable_all_campaigns":false,"rs_blank_template":"","rs_page_bg_color":"","slide_template_v7":"","inline_featured_image":false,"_monsterinsights_skip_tracking":false,"_monsterinsights_sitenote_active":false,"_monsterinsights_sitenote_note":"","_monsterinsights_sitenote_category":0},"product_brand":[],"product_cat":[131,361],"product_tag":[],"class_list":{"0":"post-1007356","1":"product","2":"type-product","3":"status-publish","4":"has-post-thumbnail","6":"product_cat-contes-per-infants-0-6-anys","7":"product_cat-cuentos-para-ninos-0-6-anos","9":"first","10":"instock","11":"taxable","12":"shipping-taxable","13":"purchasable","14":"product-type-simple"},"acf":{"autor":"GARDNER, HAZEL","codart":"849145775","libros-coleccion":"PICARONA","ediciones":"1","encuadernacion":"Carton\u00e9","fecha_de_publicacion":"01\/02\/2025","novedad":"1","paginas":"40","subtitulo":"","orden":"0","portada":"0","idioma":"spa","editorial":[{"ID":6329,"post_author":"3","post_date":"2022-07-28 17:49:51","post_date_gmt":"2022-07-28 15:49:51","post_content":"","post_title":"PICARONA","post_excerpt":"","post_status":"publish","comment_status":"closed","ping_status":"closed","post_password":"","post_name":"picarona","to_ping":"","pinged":"","post_modified":"2022-07-28 17:49:51","post_modified_gmt":"2022-07-28 15:49:51","post_content_filtered":"","post_parent":0,"guid":"http:\/\/dev.claret.cat\/editorial\/picarona\/","menu_order":0,"post_type":"editorial","post_mime_type":"","comment_count":"0","filter":"raw"}]},"aioseo_notices":[],"_links":{"self":[{"href":"https:\/\/www.claret.cat\/es\/wp-json\/wp\/v2\/product\/1007356","targetHints":{"allow":["GET"]}}],"collection":[{"href":"https:\/\/www.claret.cat\/es\/wp-json\/wp\/v2\/product"}],"about":[{"href":"https:\/\/www.claret.cat\/es\/wp-json\/wp\/v2\/types\/product"}],"wp:featuredmedia":[{"embeddable":true,"href":"https:\/\/www.claret.cat\/es\/wp-json\/wp\/v2\/media\/1007496"}],"wp:attachment":[{"href":"https:\/\/www.claret.cat\/es\/wp-json\/wp\/v2\/media?parent=1007356"}],"wp:term":[{"taxonomy":"product_brand","embeddable":true,"href":"https:\/\/www.claret.cat\/es\/wp-json\/wp\/v2\/product_brand?post=1007356"},{"taxonomy":"product_cat","embeddable":true,"href":"https:\/\/www.claret.cat\/es\/wp-json\/wp\/v2\/product_cat?post=1007356"},{"taxonomy":"product_tag","embeddable":true,"href":"https:\/\/www.claret.cat\/es\/wp-json\/wp\/v2\/product_tag?post=1007356"}],"curies":[{"name":"wp","href":"https:\/\/api.w.org\/{rel}","templated":true}]}}