{"id":1007412,"date":"2025-02-24T13:20:51","date_gmt":"2025-02-24T12:20:51","guid":{"rendered":"https:\/\/www.claret.cat\/llibre\/hasta-que-empieza-a-brillar-9788410496279\/"},"modified":"2025-02-24T13:40:58","modified_gmt":"2025-02-24T12:40:58","slug":"hasta-que-empieza-a-brillar-9788410496279","status":"publish","type":"product","link":"https:\/\/www.claret.cat\/es\/libro\/hasta-que-empieza-a-brillar-9788410496279\/","title":{"rendered":"HASTA QUE EMPIEZA A BRILLAR"},"content":{"rendered":"<p>EL GANADOR DEL PREMIO ALFAGUARA VUELVE A LA NOVELA CON LA VIDA DE MAR\u00cdA MOLINER EN EL 125 ANIVERSARIO DE SU NACIMIENTO \u00abMar\u00eda Moliner hizo una proeza con muy pocos precedentes: escribi\u00f3 sola, en su casa, con su propia mano, el diccionario m\u00e1s completo, \u00fatil y divertido de la lengua castellana\u00bb.<br \/>Gabriel Garc\u00eda M\u00e1rquez \u00abAndr\u00e9s Neuman nos revela la literatura que habita en un diccionario y en la vida de su creadora, acerc\u00e1ndonos a un personaje fabuloso y haci\u00e9ndole justicia a una rebelde en tiempos oscuros, tan sutil como radical\u00bb.<br \/>Jazmina Barrera Solemos identificar a Mar\u00eda Moliner con su diccionario, \u00abel m\u00e1s completo, \u00fatil y divertido de la lengua castellana\u00bb, seg\u00fan Garc\u00eda M\u00e1rquez. \u00bfPero por qu\u00e9 se sent\u00f3 a escribirlo a los cincuenta a\u00f1os, en plena dictadura franquista? \u00bfC\u00f3mo pudo completar, pr\u00e1cticamente sola, el diccionario de autora m\u00e1s importante de todos los tiempos? Hasta que empieza a brillar cuenta la historia \u00edntima de Mar\u00eda Moliner, partiendo de una atractiva premisa literaria: narrar de cuerpo entero a la protagonista a trav\u00e9s de su v\u00ednculo con la lengua. A la vez, nos propone una sugerente hip\u00f3tesis: \u00bfy si su diccionario fuese tambi\u00e9n una suerte de autobiograf\u00eda oculta? Esta es la vida novelada de una figura apasionante, retratada desde una infancia dif\u00edcil hasta un final insospechado, pasando por su extraordinaria labor como bibliotecaria en la Rep\u00fablica o su pol\u00e9mica candidatura a la Real Academia. Entre la investigaci\u00f3n y la imaginaci\u00f3n, combinando la comedia, el drama familiar y la tragedia colectiva, se abre paso la historia de una resistencia secreta. Un acto de justicia con el legado de una mujer que vivi\u00f3 a contracorriente y explor\u00f3 las palabras hasta que empezaron a brillar.La cr\u00edtica ha dicho:<br \/>\u00abLa vida de Mar\u00eda Moliner, contada con la prosa de Andr\u00e9s Neuman, se convierte en una deliciosa aventura literaria que recomiendo leer a todo el mundo. La narraci\u00f3n nos conduce por un camino trazado por la pasi\u00f3n por la palabra, que sin duda comparten el autor y la protagonista. Este libro me hizo quererla todav\u00eda m\u00e1s\u00bb.<br \/>Claudia Pi\u00f1eiro Sobre el autor y su obra:<br \/>\u00abNing\u00fan buen lector dejar\u00e1 de percibir en sus p\u00e1ginas algo que s\u00f3lo es dable encontrar en la alta literatura, la que escriben los poetas verdaderos\u00bb.<br \/>Roberto Bola\u00f1o\u00abResulta imposible encasillar a Andr\u00e9s Neuman: cada uno de sus libros es una nueva aventura del lenguaje, guiada por la inteligencia y el puro placer de la palabra. Sin duda, uno de los escritores m\u00e1s arriesgados de la literatura hispanoamericana, dispuesto a cambiar, desafiarse y explorar, siempre con una elegancia \u00fanica\u00bb.<br \/>Mariana Enriquez\u00abAndr\u00e9s Neuman est\u00e1 destinado a ser uno de los escritores esenciales de nuestro tiempo\u00bb.<br \/>Teju Cole \u00abUna escritura de una calidad que rara vez se encuentra\u00bb.<br \/>The Guardian \u00abUna obra de aut\u00e9ntica belleza y brillante inteligencia de un autor de prodigioso talento\u00bb.<br \/>The Independent<\/p>\n","protected":false},"excerpt":{"rendered":"<p>NEUMAN, ANDR\u00c9S<\/p>\n","protected":false},"featured_media":1007413,"template":"","meta":{"_acf_changed":false,"om_disable_all_campaigns":false,"rs_blank_template":"","rs_page_bg_color":"","slide_template_v7":"","inline_featured_image":false,"_monsterinsights_skip_tracking":false,"_monsterinsights_sitenote_active":false,"_monsterinsights_sitenote_note":"","_monsterinsights_sitenote_category":0},"product_brand":[],"product_cat":[127,357],"product_tag":[],"class_list":{"0":"post-1007412","1":"product","2":"type-product","3":"status-publish","4":"has-post-thumbnail","6":"product_cat-novella-contemporania","7":"product_cat-novela-contemporanea","9":"first","10":"instock","11":"taxable","12":"shipping-taxable","13":"purchasable","14":"product-type-simple"},"acf":{"autor":"NEUMAN, ANDR\u00c9S","codart":"841049627","libros-coleccion":"HISP\u00c1NICA","ediciones":"1","encuadernacion":"R\u00fastica","fecha_de_publicacion":"01\/02\/2025","novedad":"1","paginas":"296","subtitulo":"","orden":"0","portada":"0","idioma":"spa","editorial":[{"ID":6118,"post_author":"3","post_date":"2022-07-28 17:45:17","post_date_gmt":"2022-07-28 15:45:17","post_content":"","post_title":"ALFAGUARA","post_excerpt":"","post_status":"publish","comment_status":"closed","ping_status":"closed","post_password":"","post_name":"alfaguara","to_ping":"","pinged":"","post_modified":"2022-07-28 17:45:17","post_modified_gmt":"2022-07-28 15:45:17","post_content_filtered":"","post_parent":0,"guid":"http:\/\/dev.claret.cat\/editorial\/alfaguara\/","menu_order":0,"post_type":"editorial","post_mime_type":"","comment_count":"0","filter":"raw"}]},"aioseo_notices":[],"_links":{"self":[{"href":"https:\/\/www.claret.cat\/es\/wp-json\/wp\/v2\/product\/1007412","targetHints":{"allow":["GET"]}}],"collection":[{"href":"https:\/\/www.claret.cat\/es\/wp-json\/wp\/v2\/product"}],"about":[{"href":"https:\/\/www.claret.cat\/es\/wp-json\/wp\/v2\/types\/product"}],"wp:featuredmedia":[{"embeddable":true,"href":"https:\/\/www.claret.cat\/es\/wp-json\/wp\/v2\/media\/1007413"}],"wp:attachment":[{"href":"https:\/\/www.claret.cat\/es\/wp-json\/wp\/v2\/media?parent=1007412"}],"wp:term":[{"taxonomy":"product_brand","embeddable":true,"href":"https:\/\/www.claret.cat\/es\/wp-json\/wp\/v2\/product_brand?post=1007412"},{"taxonomy":"product_cat","embeddable":true,"href":"https:\/\/www.claret.cat\/es\/wp-json\/wp\/v2\/product_cat?post=1007412"},{"taxonomy":"product_tag","embeddable":true,"href":"https:\/\/www.claret.cat\/es\/wp-json\/wp\/v2\/product_tag?post=1007412"}],"curies":[{"name":"wp","href":"https:\/\/api.w.org\/{rel}","templated":true}]}}