{"id":1007469,"date":"2025-02-24T15:55:12","date_gmt":"2025-02-24T14:55:12","guid":{"rendered":"https:\/\/www.claret.cat\/llibre\/en-camino-hacia-una-iglesia-constitutivamente-sinodal-9788479668112\/"},"modified":"2025-02-25T11:31:06","modified_gmt":"2025-02-25T10:31:06","slug":"en-camino-hacia-una-iglesia-constitutivamente-sinodal-9788479668112","status":"publish","type":"product","link":"https:\/\/www.claret.cat\/es\/libro\/en-camino-hacia-una-iglesia-constitutivamente-sinodal-9788479668112\/","title":{"rendered":"EN CAMINO HACIA UNA IGLESIA CONSTITUTIVAMENTE SINODAL"},"content":{"rendered":"<p><strong>\u00a1Descubre la colecci\u00f3n de 29 Cuadernillos de Sinodalidad!<\/strong> Una iniciativa de <strong>Publicaciones Claretianas<\/strong> en Espa\u00f1a, creada en colaboraci\u00f3n con el <strong>CELAM y Editorial Claretiana (Argentina)<\/strong>, que ofrece una gu\u00eda pr\u00e1ctica y profunda sobre la sinodalidad en la Iglesia.<\/p>\n<p><strong>\u00bfQu\u00e9 encontrar\u00e1s en cada cuadernillo?<\/strong><\/p>\n<p> <strong>Reflexi\u00f3n teol\u00f3gica y pastoral<\/strong>: Aprende de expertos en Biblia, teolog\u00eda y pastoral sobre los fundamentos de la sinodalidad, sus desaf\u00edos y su importancia en la misi\u00f3n eclesial.<\/p>\n<p><strong>Sugerencias pr\u00e1cticas<\/strong>: Aplica la sinodalidad a nivel personal, comunitario y estructural con propuestas concretas para la renovaci\u00f3n pastoral.<\/p>\n<p><strong>Temas esenciales<\/strong>: Laicos, sensus fidei, participaci\u00f3n, ministerio ordenado, poder y autoridad, parroquia sinodal, reforma del derecho can\u00f3nico y m\u00e1s.<\/p>\n<p><strong>\u00bfC\u00f3mo usarlos?<\/strong><\/p>\n<p>Como material de formaci\u00f3n personal o en grupos.<\/p>\n<p>En itinerarios formativos para parroquias y comunidades.<\/p>\n<p>Para el an\u00e1lisis y discernimiento en consejos pastorales y presbiterales.<\/p>\n<p><strong>Transforma tu comunidad con una Iglesia verdaderamente sinodal!<\/strong> ?? Adquiere los Cuadernillos de Sinodalidad en <strong>Publicaciones Claretianas<\/strong> y comienza este camino de fe y renovaci\u00f3n.<\/p>\n","protected":false},"excerpt":{"rendered":"<p>LUCIANI  , RAFAEL ; NOCETI, SERENA<\/p>\n","protected":false},"featured_media":1007640,"template":"","meta":{"_acf_changed":false,"om_disable_all_campaigns":false,"rs_blank_template":"","rs_page_bg_color":"","slide_template_v7":"","inline_featured_image":false,"_monsterinsights_skip_tracking":false,"_monsterinsights_sitenote_active":false,"_monsterinsights_sitenote_note":"","_monsterinsights_sitenote_category":0},"product_brand":[],"product_cat":[511,283],"product_tag":[],"class_list":{"0":"post-1007469","1":"product","2":"type-product","3":"status-publish","4":"has-post-thumbnail","6":"product_cat-eclesiologia-teologia-1_espiritualidad","7":"product_cat-eclesiologia-teologia","9":"first","10":"instock","11":"taxable","12":"shipping-taxable","13":"purchasable","14":"product-type-simple"},"acf":{"autor":"LUCIANI  , RAFAEL ; NOCETI, SERENA","codart":"847966811","libros-coleccion":"CUADERNILLOS DE SINODALIDAD ","ediciones":"1","encuadernacion":"R\u00fastica","fecha_de_publicacion":"24\/02\/2025","novedad":"1","paginas":"100","subtitulo":"INTRODUCCI\u00d3N","orden":"999","portada":"1","idioma":"spa","editorial":[{"ID":6337,"post_author":"3","post_date":"2022-07-28 17:50:01","post_date_gmt":"2022-07-28 15:50:01","post_content":"","post_title":"Publicaciones Claretianas","post_excerpt":"","post_status":"publish","comment_status":"closed","ping_status":"closed","post_password":"","post_name":"publicaciones-claretianas","to_ping":"","pinged":"","post_modified":"2022-07-28 17:50:01","post_modified_gmt":"2022-07-28 15:50:01","post_content_filtered":"","post_parent":0,"guid":"http:\/\/dev.claret.cat\/editorial\/publicaciones-claretianas\/","menu_order":0,"post_type":"editorial","post_mime_type":"","comment_count":"0","filter":"raw"}]},"aioseo_notices":[],"_links":{"self":[{"href":"https:\/\/www.claret.cat\/es\/wp-json\/wp\/v2\/product\/1007469","targetHints":{"allow":["GET"]}}],"collection":[{"href":"https:\/\/www.claret.cat\/es\/wp-json\/wp\/v2\/product"}],"about":[{"href":"https:\/\/www.claret.cat\/es\/wp-json\/wp\/v2\/types\/product"}],"wp:featuredmedia":[{"embeddable":true,"href":"https:\/\/www.claret.cat\/es\/wp-json\/wp\/v2\/media\/1007640"}],"wp:attachment":[{"href":"https:\/\/www.claret.cat\/es\/wp-json\/wp\/v2\/media?parent=1007469"}],"wp:term":[{"taxonomy":"product_brand","embeddable":true,"href":"https:\/\/www.claret.cat\/es\/wp-json\/wp\/v2\/product_brand?post=1007469"},{"taxonomy":"product_cat","embeddable":true,"href":"https:\/\/www.claret.cat\/es\/wp-json\/wp\/v2\/product_cat?post=1007469"},{"taxonomy":"product_tag","embeddable":true,"href":"https:\/\/www.claret.cat\/es\/wp-json\/wp\/v2\/product_tag?post=1007469"}],"curies":[{"name":"wp","href":"https:\/\/api.w.org\/{rel}","templated":true}]}}