{"id":100780,"date":"2022-10-12T07:57:55","date_gmt":"2022-10-12T05:57:55","guid":{"rendered":"http:\/\/dev.claret.cat\/producte\/quan-erem-lleidatans\/"},"modified":"2025-02-01T02:11:23","modified_gmt":"2025-02-01T01:11:23","slug":"quan-erem-lleidatans-9788417998639","status":"publish","type":"product","link":"https:\/\/www.claret.cat\/es\/libro\/quan-erem-lleidatans-9788417998639\/","title":{"rendered":"QUAN \u00c9REM LLEIDATANS"},"content":{"rendered":"<p>Quan \u00e9rem lleidatans ressegueix el fil personal i familiar d&#8221;Antoni Gelonch per tal d&#8221;explicar i alhora explicar-se qui \u00e9s, com \u00e9s i per qu\u00e8 \u00e9s. I tot plegat amb el rerefons de la Lleida del segle passat, una ciutat emboirada, que sortia de la foscor de la postguerra seguint una llum molt t\u00e8nue i enfrontada a tos els vents.<\/p>\n","protected":false},"excerpt":{"rendered":"<p>GELONCH VILADEGUT, ANTONI<\/p>\n","protected":false},"featured_media":100781,"template":"","meta":{"_acf_changed":false,"om_disable_all_campaigns":false,"rs_blank_template":"","rs_page_bg_color":"","slide_template_v7":"","inline_featured_image":false,"_monsterinsights_skip_tracking":false,"_monsterinsights_sitenote_active":false,"_monsterinsights_sitenote_note":"","_monsterinsights_sitenote_category":0},"product_brand":[],"product_cat":[549,99],"product_tag":[],"class_list":{"0":"post-100780","1":"product","2":"type-product","3":"status-publish","4":"has-post-thumbnail","6":"product_cat-biografias","7":"product_cat-biografies","9":"first","10":"instock","11":"taxable","12":"shipping-taxable","13":"purchasable","14":"product-type-simple"},"acf":{"editorial":[{"ID":6392,"post_author":"3","post_date":"2022-07-28 17:51:10","post_date_gmt":"2022-07-28 15:51:10","post_content":"","post_title":"Viena","post_excerpt":"","post_status":"publish","comment_status":"closed","ping_status":"closed","post_password":"","post_name":"viena","to_ping":"","pinged":"","post_modified":"2022-07-28 17:51:10","post_modified_gmt":"2022-07-28 15:51:10","post_content_filtered":"","post_parent":0,"guid":"http:\/\/dev.claret.cat\/editorial\/viena\/","menu_order":0,"post_type":"editorial","post_mime_type":"","comment_count":"0","filter":"raw"}],"autor":"GELONCH VILADEGUT, ANTONI","codart":"841799863","libros-coleccion":"FORA DE COL\u00b7LECCIO","ediciones":"1","encuadernacion":"R\u00fastica","fecha_de_publicacion":"01\/11\/2020","novedad":"1","paginas":"328","subtitulo":"UNES MEM\u00d2RIES NO HEROIQUES. VOL. 1","orden":"0","portada":"0","idioma":"cat","autores-libros":[{"ID":150820,"post_author":"3","post_date":"2022-10-14 14:36:00","post_date_gmt":"2022-10-14 12:36:00","post_content":"","post_title":"ANTONI GELONCH VILADEGUT","post_excerpt":"","post_status":"publish","comment_status":"closed","ping_status":"closed","post_password":"","post_name":"antoni-gelonch-viladegut","to_ping":"","pinged":"","post_modified":"2022-10-14 14:36:00","post_modified_gmt":"2022-10-14 12:36:00","post_content_filtered":"","post_parent":0,"guid":"http:\/\/dev.claret.cat\/autor\/antoni-gelonch-viladegut\/","menu_order":0,"post_type":"autor","post_mime_type":"","comment_count":"0","filter":"raw"}]},"aioseo_notices":[],"_links":{"self":[{"href":"https:\/\/www.claret.cat\/es\/wp-json\/wp\/v2\/product\/100780","targetHints":{"allow":["GET"]}}],"collection":[{"href":"https:\/\/www.claret.cat\/es\/wp-json\/wp\/v2\/product"}],"about":[{"href":"https:\/\/www.claret.cat\/es\/wp-json\/wp\/v2\/types\/product"}],"wp:featuredmedia":[{"embeddable":true,"href":"https:\/\/www.claret.cat\/es\/wp-json\/wp\/v2\/media\/100781"}],"wp:attachment":[{"href":"https:\/\/www.claret.cat\/es\/wp-json\/wp\/v2\/media?parent=100780"}],"wp:term":[{"taxonomy":"product_brand","embeddable":true,"href":"https:\/\/www.claret.cat\/es\/wp-json\/wp\/v2\/product_brand?post=100780"},{"taxonomy":"product_cat","embeddable":true,"href":"https:\/\/www.claret.cat\/es\/wp-json\/wp\/v2\/product_cat?post=100780"},{"taxonomy":"product_tag","embeddable":true,"href":"https:\/\/www.claret.cat\/es\/wp-json\/wp\/v2\/product_tag?post=100780"}],"curies":[{"name":"wp","href":"https:\/\/api.w.org\/{rel}","templated":true}]}}