{"id":1007830,"date":"2025-02-26T10:30:11","date_gmt":"2025-02-26T09:30:11","guid":{"rendered":"https:\/\/www.claret.cat\/llibre\/la-llum-de-les-estrelles-mortes-9788410188969\/"},"modified":"2026-01-24T11:30:13","modified_gmt":"2026-01-24T10:30:13","slug":"la-llum-de-les-estrelles-mortes-9788410188969","status":"publish","type":"product","link":"https:\/\/www.claret.cat\/es\/libro\/la-llum-de-les-estrelles-mortes-9788410188969\/","title":{"rendered":"LA LLUM DE LES ESTRELLES MORTES"},"content":{"rendered":"<p><strong>Qu\u00e8 ens passa quan perdem alg\u00fa estimat?<\/strong> <strong>Com podem tornar a viure quan el buit sembla insuperable?<\/strong> I si, en lloc d\u2019avan\u00e7ar, ens sentim atrapats en el passat?<\/p>\n<p>Amb una combinaci\u00f3 \u00fanica de <strong>sensibilitat, saviesa i experi\u00e8ncia cl\u00ednica<\/strong>, <strong>Massimo Recalcati<\/strong> ens guia a trav\u00e9s del complex proc\u00e9s del <strong>dol<\/strong>. A partir d\u2019exemples reals i referents literaris, art\u00edstics i cinematogr\u00e0fics, explora:<\/p>\n<p><strong>Les trampes del dol<\/strong>: la melancolia paralitzant i la negaci\u00f3 fren\u00e8tica.<\/p>\n<p><strong>El poder de la mem\u00f2ria i l\u2019agra\u00efment<\/strong> com a eines per transformar el dolor.<\/p>\n<p><strong>Com convertir la p\u00e8rdua en un cam\u00ed cap a una nova vida<\/strong>, sense oblidar, per\u00f2 sense quedar encallats en el passat.<\/p>\n<p><strong>Un llibre profund i commovedor, imprescindible per a qui ha patit una p\u00e8rdua i busca llum enmig de la foscor.<\/strong><\/p>\n","protected":false},"excerpt":{"rendered":"<p>RECALCATI, MASSIMO<\/p>\n","protected":false},"featured_media":1077461,"template":"","meta":{"_acf_changed":false,"om_disable_all_campaigns":false,"rs_blank_template":"","rs_page_bg_color":"","slide_template_v7":"","inline_featured_image":false,"_monsterinsights_skip_tracking":false,"_monsterinsights_sitenote_active":false,"_monsterinsights_sitenote_note":"","_monsterinsights_sitenote_category":0},"product_brand":[],"product_cat":[118,567],"product_tag":[],"class_list":{"0":"post-1007830","1":"product","2":"type-product","3":"status-publish","4":"has-post-thumbnail","6":"product_cat-mort-i-dol","7":"product_cat-muerte-y-duelo","9":"first","10":"instock","11":"taxable","12":"shipping-taxable","13":"purchasable","14":"product-type-simple"},"acf":{"autor":"RECALCATI, MASSIMO","codart":"841018896","libros-coleccion":"FORA DE COL.LECCI\u00d3","ediciones":"1","encuadernacion":"R\u00fastica","fecha_de_publicacion":"01\/02\/2025","novedad":"1","paginas":"136","subtitulo":"ASSAIG SOBRE DOL I NOST\u00c0LGIA","orden":"0","portada":"0","idioma":"cat","editorial":[{"ID":6258,"post_author":"3","post_date":"2022-07-28 17:48:20","post_date_gmt":"2022-07-28 15:48:20","post_content":"","post_title":"FRAGMENTA EDITORIAL","post_excerpt":"","post_status":"publish","comment_status":"closed","ping_status":"closed","post_password":"","post_name":"fragmenta-editorial","to_ping":"","pinged":"","post_modified":"2022-07-28 17:48:20","post_modified_gmt":"2022-07-28 15:48:20","post_content_filtered":"","post_parent":0,"guid":"http:\/\/dev.claret.cat\/editorial\/fragmenta-editorial\/","menu_order":0,"post_type":"editorial","post_mime_type":"","comment_count":"0","filter":"raw"}],"booktrailer":"","resenas":""},"aioseo_notices":[],"_links":{"self":[{"href":"https:\/\/www.claret.cat\/es\/wp-json\/wp\/v2\/product\/1007830","targetHints":{"allow":["GET"]}}],"collection":[{"href":"https:\/\/www.claret.cat\/es\/wp-json\/wp\/v2\/product"}],"about":[{"href":"https:\/\/www.claret.cat\/es\/wp-json\/wp\/v2\/types\/product"}],"wp:featuredmedia":[{"embeddable":true,"href":"https:\/\/www.claret.cat\/es\/wp-json\/wp\/v2\/media\/1077461"}],"wp:attachment":[{"href":"https:\/\/www.claret.cat\/es\/wp-json\/wp\/v2\/media?parent=1007830"}],"wp:term":[{"taxonomy":"product_brand","embeddable":true,"href":"https:\/\/www.claret.cat\/es\/wp-json\/wp\/v2\/product_brand?post=1007830"},{"taxonomy":"product_cat","embeddable":true,"href":"https:\/\/www.claret.cat\/es\/wp-json\/wp\/v2\/product_cat?post=1007830"},{"taxonomy":"product_tag","embeddable":true,"href":"https:\/\/www.claret.cat\/es\/wp-json\/wp\/v2\/product_tag?post=1007830"}],"curies":[{"name":"wp","href":"https:\/\/api.w.org\/{rel}","templated":true}]}}