{"id":1007847,"date":"2025-02-26T12:05:54","date_gmt":"2025-02-26T11:05:54","guid":{"rendered":"https:\/\/www.claret.cat\/llibre\/el-libro-secreto-de-jeshua-ii-9788417230371\/"},"modified":"2025-12-19T12:57:02","modified_gmt":"2025-12-19T11:57:02","slug":"el-libro-secreto-de-jeshua-ii-9788417230371","status":"publish","type":"product","link":"https:\/\/www.claret.cat\/es\/libro\/el-libro-secreto-de-jeshua-ii-9788417230371\/","title":{"rendered":"EL LIBRO SECRETO DE JESHUA II"},"content":{"rendered":"<p>Este es el segundo tomo de la epopeya inici\u00e1tica escrita por Daniel Meurois para restituir \u00edntegramente lo que fue realmente la vida de Jes\u00fas el Cristo. Fruto de cuatro a\u00f1os de incesante trabajo en la Memoria Ak\u00e1sica, esta obra \u00fanica, tanto por su contenido como por su calidad literaria, es capaz de transformar los corazones. <br \/>Escrita a trav\u00e9s de la mirada del Cristo mismo, comienza a orillas del Jord\u00e1n y pronto nos conduce al lago de Tiber\u00edades, a trav\u00e9s de Galilea, el desierto de Judea y Jerusal\u00e9n. As\u00ed es como se nos revela una percepci\u00f3n privilegiada y revolucionaria de la personalidad y la Palabra de Aquel que ha marcado nuestra humanidad de manera indeleble. <br \/>Debido a que aborda los aspectos m\u00e1s \u00edntimos de Su ense\u00f1anza y nos hace frecuentar cotidianamente a Mar\u00eda Magdalena, el ap\u00f3stol Juan y tantos otros disc\u00edpulos, este texto, considerado como una gran obra por sus decenas de miles de primeros lectores, nos invita a un profundo labrado interior.<br \/>\u00bfC\u00f3mo es el cosmos del alma humana? \u00bfCu\u00e1les son los principios de la curaci\u00f3n instant\u00e1nea y los engranajes fundamentales de los milagros? \u00bfQu\u00e9 papel tuvieron los Elohim en la revelaci\u00f3n del Esp\u00edritu en la Tierra? Nuestro entendimiento de lo Sagrado entra inevitablemente en mutaci\u00f3n\u2026<br \/>Cautivado por un relato conmovedor, el lector quedar\u00e1 fascinado por la abundancia y la intensidad de las informaciones que el autor ha recogido a fin de llevarnos a\u00fan m\u00e1s lejos hacia horizontes luminosos y libres de toda pertenencia.<br \/>Desde la multiplicaci\u00f3n de los panes al misterio de la Crucifixi\u00f3n pasando por el verdadero papel de Judas, avanzamos as\u00ed hasta la dilataci\u00f3n de la conciencia. <br \/>Este testimonio, de una ternura impactante, nos adentrar\u00e1 finalmente en el pensamiento del Maestro en su regreso hacia el Himalaya.<br \/>Un soplo de paz y una visi\u00f3n sin precedentes del itinerario de Aquel que encarn\u00f3 al Divino al mismo tiempo que permanec\u00eda hombre\u2026 Un libro para amar el Amor\u2026 Una obra imponente que marcar\u00e1 un hito.<\/p>\n","protected":false},"excerpt":{"rendered":"<p>MEUROIS, DANIEL<\/p>\n","protected":false},"featured_media":1071429,"template":"","meta":{"_acf_changed":false,"om_disable_all_campaigns":false,"rs_blank_template":"","rs_page_bg_color":"","slide_template_v7":"","inline_featured_image":false,"_monsterinsights_skip_tracking":false,"_monsterinsights_sitenote_active":false,"_monsterinsights_sitenote_note":"","_monsterinsights_sitenote_category":0},"product_brand":[],"product_cat":[127,130,357,360,92,542],"product_tag":[],"class_list":{"0":"post-1007847","1":"product","2":"type-product","3":"status-publish","4":"has-post-thumbnail","6":"product_cat-novella-contemporania","7":"product_cat-novella-historica-i-ficcio","8":"product_cat-novela-contemporanea","9":"product_cat-novela-historica-y-ficcion","10":"product_cat-vida-religiosa","11":"product_cat-vida-religiosa-1_espiritualidad-spa","13":"first","14":"instock","15":"taxable","16":"shipping-taxable","17":"purchasable","18":"product-type-simple"},"acf":{"autor":"MEUROIS, DANIEL","codart":"841723037","libros-coleccion":"ESPACIO Y TIEMPO DE LORA","ediciones":"1","encuadernacion":"R\u00fastica","fecha_de_publicacion":"01\/10\/2018","novedad":"0","paginas":"649","subtitulo":"LAS ETAPAS DE LA REALIZACI\u00d3N","orden":"0","portada":"0","idioma":"spa","editorial":[{"ID":147354,"post_author":"3","post_date":"2022-10-14 11:49:55","post_date_gmt":"2022-10-14 09:49:55","post_content":"","post_title":"(161).ISTHAR LUNA-SOL","post_excerpt":"","post_status":"publish","comment_status":"closed","ping_status":"closed","post_password":"","post_name":"161-isthar-luna-sol","to_ping":"","pinged":"","post_modified":"2022-10-14 11:49:55","post_modified_gmt":"2022-10-14 09:49:55","post_content_filtered":"","post_parent":0,"guid":"http:\/\/dev.claret.cat\/editorial\/161-isthar-luna-sol\/","menu_order":0,"post_type":"editorial","post_mime_type":"","comment_count":"0","filter":"raw"}],"autores-libros":[{"ID":153614,"post_author":"3","post_date":"2022-10-14 14:58:09","post_date_gmt":"2022-10-14 12:58:09","post_content":"","post_title":"DANIEL MEUROIS","post_excerpt":"","post_status":"publish","comment_status":"closed","ping_status":"closed","post_password":"","post_name":"daniel-meurois","to_ping":"","pinged":"","post_modified":"2022-10-14 14:58:09","post_modified_gmt":"2022-10-14 12:58:09","post_content_filtered":"","post_parent":0,"guid":"http:\/\/dev.claret.cat\/autor\/daniel-meurois\/","menu_order":0,"post_type":"autor","post_mime_type":"","comment_count":"0","filter":"raw"}],"booktrailer":"","resenas":""},"aioseo_notices":[],"_links":{"self":[{"href":"https:\/\/www.claret.cat\/es\/wp-json\/wp\/v2\/product\/1007847","targetHints":{"allow":["GET"]}}],"collection":[{"href":"https:\/\/www.claret.cat\/es\/wp-json\/wp\/v2\/product"}],"about":[{"href":"https:\/\/www.claret.cat\/es\/wp-json\/wp\/v2\/types\/product"}],"wp:featuredmedia":[{"embeddable":true,"href":"https:\/\/www.claret.cat\/es\/wp-json\/wp\/v2\/media\/1071429"}],"wp:attachment":[{"href":"https:\/\/www.claret.cat\/es\/wp-json\/wp\/v2\/media?parent=1007847"}],"wp:term":[{"taxonomy":"product_brand","embeddable":true,"href":"https:\/\/www.claret.cat\/es\/wp-json\/wp\/v2\/product_brand?post=1007847"},{"taxonomy":"product_cat","embeddable":true,"href":"https:\/\/www.claret.cat\/es\/wp-json\/wp\/v2\/product_cat?post=1007847"},{"taxonomy":"product_tag","embeddable":true,"href":"https:\/\/www.claret.cat\/es\/wp-json\/wp\/v2\/product_tag?post=1007847"}],"curies":[{"name":"wp","href":"https:\/\/api.w.org\/{rel}","templated":true}]}}