{"id":1007902,"date":"2025-02-26T13:30:34","date_gmt":"2025-02-26T12:30:34","guid":{"rendered":"https:\/\/www.claret.cat\/llibre\/pastors-i-ramats-9788413564586\/"},"modified":"2025-04-09T19:20:06","modified_gmt":"2025-04-09T17:20:06","slug":"pastors-i-ramats-9788413564586","status":"publish","type":"product","link":"https:\/\/www.claret.cat\/es\/libro\/pastors-i-ramats-9788413564586\/","title":{"rendered":"PASTORS I RAMATS"},"content":{"rendered":"<p>AQUEST \u00c9S UN RECULL DE 17 TROBADES AMB PASTORS I PASTORES: UNA CONVERSA DISTESA SOBRE VIV\u00c8NCIES I REFLEXIONS D&#8217;UN OFICI SOLITARI I ANCESTRAL. El m\u00f3n dels pastors \u00e9s un m\u00f3n singular. D&#8217;entrada, tenen moltes estones de solitud, la qual cosa els porta a moments per pensar i per saber escoltar la vida. Al llarg dels segles han adquirit coneixements sobre paisatge, natura, remeis i cures per al bestiar; tamb\u00e9 han apr\u00e8s a preveure el vent, la pluja i un munt de coses m\u00e9s. Actualment, per\u00f2, se&#8217;ls escolta poc. Els darrers anys aquest ofici ha anat perdent pes en una societat que es mou a un ritme massa accelerat. Aquesta feina vocacional lligada a la terra sembla en vies d&#8217;extinci\u00f3; un m\u00f3n que se&#8217;n va. Aquest llibre \u00e9s fruit d&#8217;un feix d&#8217;hores compartides amb pastors, que ens expliquen les seves viv\u00e8ncies i tamb\u00e9 la seva manera d&#8217;entendre la vida. * \u00abVoldr\u00edem que aquest treball serv\u00eds per constatar la import\u00e0ncia d&#8217;un ofici en vies d&#8221;extinci\u00f3 i per valorar la feina dels pastors, sense descans al llarg dels 365 dies de l&#8217;any. Cada vegada que perdem un pastor, tots hi sortim perdent: uns coneixements adquirits al llarg dels segles, una feina vocacional lligada a la terra i als animals, un paisatge modelat i cuidat pel bestiar, uns productes frescos i de proximitat&#8230;\u00bb EL LLIBRE _PASTORS I RAMATS_ EST\u00c0 BASAT EN LA S\u00c8RIE EMESA PEL CANAL 33 I DISPONIBLE A LA PLATAFORMA 3CAT. CLICA AQU\u00cd PER COMEN\u00c7AR A VEURE LA S\u00c8RIE [https:\/\/www.3cat.cat\/3cat\/pastors_i_ramats\/]<\/p>\n","protected":false},"excerpt":{"rendered":"<p>BAYER, XAVIER \/ PUIG, PEP<\/p>\n","protected":false},"featured_media":1012787,"template":"","meta":{"_acf_changed":false,"om_disable_all_campaigns":false,"rs_blank_template":"","rs_page_bg_color":"","slide_template_v7":"","inline_featured_image":false,"_monsterinsights_skip_tracking":false,"_monsterinsights_sitenote_active":false,"_monsterinsights_sitenote_note":"","_monsterinsights_sitenote_category":0},"product_brand":[],"product_cat":[90,540],"product_tag":[],"class_list":{"0":"post-1007902","1":"product","2":"type-product","3":"status-publish","4":"has-post-thumbnail","6":"product_cat-altres","7":"product_cat-otros","9":"first","10":"instock","11":"taxable","12":"shipping-taxable","13":"purchasable","14":"product-type-simple"},"acf":{"autor":"BAYER, XAVIER \/ PUIG, PEP","codart":"841356458","libros-coleccion":"La Mandr\u00e0gora","ediciones":"1","encuadernacion":"R\u00fastica","fecha_de_publicacion":"01\/02\/2025","novedad":"1","paginas":"240","subtitulo":"RETRAT D'UN OFICI QUE DESAFIA EL PAS DEL TEMPS","orden":"0","portada":"1","idioma":"cat","editorial":[{"ID":6171,"post_author":"3","post_date":"2022-07-28 17:46:25","post_date_gmt":"2022-07-28 15:46:25","post_content":"","post_title":"COSSETANIA EDICIONS","post_excerpt":"","post_status":"publish","comment_status":"closed","ping_status":"closed","post_password":"","post_name":"cossetania-edicions","to_ping":"","pinged":"","post_modified":"2022-07-28 17:46:25","post_modified_gmt":"2022-07-28 15:46:25","post_content_filtered":"","post_parent":0,"guid":"http:\/\/dev.claret.cat\/editorial\/cossetania-edicions\/","menu_order":0,"post_type":"editorial","post_mime_type":"","comment_count":"0","filter":"raw"}],"booktrailer":"","resenas":""},"aioseo_notices":[],"_links":{"self":[{"href":"https:\/\/www.claret.cat\/es\/wp-json\/wp\/v2\/product\/1007902","targetHints":{"allow":["GET"]}}],"collection":[{"href":"https:\/\/www.claret.cat\/es\/wp-json\/wp\/v2\/product"}],"about":[{"href":"https:\/\/www.claret.cat\/es\/wp-json\/wp\/v2\/types\/product"}],"wp:featuredmedia":[{"embeddable":true,"href":"https:\/\/www.claret.cat\/es\/wp-json\/wp\/v2\/media\/1012787"}],"wp:attachment":[{"href":"https:\/\/www.claret.cat\/es\/wp-json\/wp\/v2\/media?parent=1007902"}],"wp:term":[{"taxonomy":"product_brand","embeddable":true,"href":"https:\/\/www.claret.cat\/es\/wp-json\/wp\/v2\/product_brand?post=1007902"},{"taxonomy":"product_cat","embeddable":true,"href":"https:\/\/www.claret.cat\/es\/wp-json\/wp\/v2\/product_cat?post=1007902"},{"taxonomy":"product_tag","embeddable":true,"href":"https:\/\/www.claret.cat\/es\/wp-json\/wp\/v2\/product_tag?post=1007902"}],"curies":[{"name":"wp","href":"https:\/\/api.w.org\/{rel}","templated":true}]}}