{"id":1007985,"date":"2025-02-26T17:25:32","date_gmt":"2025-02-26T16:25:32","guid":{"rendered":"https:\/\/www.claret.cat\/llibre\/la-picadura-de-abeja-9788433929600\/"},"modified":"2025-05-03T12:25:55","modified_gmt":"2025-05-03T10:25:55","slug":"la-picadura-de-abeja-9788433929600","status":"publish","type":"product","link":"https:\/\/www.claret.cat\/es\/libro\/la-picadura-de-abeja-9788433929600\/","title":{"rendered":"LA PICADURA DE ABEJA"},"content":{"rendered":"<h3><strong>Humor, drama y caos familiar en una novela brillante.<\/strong><\/h3>\n<p><strong>Una tragicomedia irlandesa hilarante y desgarradora.<\/strong><\/p>\n<p>Los Barnes son una familia irlandesa infeliz <strong>de cuatro maneras distintas<\/strong>:<\/p>\n<p><strong>Dickie<\/strong>, el padre, lucha por mantener su concesionario de coches a flote tras la crisis econ\u00f3mica, mientras su obsesi\u00f3n por el colapso ecol\u00f3gico lo lleva a construir un b\u00fanker en el bosque.<\/p>\n<p><strong>Imelda<\/strong>, la madre, la mujer m\u00e1s bella del pueblo, vive atrapada en un matrimonio con un hombre que nunca am\u00f3.<\/p>\n<p><strong>Cass<\/strong>, la hija adolescente, busca desesperadamente escapar de la asfixiante vida provinciana a trav\u00e9s del alcohol, el sexo y un sue\u00f1o: estudiar en Dubl\u00edn.<\/p>\n<p><strong>PJ<\/strong>, el hijo menor, sufre acoso escolar y se refugia en los videojuegos, donde encuentra un amigo virtual\u2026 que podr\u00eda no ser lo que parece.<\/p>\n<p><strong>Mientras Dickie se obsesiona con salvar al mundo, su familia se desmorona.<\/strong><\/p>\n<p><strong>Finalista del Premio Booker 2023<\/strong>, Paul Murray domina la tragicomedia con una maestr\u00eda excepcional, logrando que el lector pase de la risa al nudo en la garganta en una sola p\u00e1gina.<\/p>\n<p>Una historia <strong>absorbente, \u00e1cida y conmovedora<\/strong>, destinada a convertirse en un cl\u00e1sico moderno.<\/p>\n","protected":false},"excerpt":{"rendered":"<p>MURRAY, PAUL<\/p>\n","protected":false},"featured_media":1012583,"template":"","meta":{"_acf_changed":false,"om_disable_all_campaigns":false,"rs_blank_template":"","rs_page_bg_color":"","slide_template_v7":"","inline_featured_image":false,"_monsterinsights_skip_tracking":false,"_monsterinsights_sitenote_active":false,"_monsterinsights_sitenote_note":"","_monsterinsights_sitenote_category":0},"product_brand":[],"product_cat":[127,357],"product_tag":[],"class_list":{"0":"post-1007985","1":"product","2":"type-product","3":"status-publish","4":"has-post-thumbnail","6":"product_cat-novella-contemporania","7":"product_cat-novela-contemporanea","9":"first","10":"instock","11":"taxable","12":"shipping-taxable","13":"purchasable","14":"product-type-simple"},"acf":{"autor":"MURRAY, PAUL","codart":"843392960","libros-coleccion":"Panorama de narrativas","ediciones":"1","encuadernacion":"R\u00fastica","fecha_de_publicacion":"01\/02\/2025","novedad":"1","paginas":"720","subtitulo":"","orden":"0","portada":"1","idioma":"spa","editorial":[{"ID":147428,"post_author":"3","post_date":"2022-10-14 11:50:30","post_date_gmt":"2022-10-14 09:50:30","post_content":"","post_title":"ANAGRAMA","post_excerpt":"","post_status":"publish","comment_status":"closed","ping_status":"closed","post_password":"","post_name":"anagrama","to_ping":"","pinged":"","post_modified":"2022-10-14 11:50:30","post_modified_gmt":"2022-10-14 09:50:30","post_content_filtered":"","post_parent":0,"guid":"http:\/\/dev.claret.cat\/editorial\/anagrama\/","menu_order":0,"post_type":"editorial","post_mime_type":"","comment_count":"0","filter":"raw"}],"booktrailer":"","resenas":""},"aioseo_notices":[],"_links":{"self":[{"href":"https:\/\/www.claret.cat\/es\/wp-json\/wp\/v2\/product\/1007985","targetHints":{"allow":["GET"]}}],"collection":[{"href":"https:\/\/www.claret.cat\/es\/wp-json\/wp\/v2\/product"}],"about":[{"href":"https:\/\/www.claret.cat\/es\/wp-json\/wp\/v2\/types\/product"}],"wp:featuredmedia":[{"embeddable":true,"href":"https:\/\/www.claret.cat\/es\/wp-json\/wp\/v2\/media\/1012583"}],"wp:attachment":[{"href":"https:\/\/www.claret.cat\/es\/wp-json\/wp\/v2\/media?parent=1007985"}],"wp:term":[{"taxonomy":"product_brand","embeddable":true,"href":"https:\/\/www.claret.cat\/es\/wp-json\/wp\/v2\/product_brand?post=1007985"},{"taxonomy":"product_cat","embeddable":true,"href":"https:\/\/www.claret.cat\/es\/wp-json\/wp\/v2\/product_cat?post=1007985"},{"taxonomy":"product_tag","embeddable":true,"href":"https:\/\/www.claret.cat\/es\/wp-json\/wp\/v2\/product_tag?post=1007985"}],"curies":[{"name":"wp","href":"https:\/\/api.w.org\/{rel}","templated":true}]}}