{"id":100816,"date":"2022-10-12T07:58:26","date_gmt":"2022-10-12T05:58:26","guid":{"rendered":"http:\/\/dev.claret.cat\/producte\/la-rinxols-dor-2\/"},"modified":"2025-10-20T21:20:31","modified_gmt":"2025-10-20T19:20:31","slug":"la-rinxols-dor-9788418135354","status":"publish","type":"product","link":"https:\/\/www.claret.cat\/es\/libro\/la-rinxols-dor-9788418135354\/","title":{"rendered":"LA R\u00cdNXOLS D&#8221;OR"},"content":{"rendered":"<p>La R\u00ednxols d&#8221;Or \u00e9s una noia tafanera i amable, que, caminant, descobreix una casa confortable.<\/p>\n<p>Deixa&#8221;t seduir per la m\u00e0gia d&#8221;aquest conte cl\u00e0ssic amb mecanismes que fascinar\u00e0 els m\u00e9s petits. Un llibre de cartr\u00f3 resistent amb lleng\u00fcetes i m\u00e9s sorpreses ideal per a nens i nenes a partir d&#8221;1 any.<\/p>\n","protected":false},"excerpt":{"rendered":"<p>AA. VV.<\/p>\n","protected":false},"featured_media":100817,"template":"","meta":{"_acf_changed":false,"om_disable_all_campaigns":false,"rs_blank_template":"","rs_page_bg_color":"","slide_template_v7":"","inline_featured_image":false,"_monsterinsights_skip_tracking":false,"_monsterinsights_sitenote_active":false,"_monsterinsights_sitenote_note":"","_monsterinsights_sitenote_category":0},"product_brand":[],"product_cat":[131,361],"product_tag":[],"class_list":{"0":"post-100816","1":"product","2":"type-product","3":"status-publish","4":"has-post-thumbnail","6":"product_cat-contes-per-infants-0-6-anys","7":"product_cat-cuentos-para-ninos-0-6-anos","9":"first","10":"instock","11":"taxable","12":"shipping-taxable","13":"purchasable","14":"product-type-simple"},"acf":{"editorial":[{"ID":6249,"post_author":"3","post_date":"2022-07-28 17:48:09","post_date_gmt":"2022-07-28 15:48:09","post_content":"","post_title":"Estrella Polar","post_excerpt":"","post_status":"publish","comment_status":"closed","ping_status":"closed","post_password":"","post_name":"estrella-polar","to_ping":"","pinged":"","post_modified":"2022-07-28 17:48:09","post_modified_gmt":"2022-07-28 15:48:09","post_content_filtered":"","post_parent":0,"guid":"http:\/\/dev.claret.cat\/editorial\/estrella-polar\/","menu_order":0,"post_type":"editorial","post_mime_type":"","comment_count":"0","filter":"raw"}],"autores-libros":[{"ID":5197,"post_author":"3","post_date":"2022-07-28 17:16:51","post_date_gmt":"2022-07-28 15:16:51","post_content":"","post_title":"AA. VV.","post_excerpt":"","post_status":"publish","comment_status":"closed","ping_status":"closed","post_password":"","post_name":"aa-vv","to_ping":"","pinged":"","post_modified":"2022-07-28 17:16:51","post_modified_gmt":"2022-07-28 15:16:51","post_content_filtered":"","post_parent":0,"guid":"http:\/\/dev.claret.cat\/autor\/aa-vv\/","menu_order":0,"post_type":"autor","post_mime_type":"","comment_count":"0","filter":"raw"}],"autor":"AA. VV.","codart":"841813535","libros-coleccion":"Contes cl\u00e0ssics amb mecanismes","ediciones":"1","encuadernacion":"Carpeta","fecha_de_publicacion":"01\/11\/2020","novedad":"1","paginas":"10","subtitulo":"IL\u00b7LUSTRACIONS D''EVA M. GEY","orden":"0","portada":"0","idioma":"cat","booktrailer":"","resenas":""},"aioseo_notices":[],"_links":{"self":[{"href":"https:\/\/www.claret.cat\/es\/wp-json\/wp\/v2\/product\/100816","targetHints":{"allow":["GET"]}}],"collection":[{"href":"https:\/\/www.claret.cat\/es\/wp-json\/wp\/v2\/product"}],"about":[{"href":"https:\/\/www.claret.cat\/es\/wp-json\/wp\/v2\/types\/product"}],"wp:featuredmedia":[{"embeddable":true,"href":"https:\/\/www.claret.cat\/es\/wp-json\/wp\/v2\/media\/100817"}],"wp:attachment":[{"href":"https:\/\/www.claret.cat\/es\/wp-json\/wp\/v2\/media?parent=100816"}],"wp:term":[{"taxonomy":"product_brand","embeddable":true,"href":"https:\/\/www.claret.cat\/es\/wp-json\/wp\/v2\/product_brand?post=100816"},{"taxonomy":"product_cat","embeddable":true,"href":"https:\/\/www.claret.cat\/es\/wp-json\/wp\/v2\/product_cat?post=100816"},{"taxonomy":"product_tag","embeddable":true,"href":"https:\/\/www.claret.cat\/es\/wp-json\/wp\/v2\/product_tag?post=100816"}],"curies":[{"name":"wp","href":"https:\/\/api.w.org\/{rel}","templated":true}]}}