{"id":100825,"date":"2022-10-12T07:58:33","date_gmt":"2022-10-12T05:58:33","guid":{"rendered":"http:\/\/dev.claret.cat\/producte\/nobiliari-general-catala-3-i-4-a\/"},"modified":"2025-03-26T12:58:05","modified_gmt":"2025-03-26T11:58:05","slug":"nobiliari-general-catala-3-i-4-a-9788494135255","status":"publish","type":"product","link":"https:\/\/www.claret.cat\/es\/libro\/nobiliari-general-catala-3-i-4-a-9788494135255\/","title":{"rendered":"NOBILIARI GENERAL CATAL\u00c0 3 i 4 A"},"content":{"rendered":"<p>Si el volum 2 del NGC inclou la noblesa catalana immemorial, o sigui, aquella els or\u00edgens de la qual hom desconeix, aquest tercer volum aplega les genealogies de l&#8217;anomenada noblesa de privilegi, o sigui, d&#8217;aquelles persones ennoblides per un privilegi atorgat per un dels nostres sobirans. El primer que coneixem \u2014aix\u00f2 no vol dir que no n&#8217;hi pugui haver d&#8217;anteriors\u2014 \u00e9s del 1317, durant el regnat del comte rei Jaume II.<br \/>Hi havia distints graus o classes de privilegis nobiliaris. De menor a major eren els de Burg\u00e8s Honrat (de Cervera, Granollers, Olot, Perpiny\u00e0, Vilafranca del Pened\u00e8s), de Ciutad\u00e0 Honrat (de Barcelona, Girona, Lleida, Manresa, Tarragona, Tortosa), de Cavaller del Principat i de Noble del Principat. A un nivell superior ja trobem els anomenats T\u00edtols Nobiliaris (de bar\u00f3, vescomte, comte, marqu\u00e8s i duc). Hi havia tamb\u00e9 els anomenats Privilegis de Generositat \u2014de curta exist\u00e8ncia\u2014 que facultaven \u2014generalment a pagesos\u2014 l&#8217;acc\u00e9s a la cavalleria.<\/p>\n","protected":false},"excerpt":{"rendered":"<p>DE FLUVI\u00c0 I ESCORSA, ARMAND<\/p>\n","protected":false},"featured_media":1014103,"template":"","meta":{"_acf_changed":false,"om_disable_all_campaigns":false,"rs_blank_template":"","rs_page_bg_color":"","slide_template_v7":"","inline_featured_image":false,"_monsterinsights_skip_tracking":false,"_monsterinsights_sitenote_active":false,"_monsterinsights_sitenote_note":"","_monsterinsights_sitenote_category":0},"product_brand":[],"product_cat":[90,540],"product_tag":[],"class_list":{"0":"post-100825","1":"product","2":"type-product","3":"status-publish","4":"has-post-thumbnail","6":"product_cat-altres","7":"product_cat-otros","9":"first","10":"instock","11":"taxable","12":"shipping-taxable","13":"purchasable","14":"product-type-simple"},"acf":{"autor":"DE FLUVI\u00c0 I ESCORSA, ARMAND","codart":"849413525","libros-coleccion":"","ediciones":"1","encuadernacion":"Tela","fecha_de_publicacion":"24\/11\/2020","novedad":"1","paginas":"205","subtitulo":"","orden":"0","portada":"0","idioma":"cat","editorial":[{"ID":148293,"post_author":"3","post_date":"2022-10-14 11:57:07","post_date_gmt":"2022-10-14 09:57:07","post_content":"","post_title":"INST. CATALANA GENEALOGIA HERALDICA","post_excerpt":"","post_status":"publish","comment_status":"closed","ping_status":"closed","post_password":"","post_name":"inst-catalana-genealogia-heraldica","to_ping":"","pinged":"","post_modified":"2022-10-14 11:57:07","post_modified_gmt":"2022-10-14 09:57:07","post_content_filtered":"","post_parent":0,"guid":"http:\/\/dev.claret.cat\/editorial\/inst-catalana-genealogia-heraldica\/","menu_order":0,"post_type":"editorial","post_mime_type":"","comment_count":"0","filter":"raw"}],"autores-libros":[{"ID":151093,"post_author":"3","post_date":"2022-10-14 14:38:09","post_date_gmt":"2022-10-14 12:38:09","post_content":"","post_title":"ARMAND DE FLUVI\u00c0 I ESCORSA","post_excerpt":"","post_status":"publish","comment_status":"closed","ping_status":"closed","post_password":"","post_name":"armand-de-fluvia-i-escorsa","to_ping":"","pinged":"","post_modified":"2022-10-14 14:38:09","post_modified_gmt":"2022-10-14 12:38:09","post_content_filtered":"","post_parent":0,"guid":"http:\/\/dev.claret.cat\/autor\/armand-de-fluvia-i-escorsa\/","menu_order":0,"post_type":"autor","post_mime_type":"","comment_count":"0","filter":"raw"}]},"aioseo_notices":[],"_links":{"self":[{"href":"https:\/\/www.claret.cat\/es\/wp-json\/wp\/v2\/product\/100825","targetHints":{"allow":["GET"]}}],"collection":[{"href":"https:\/\/www.claret.cat\/es\/wp-json\/wp\/v2\/product"}],"about":[{"href":"https:\/\/www.claret.cat\/es\/wp-json\/wp\/v2\/types\/product"}],"wp:featuredmedia":[{"embeddable":true,"href":"https:\/\/www.claret.cat\/es\/wp-json\/wp\/v2\/media\/1014103"}],"wp:attachment":[{"href":"https:\/\/www.claret.cat\/es\/wp-json\/wp\/v2\/media?parent=100825"}],"wp:term":[{"taxonomy":"product_brand","embeddable":true,"href":"https:\/\/www.claret.cat\/es\/wp-json\/wp\/v2\/product_brand?post=100825"},{"taxonomy":"product_cat","embeddable":true,"href":"https:\/\/www.claret.cat\/es\/wp-json\/wp\/v2\/product_cat?post=100825"},{"taxonomy":"product_tag","embeddable":true,"href":"https:\/\/www.claret.cat\/es\/wp-json\/wp\/v2\/product_tag?post=100825"}],"curies":[{"name":"wp","href":"https:\/\/api.w.org\/{rel}","templated":true}]}}