{"id":1008353,"date":"2025-02-28T16:40:01","date_gmt":"2025-02-28T15:40:01","guid":{"rendered":"https:\/\/www.claret.cat\/llibre\/antiqua-et-nova-9788422023784\/"},"modified":"2025-04-09T11:40:09","modified_gmt":"2025-04-09T09:40:09","slug":"antiqua-et-nova-9788422023784","status":"publish","type":"product","link":"https:\/\/www.claret.cat\/es\/libro\/antiqua-et-nova-9788422023784\/","title":{"rendered":"ANTIQUA ET NOVA"},"content":{"rendered":"<p><\/p>\n<p class='ql-align-justify'>&nbsp;  <span>\u00abLa presente Nota afronta las cuestiones antropol\u00f3gicas y \u00e9ticas planteadas por la IA, que son cuestiones particularmente relevantes pues uno de los objetivos de esta tecnolog\u00eda es el de imitar la inteligencia humana que la ha dise\u00f1ado\u00bb (n. 3).\u00abLa Iglesia [\u2026] exhorta a cuantos tienen el encargo de transmitir la fe (padres, ense\u00f1antes, pastores y obispos) a dedicarse con cuidado y atenci\u00f3n a esta cuesti\u00f3n urgente. Si bien est\u00e1 dirigido especialmente a ellos, el presente documento est\u00e1 pensado para ser accesible a un p\u00fablico m\u00e1s amplio, es decir, a aquellos que comparten la exigencia de un desarrollo cient\u00edfico y tecnol\u00f3gico que est\u00e9 al servicio de la persona y del bien com\u00fan\u00bb (n. 5).<\/span><\/p>\n<p><\/p>\n","protected":false},"excerpt":{"rendered":"<p>DICASTERIO PARA LA DOCTRINA DE LA FE; DICASTERIO PARA LA CULTURA Y LA EDUCACI\u00d3N<\/p>\n","protected":false},"featured_media":1013733,"template":"","meta":{"_acf_changed":false,"om_disable_all_campaigns":false,"rs_blank_template":"","rs_page_bg_color":"","slide_template_v7":"","inline_featured_image":false,"_monsterinsights_skip_tracking":false,"_monsterinsights_sitenote_active":false,"_monsterinsights_sitenote_note":"","_monsterinsights_sitenote_category":0},"product_brand":[],"product_cat":[271,409],"product_tag":[],"class_list":{"0":"post-1008353","1":"product","2":"type-product","3":"status-publish","4":"has-post-thumbnail","6":"product_cat-en-general","7":"product_cat-en-general-pastoral-1_espiritualidad","9":"first","10":"instock","11":"taxable","12":"shipping-taxable","13":"purchasable","14":"product-type-simple"},"acf":{"autor":"DICASTERIO PARA LA DOCTRINA DE LA FE; DICASTERIO PARA LA CULTURA Y LA EDUCACI\u00d3N","codart":"842202378","libros-coleccion":"SAN PABLO - ENCICLICAS-DOCUMENTOS","ediciones":"1","encuadernacion":"R\u00fastica","fecha_de_publicacion":"28\/02\/2025","novedad":"1","paginas":"96","subtitulo":"","orden":"999","portada":"0","idioma":"spa","editorial":[{"ID":6194,"post_author":"3","post_date":"2022-07-28 17:46:55","post_date_gmt":"2022-07-28 15:46:55","post_content":"","post_title":"EDICE - Conf. Episc.","post_excerpt":"","post_status":"publish","comment_status":"closed","ping_status":"closed","post_password":"","post_name":"edice-conf-episc","to_ping":"","pinged":"","post_modified":"2022-07-28 17:46:55","post_modified_gmt":"2022-07-28 15:46:55","post_content_filtered":"","post_parent":0,"guid":"http:\/\/dev.claret.cat\/editorial\/edice-conf-episc\/","menu_order":0,"post_type":"editorial","post_mime_type":"","comment_count":"0","filter":"raw"}],"booktrailer":"","resenas":""},"aioseo_notices":[],"_links":{"self":[{"href":"https:\/\/www.claret.cat\/es\/wp-json\/wp\/v2\/product\/1008353","targetHints":{"allow":["GET"]}}],"collection":[{"href":"https:\/\/www.claret.cat\/es\/wp-json\/wp\/v2\/product"}],"about":[{"href":"https:\/\/www.claret.cat\/es\/wp-json\/wp\/v2\/types\/product"}],"wp:featuredmedia":[{"embeddable":true,"href":"https:\/\/www.claret.cat\/es\/wp-json\/wp\/v2\/media\/1013733"}],"wp:attachment":[{"href":"https:\/\/www.claret.cat\/es\/wp-json\/wp\/v2\/media?parent=1008353"}],"wp:term":[{"taxonomy":"product_brand","embeddable":true,"href":"https:\/\/www.claret.cat\/es\/wp-json\/wp\/v2\/product_brand?post=1008353"},{"taxonomy":"product_cat","embeddable":true,"href":"https:\/\/www.claret.cat\/es\/wp-json\/wp\/v2\/product_cat?post=1008353"},{"taxonomy":"product_tag","embeddable":true,"href":"https:\/\/www.claret.cat\/es\/wp-json\/wp\/v2\/product_tag?post=1008353"}],"curies":[{"name":"wp","href":"https:\/\/api.w.org\/{rel}","templated":true}]}}