{"id":1008380,"date":"2025-02-28T17:00:01","date_gmt":"2025-02-28T16:00:01","guid":{"rendered":"https:\/\/www.claret.cat\/llibre\/la-biblia-para-ninos-9788432168987\/"},"modified":"2025-03-03T12:16:25","modified_gmt":"2025-03-03T11:16:25","slug":"la-biblia-para-ninos-9788432168987","status":"publish","type":"product","link":"https:\/\/www.claret.cat\/es\/libro\/la-biblia-para-ninos-9788432168987\/","title":{"rendered":"LA BIBLIA PARA NI\u00d1OS"},"content":{"rendered":"<h3><strong>La Biblia en Im\u00e1genes: Un Viaje Ilustrado desde la Creaci\u00f3n hasta los Hechos de los Ap\u00f3stoles.<\/strong><\/h3>\n<p><strong>Descubre la historia sagrada como nunca antes<\/strong> con esta Biblia ilustrada, ideal para ni\u00f1os y familias. Escrita con un lenguaje claro y accesible por <strong>Jean-Fran\u00e7ois Kiefer, Christine Ponsard y Geert De Sutter<\/strong>, y acompa\u00f1ada de <strong>ilustraciones vibrantes y coloridas<\/strong>, esta obra cautivar\u00e1 a peque\u00f1os y grandes.<\/p>\n<p><strong>Caracter\u00edsticas destacadas:<\/strong><\/p>\n<p><strong>Narraci\u00f3n sencilla y envolvente<\/strong>, perfecta para ni\u00f1os.<\/p>\n<p><strong>Im\u00e1genes llamativas y detalladas<\/strong>, que facilitan la comprensi\u00f3n de los relatos b\u00edblicos.<\/p>\n<p><strong>Un recorrido completo<\/strong>, desde la Creaci\u00f3n hasta los Hechos de los Ap\u00f3stoles.<\/p>\n<p><strong>Ideal para leer en familia o de manera individual.<\/strong><\/p>\n","protected":false},"excerpt":{"rendered":"<p>SUTTER , GEERT DE  ; KIEFER, JEAN-FRAN\u00c7OIS ; PONSARD , CHRISTINE<\/p>\n","protected":false},"featured_media":1008538,"template":"","meta":{"_acf_changed":false,"om_disable_all_campaigns":false,"rs_blank_template":"","rs_page_bg_color":"","slide_template_v7":"","inline_featured_image":false,"_monsterinsights_skip_tracking":false,"_monsterinsights_sitenote_active":false,"_monsterinsights_sitenote_note":"","_monsterinsights_sitenote_category":0},"product_brand":[],"product_cat":[420,296],"product_tag":[],"class_list":{"0":"post-1008380","1":"product","2":"type-product","3":"status-publish","4":"has-post-thumbnail","6":"product_cat-biblias","7":"product_cat-biblies","9":"first","10":"instock","11":"taxable","12":"shipping-taxable","13":"purchasable","14":"product-type-simple"},"acf":{"autor":"SUTTER , GEERT DE  ; KIEFER, JEAN-FRAN\u00c7OIS ; PONSARD , CHRISTINE","codart":"843216898","libros-coleccion":"","ediciones":"1","encuadernacion":"Carton\u00e9","fecha_de_publicacion":"03\/03\/2025","novedad":"1","paginas":"256","subtitulo":"EN IM\u00c1GENES ","orden":"0","portada":"1","idioma":"spa","editorial":[{"ID":6348,"post_author":"3","post_date":"2022-07-28 17:50:16","post_date_gmt":"2022-07-28 15:50:16","post_content":"","post_title":"Rialp","post_excerpt":"","post_status":"publish","comment_status":"closed","ping_status":"closed","post_password":"","post_name":"rialp","to_ping":"","pinged":"","post_modified":"2022-07-28 17:50:16","post_modified_gmt":"2022-07-28 15:50:16","post_content_filtered":"","post_parent":0,"guid":"http:\/\/dev.claret.cat\/editorial\/rialp\/","menu_order":0,"post_type":"editorial","post_mime_type":"","comment_count":"0","filter":"raw"}]},"aioseo_notices":[],"_links":{"self":[{"href":"https:\/\/www.claret.cat\/es\/wp-json\/wp\/v2\/product\/1008380","targetHints":{"allow":["GET"]}}],"collection":[{"href":"https:\/\/www.claret.cat\/es\/wp-json\/wp\/v2\/product"}],"about":[{"href":"https:\/\/www.claret.cat\/es\/wp-json\/wp\/v2\/types\/product"}],"wp:featuredmedia":[{"embeddable":true,"href":"https:\/\/www.claret.cat\/es\/wp-json\/wp\/v2\/media\/1008538"}],"wp:attachment":[{"href":"https:\/\/www.claret.cat\/es\/wp-json\/wp\/v2\/media?parent=1008380"}],"wp:term":[{"taxonomy":"product_brand","embeddable":true,"href":"https:\/\/www.claret.cat\/es\/wp-json\/wp\/v2\/product_brand?post=1008380"},{"taxonomy":"product_cat","embeddable":true,"href":"https:\/\/www.claret.cat\/es\/wp-json\/wp\/v2\/product_cat?post=1008380"},{"taxonomy":"product_tag","embeddable":true,"href":"https:\/\/www.claret.cat\/es\/wp-json\/wp\/v2\/product_tag?post=1008380"}],"curies":[{"name":"wp","href":"https:\/\/api.w.org\/{rel}","templated":true}]}}