{"id":1008522,"date":"2025-03-03T12:00:18","date_gmt":"2025-03-03T11:00:18","guid":{"rendered":"https:\/\/www.claret.cat\/llibre\/la-nave-9788419293954\/"},"modified":"2025-03-03T12:05:06","modified_gmt":"2025-03-03T11:05:06","slug":"la-nave-9788419293954","status":"publish","type":"product","link":"https:\/\/www.claret.cat\/es\/libro\/la-nave-9788419293954\/","title":{"rendered":"LA NAVE"},"content":{"rendered":"<p>La Nave es una maravilla cient\u00edfica; pero es, sobre todo, una morada humana.<br \/> La Nave fue lanzada al espacio; pero no ha llegado a ninguna parte.<br \/> La Nave lleva setecientos a\u00f1os perdida en la inmensidad.<br \/> Los hombres que la crearon, lanzaron y gobernaron han muerto.<br \/> Han muerto tambi\u00e9n sus sucesores.<br \/> \u00bfQu\u00e9 les queda, entonces, a los habitantes de la Nave?<br \/> La nave te espera para partir rumbo a las estrellas<\/p>\n","protected":false},"excerpt":{"rendered":"<p>SALVADOR ESPESO, TOM\u00c1S<\/p>\n","protected":false},"featured_media":1008523,"template":"","meta":{"_acf_changed":false,"om_disable_all_campaigns":false,"rs_blank_template":"","rs_page_bg_color":"","slide_template_v7":"","inline_featured_image":false,"_monsterinsights_skip_tracking":false,"_monsterinsights_sitenote_active":false,"_monsterinsights_sitenote_note":"","_monsterinsights_sitenote_category":0},"product_brand":[],"product_cat":[127,357],"product_tag":[],"class_list":{"0":"post-1008522","1":"product","2":"type-product","3":"status-publish","4":"has-post-thumbnail","6":"product_cat-novella-contemporania","7":"product_cat-novela-contemporanea","9":"first","10":"instock","11":"taxable","12":"shipping-taxable","13":"purchasable","14":"product-type-simple"},"acf":{"autor":"SALVADOR ESPESO, TOM\u00c1S","codart":"841929395","libros-coleccion":"FORA DE COL.LECCI\u00d3","ediciones":"1","encuadernacion":"R\u00fastica","fecha_de_publicacion":"01\/01\/2025","novedad":"1","paginas":"300","subtitulo":"","orden":"0","portada":"0","idioma":"spa","editorial":[{"ID":147445,"post_author":"3","post_date":"2022-10-14 11:50:38","post_date_gmt":"2022-10-14 09:50:38","post_content":"","post_title":"APACHE","post_excerpt":"","post_status":"publish","comment_status":"closed","ping_status":"closed","post_password":"","post_name":"apache","to_ping":"","pinged":"","post_modified":"2022-10-14 11:50:38","post_modified_gmt":"2022-10-14 09:50:38","post_content_filtered":"","post_parent":0,"guid":"http:\/\/dev.claret.cat\/editorial\/apache\/","menu_order":0,"post_type":"editorial","post_mime_type":"","comment_count":"0","filter":"raw"}]},"aioseo_notices":[],"_links":{"self":[{"href":"https:\/\/www.claret.cat\/es\/wp-json\/wp\/v2\/product\/1008522","targetHints":{"allow":["GET"]}}],"collection":[{"href":"https:\/\/www.claret.cat\/es\/wp-json\/wp\/v2\/product"}],"about":[{"href":"https:\/\/www.claret.cat\/es\/wp-json\/wp\/v2\/types\/product"}],"wp:featuredmedia":[{"embeddable":true,"href":"https:\/\/www.claret.cat\/es\/wp-json\/wp\/v2\/media\/1008523"}],"wp:attachment":[{"href":"https:\/\/www.claret.cat\/es\/wp-json\/wp\/v2\/media?parent=1008522"}],"wp:term":[{"taxonomy":"product_brand","embeddable":true,"href":"https:\/\/www.claret.cat\/es\/wp-json\/wp\/v2\/product_brand?post=1008522"},{"taxonomy":"product_cat","embeddable":true,"href":"https:\/\/www.claret.cat\/es\/wp-json\/wp\/v2\/product_cat?post=1008522"},{"taxonomy":"product_tag","embeddable":true,"href":"https:\/\/www.claret.cat\/es\/wp-json\/wp\/v2\/product_tag?post=1008522"}],"curies":[{"name":"wp","href":"https:\/\/api.w.org\/{rel}","templated":true}]}}